{"id":2097,"date":"2025-05-03T05:22:23","date_gmt":"2025-05-03T05:22:23","guid":{"rendered":"https:\/\/habibimb.com\/?post_type=product&#038;p=2097"},"modified":"2025-05-15T07:32:03","modified_gmt":"2025-05-15T07:32:03","slug":"apa-de-parfum-yara-tous-by-lattafa-femei-100ml","status":"publish","type":"product","link":"https:\/\/habibimb.com\/en\/product\/apa-de-parfum-yara-tous-by-lattafa-femei-100ml\/","title":{"rendered":"Yara Tous, By Lattafa"},"content":{"rendered":"<h2>Descoperi\u021bi elegan\u021ba Yara Tous<\/h2>\n<p>P\u0103\u0219i\u021bi \u00eentr-o lume a rafinamentului \u0219i a farmecului cu <strong>Apa de Parfum Yara Tous<\/strong> de la Lattafa. Acest parfum rafinat \u00eencapsuleaz\u0103 esen\u021ba feminit\u0103\u021bii, f\u0103c\u00e2ndu-l alegerea perfect\u0103 pentru femeia modern\u0103. Conceput pentru purtarea zilnic\u0103 sau pentru ocazii speciale, Yara Tous ofer\u0103 o arom\u0103 captivant\u0103 care persist\u0103 frumos pe tot parcursul zilei.<\/p>\n<h2>Note de neuitat pentru fiecare ocazie<\/h2>\n<p>Parfumul Yara Tous se desf\u0103\u0219oar\u0103 cu un echilibru \u00eenc\u00e2nt\u0103tor de note de v\u00e2rf, mijloc \u0219i de baz\u0103. Pulverizarea ini\u021bial\u0103 dezv\u0103luie note fructate str\u0103lucitoare care trezesc sim\u021burile, trec\u00e2nd f\u0103r\u0103 probleme \u00een note florale de mijloc care eman\u0103 gra\u021bie \u0219i farmec. Pe m\u0103sur\u0103 ce parfumul se a\u0219eaz\u0103, notele de baz\u0103 mai profunde ofer\u0103 un final cald \u0219i de durat\u0103, care las\u0103 o impresie de neuitat. Indiferent dac\u0103 participa\u021bi la un eveniment formal sau v\u0103 bucura\u021bi de o zi casual, acest parfum v\u0103 va spori cu siguran\u021b\u0103 prezen\u021ba.<\/p>\n<h2>Design estetic \u0219i calitate<\/h2>\n<p>Ad\u0103postit \u00eentr-o sticl\u0103 frumos realizat\u0103, <strong>Apa de Parfum Yara Tous<\/strong> nu numai c\u0103 iese \u00een eviden\u021b\u0103 pe toalet\u0103, dar reflect\u0103 \u0219i esen\u021ba de \u00eenalt\u0103 calitate con\u021binut\u0103 \u00een interior. Designul elegant simbolizeaz\u0103 elegan\u021ba \u0219i rafinamentul, f\u0103c\u00e2ndu-l un cadou perfect pentru cei dragi sau un r\u0103sf\u0103\u021b pentru tine. Cu o capacitate generoas\u0103 de 100 ml, acest parfum v\u0103 asigur\u0103 c\u0103 ave\u021bi o cantitate ampl\u0103 pentru a v\u0103 r\u0103sf\u0103\u021ba cu parfumul s\u0103u luxos.<\/p>\n<p>\u00cembr\u0103\u021bi\u0219eaz\u0103-\u021bi farmecul interior cu acest parfum captivant \u0219i las\u0103-l s\u0103-\u021bi spun\u0103 povestea. Fie c\u0103 dori\u021bi s\u0103 st\u00e2rni\u021bi romantism sau pur \u0219i simplu dori\u021bi s\u0103 v\u0103 sim\u021bi\u021bi \u00eencrez\u0103tori, <strong>Apa de Parfum Yara Tous<\/strong> este un plus sublim pentru orice colec\u021bie de parfumuri. Longevitatea \u0219i silajul s\u0103u moderat asigur\u0103 c\u0103 parfumul este pl\u0103cut vizibil, dar nu cople\u0219itor, ating\u00e2nd echilibrul ideal pentru orice decor.<\/p>\n<p>\u00cembun\u0103t\u0103\u021be\u0219te-\u021bi rutina de zi cu zi cu farmecul sofisticat al Yara Tous de la Lattafa. Experimenta\u021bi frumuse\u021bea unui parfum care surprinde spiritul feminit\u0103\u021bii \u0219i elegan\u021bei \u00een fiecare pic\u0103tur\u0103.<\/p>","protected":false},"excerpt":{"rendered":"<p><strong>Note de v\u00e2rf:<\/strong>\u00a0Mango, Nuca de cocos, Fructul pasiunii;<\/p>\n<p><strong>Note de mijloc:<\/strong>\u00a0Iasomie, Heliotrop, Floare de portocal;<\/p>\n<p><strong>Note de baz\u0103:<\/strong>\u00a0Vanilie, Mosc, Cashmeran.<\/p>","protected":false},"featured_media":2099,"comment_status":"open","ping_status":"closed","template":"","meta":{"om_disable_all_campaigns":false,"_monsterinsights_skip_tracking":false,"_monsterinsights_sitenote_active":false,"_monsterinsights_sitenote_note":"","_monsterinsights_sitenote_category":0},"product_brand":[63],"product_cat":[56],"product_tag":[],"class_list":{"0":"post-2097","1":"product","2":"type-product","3":"status-publish","4":"has-post-thumbnail","6":"product_brand-lattafa","7":"product_cat-pentru-ea","9":"first","10":"instock","11":"shipping-taxable","12":"purchasable","13":"product-type-simple"},"aioseo_notices":[],"ct_brands":[{"id":63,"name":"Lattafa","slug":"lattafa"}],"_links":{"self":[{"href":"https:\/\/habibimb.com\/en\/wp-json\/wp\/v2\/product\/2097","targetHints":{"allow":["GET"]}}],"collection":[{"href":"https:\/\/habibimb.com\/en\/wp-json\/wp\/v2\/product"}],"about":[{"href":"https:\/\/habibimb.com\/en\/wp-json\/wp\/v2\/types\/product"}],"replies":[{"embeddable":true,"href":"https:\/\/habibimb.com\/en\/wp-json\/wp\/v2\/comments?post=2097"}],"wp:featuredmedia":[{"embeddable":true,"href":"https:\/\/habibimb.com\/en\/wp-json\/wp\/v2\/media\/2099"}],"wp:attachment":[{"href":"https:\/\/habibimb.com\/en\/wp-json\/wp\/v2\/media?parent=2097"}],"wp:term":[{"taxonomy":"product_brand","embeddable":true,"href":"https:\/\/habibimb.com\/en\/wp-json\/wp\/v2\/product_brand?post=2097"},{"taxonomy":"product_cat","embeddable":true,"href":"https:\/\/habibimb.com\/en\/wp-json\/wp\/v2\/product_cat?post=2097"},{"taxonomy":"product_tag","embeddable":true,"href":"https:\/\/habibimb.com\/en\/wp-json\/wp\/v2\/product_tag?post=2097"}],"curies":[{"name":"wp","href":"https:\/\/api.w.org\/{rel}","templated":true}]}}