{"id":2094,"date":"2025-05-03T05:20:30","date_gmt":"2025-05-03T05:20:30","guid":{"rendered":"https:\/\/habibimb.com\/?post_type=product&#038;p=2094"},"modified":"2026-03-12T09:19:04","modified_gmt":"2026-03-12T09:19:04","slug":"apa-de-parfum-yara-by-lattafa-femei-50ml","status":"publish","type":"product","link":"https:\/\/habibimb.com\/en\/product\/apa-de-parfum-yara-by-lattafa-femei-50ml\/","title":{"rendered":"Yara, By Lattafa"},"content":{"rendered":"<h2>Descoperi\u021bi farmecul Yara<\/h2>\n<p>P\u0103\u0219e\u0219te \u00eentr-o lume a elegan\u021bei \u0219i rafinamentului cu <strong>Apa de Parfum Yara<\/strong> de la Lattafa, special conceput\u0103 pentru femeile care \u00eentruchipeaz\u0103 puterea \u0219i feminitatea. Acest parfum izbitor este mai mult dec\u00e2t un simplu parfum; este o expresie a personalit\u0103\u021bii \u0219i o celebrare a individualismului. Cu o combina\u021bie echilibrat\u0103 de note florale \u0219i fructate, Yara promite s\u0103 lase o impresie de durat\u0103 \u0219i s\u0103-\u021bi sporeasc\u0103 farmecul.<\/p>\n<h2>Profil olfactiv<\/h2>\n<p>Yara se deschide cu o explozie vibrant\u0103 de fructe proaspete, cre\u00e2nd o prim\u0103 impresie revigorant\u0103 care \u00ee\u021bi energizeaz\u0103 spiritul. Aceast\u0103 introducere \u00een\u0103l\u021b\u0103toare se transform\u0103 gra\u021bios \u00eentr-o inim\u0103 plin\u0103 de flori \u00eenc\u00e2nt\u0103toare. Notele de iasomie \u0219i trandafir se amestec\u0103 frumos, oferind profunzime \u0219i elegan\u021b\u0103 parfumului. \u00cen cele din urm\u0103, se instaleaz\u0103 \u00eentr-o baz\u0103 cald\u0103 \u0219i reconfortant\u0103, care include chihlimbar atr\u0103g\u0103tor \u0219i mosc \u00eembietor. Acest amestec armonios face din <strong>Apa de Parfum Yara<\/strong> alegerea perfect\u0103 at\u00e2t pentru purtarea de zi cu zi, c\u00e2t \u0219i pentru ocaziile speciale.<\/p>\n<h2>Calitate durabil\u0103<\/h2>\n<p>Ceea ce diferen\u021biaz\u0103 Yara este longevitatea sa impresionant\u0103. Cu doar c\u00e2teva pulveriz\u0103ri, acest parfum te \u00eenv\u0103luie \u00een aura sa \u00eenc\u00e2nt\u0103toare care dureaz\u0103 toat\u0103 ziua. Sticla de 50 ml are un design elegant, \u00eentruchip\u00e2nd at\u00e2t stilul, c\u00e2t \u0219i func\u021bionalitatea, f\u0103c\u00e2ndu-l o completare uimitoare a colec\u021biei tale sau cadoul perfect pentru cineva special. Experimenta\u021bi farmecul captivant al <strong>Apa de Parfum Yara<\/strong> \u0219i l\u0103sa\u021bi nuan\u021bele sale \u00eenc\u00e2nt\u0103toare s\u0103 se desf\u0103\u0219oare, dezv\u0103luind noi straturi de complexitate pe m\u0103sur\u0103 ce ziua avanseaz\u0103.<\/p>\n<p>\u00centr-o lume a impresiilor trec\u0103toare, pune\u021bi-v\u0103 amprenta cu parfumul distinctiv al Yara. \u00cembr\u0103\u021bi\u0219eaz\u0103 frumuse\u021bea \u00eencrederii, a atrac\u021biei \u0219i a feminit\u0103\u021bii \u00eentr-o sticl\u0103. Fie c\u0103 este vorba de o ie\u0219ire casual sau de o sear\u0103 memorabil\u0103, acest parfum ridic\u0103 orice ocazie, permi\u021b\u00e2ndu-v\u0103 s\u0103 v\u0103 exprima\u021bi esen\u021ba unic\u0103. Dezl\u0103n\u021buie magia captivant\u0103 a <strong>Apa de Parfum Yara<\/strong> \u0219i \u00eenc\u00e2nt\u0103 pe to\u021bi cei din calea ta.<\/p>","protected":false},"excerpt":{"rendered":"<ul>\n<li>Note de varf: portocaliu, mandarina.<\/li>\n<li>Note de mijloc: note florale, trandafir.<\/li>\n<li>Note de baza: iasomie, note fresh, note florale.<\/li>\n<\/ul>","protected":false},"featured_media":2096,"comment_status":"open","ping_status":"closed","template":"","meta":{"om_disable_all_campaigns":false,"_monsterinsights_skip_tracking":false,"_monsterinsights_sitenote_active":false,"_monsterinsights_sitenote_note":"","_monsterinsights_sitenote_category":0},"product_brand":[63],"product_cat":[56],"product_tag":[],"class_list":{"0":"post-2094","1":"product","2":"type-product","3":"status-publish","4":"has-post-thumbnail","6":"product_brand-lattafa","7":"product_cat-pentru-ea","9":"first","10":"instock","11":"sale","12":"shipping-taxable","13":"purchasable","14":"product-type-simple"},"aioseo_notices":[],"ct_brands":[{"id":63,"name":"Lattafa","slug":"lattafa"}],"_links":{"self":[{"href":"https:\/\/habibimb.com\/en\/wp-json\/wp\/v2\/product\/2094","targetHints":{"allow":["GET"]}}],"collection":[{"href":"https:\/\/habibimb.com\/en\/wp-json\/wp\/v2\/product"}],"about":[{"href":"https:\/\/habibimb.com\/en\/wp-json\/wp\/v2\/types\/product"}],"replies":[{"embeddable":true,"href":"https:\/\/habibimb.com\/en\/wp-json\/wp\/v2\/comments?post=2094"}],"wp:featuredmedia":[{"embeddable":true,"href":"https:\/\/habibimb.com\/en\/wp-json\/wp\/v2\/media\/2096"}],"wp:attachment":[{"href":"https:\/\/habibimb.com\/en\/wp-json\/wp\/v2\/media?parent=2094"}],"wp:term":[{"taxonomy":"product_brand","embeddable":true,"href":"https:\/\/habibimb.com\/en\/wp-json\/wp\/v2\/product_brand?post=2094"},{"taxonomy":"product_cat","embeddable":true,"href":"https:\/\/habibimb.com\/en\/wp-json\/wp\/v2\/product_cat?post=2094"},{"taxonomy":"product_tag","embeddable":true,"href":"https:\/\/habibimb.com\/en\/wp-json\/wp\/v2\/product_tag?post=2094"}],"curies":[{"name":"wp","href":"https:\/\/api.w.org\/{rel}","templated":true}]}}