{"id":2091,"date":"2025-05-03T05:17:06","date_gmt":"2025-05-03T05:17:06","guid":{"rendered":"https:\/\/habibimb.com\/?post_type=product&#038;p=2091"},"modified":"2025-05-15T07:32:03","modified_gmt":"2025-05-15T07:32:03","slug":"apa-de-parfum-asad-zanzibar-by-lattafa-barbati-100ml","status":"publish","type":"product","link":"https:\/\/habibimb.com\/en\/product\/apa-de-parfum-asad-zanzibar-by-lattafa-barbati-100ml\/","title":{"rendered":"Asad Zanzibar, By Lattafa"},"content":{"rendered":"<h2>Experimenta\u021bi farmecul lui Asad Zanzibar<\/h2>\n<p>P\u0103\u0219i\u021bi \u00eentr-o lume a elegan\u021bei exotice cu Apa de Parfum Asad Zanzibar de la Lattafa. Acest parfum fin lucrat pentru b\u0103rba\u021bi \u00eencapsuleaz\u0103 spiritul frumosului arhipelag Zanzibar, transport\u00e2ndu-v\u0103 \u00eentr-un peisaj de o frumuse\u021be uluitoare \u0219i culturi vibrante. Conceput pentru b\u0103rbatul modern care apreciaz\u0103 rafinamentul \u0219i farmecul, Asad Zanzibar nu este doar un parfum; este o experien\u021b\u0103 care persist\u0103 \u0219i captiveaz\u0103.<\/p>\n<h2>Observ\u0103 c\u0103 Dazzle \u0219i Trapp<\/h2>\n<p>\u00cen centrul Asad Zanzibar se afl\u0103 o selec\u021bie atent selec\u021bionat\u0103 de note care se \u00eembin\u0103 perfect pentru a crea o palet\u0103 olfactiv\u0103 bogat\u0103. Parfumul se deschide cu o explozie de citrice r\u0103coritoare \u0219i note de v\u00e2rf fructate, oferind un sentiment imediat de vitalitate. Pe m\u0103sur\u0103 ce evolueaz\u0103, notele calde de mijloc dezv\u0103luie un amestec intrigant de condimente \u0219i note florale, \u00eenv\u0103luindu-te \u00eentr-un cocon de alur\u0103. \u00cen cele din urm\u0103, notele de baz\u0103 ofer\u0103 impresii de durat\u0103 de lemn \u0219i c\u0103ldur\u0103, asigur\u00e2ndu-se c\u0103 parfumul r\u0103m\u00e2ne cu tine pe tot parcursul zilei.<\/p>\n<h2>Perfect pentru orice ocazie<\/h2>\n<p>Fie c\u0103 este vorba de o zi casual, o sear\u0103 romantic\u0103 sau un cadru profesional, Apa de Parfum Asad Zanzibar este suficient de versatil pentru a completa orice ocazie. Profilul s\u0103u olfactiv durabil v\u0103 asigur\u0103 c\u0103 r\u0103m\u00e2ne\u021bi memorabil oriunde merge\u021bi. Prezentat \u00eentr-o sticl\u0103 elegant\u0103 de 100 ml, acest parfum este, de asemenea, perfect pentru cadou, f\u0103c\u00e2ndu-l o alegere ideal\u0103 pentru zile de na\u0219tere, anivers\u0103ri sau orice eveniment special.<\/p>\n<p>\u00cembr\u0103\u021bi\u0219eaz\u0103 aroma \u00eenc\u00e2nt\u0103toare a lui Asad Zanzibar \u0219i permite-i s\u0103-\u021bi ridice prezen\u021ba. \u00cembun\u0103t\u0103\u021be\u0219te-\u021bi colec\u021bia cu Apa de Parfum Asad Zanzibar de la Lattafa &#8211; o investi\u021bie \u00een lux care dep\u0103\u0219e\u0219te obi\u0219nuitul.<\/p>","protected":false},"excerpt":{"rendered":"<p><strong>Note de v\u00e2rf:<\/strong>\u00a0lavand\u0103, piper negru.<\/p>\n<p><strong>Note de mijloc<\/strong>:\u00a0cocos,\u00a0iris, sare.<\/p>\n<p><strong>Note de baz\u0103<\/strong>:\u00a0vanilie, t\u0103m\u00e2ie.<\/p>","protected":false},"featured_media":2093,"comment_status":"open","ping_status":"closed","template":"","meta":{"om_disable_all_campaigns":false,"_monsterinsights_skip_tracking":false,"_monsterinsights_sitenote_active":false,"_monsterinsights_sitenote_note":"","_monsterinsights_sitenote_category":0},"product_brand":[63],"product_cat":[55],"product_tag":[],"class_list":{"0":"post-2091","1":"product","2":"type-product","3":"status-publish","4":"has-post-thumbnail","6":"product_brand-lattafa","7":"product_cat-pentru-el","9":"first","10":"instock","11":"shipping-taxable","12":"purchasable","13":"product-type-simple"},"aioseo_notices":[],"ct_brands":[{"id":63,"name":"Lattafa","slug":"lattafa"}],"_links":{"self":[{"href":"https:\/\/habibimb.com\/en\/wp-json\/wp\/v2\/product\/2091","targetHints":{"allow":["GET"]}}],"collection":[{"href":"https:\/\/habibimb.com\/en\/wp-json\/wp\/v2\/product"}],"about":[{"href":"https:\/\/habibimb.com\/en\/wp-json\/wp\/v2\/types\/product"}],"replies":[{"embeddable":true,"href":"https:\/\/habibimb.com\/en\/wp-json\/wp\/v2\/comments?post=2091"}],"wp:featuredmedia":[{"embeddable":true,"href":"https:\/\/habibimb.com\/en\/wp-json\/wp\/v2\/media\/2093"}],"wp:attachment":[{"href":"https:\/\/habibimb.com\/en\/wp-json\/wp\/v2\/media?parent=2091"}],"wp:term":[{"taxonomy":"product_brand","embeddable":true,"href":"https:\/\/habibimb.com\/en\/wp-json\/wp\/v2\/product_brand?post=2091"},{"taxonomy":"product_cat","embeddable":true,"href":"https:\/\/habibimb.com\/en\/wp-json\/wp\/v2\/product_cat?post=2091"},{"taxonomy":"product_tag","embeddable":true,"href":"https:\/\/habibimb.com\/en\/wp-json\/wp\/v2\/product_tag?post=2091"}],"curies":[{"name":"wp","href":"https:\/\/api.w.org\/{rel}","templated":true}]}}