{"id":2088,"date":"2025-05-03T04:59:18","date_gmt":"2025-05-03T04:59:18","guid":{"rendered":"https:\/\/habibimb.com\/?post_type=product&#038;p=2088"},"modified":"2025-06-09T06:37:37","modified_gmt":"2025-06-09T06:37:37","slug":"apa-de-parfum-asad-by-lattafa-barbati-100ml","status":"publish","type":"product","link":"https:\/\/habibimb.com\/en\/product\/apa-de-parfum-asad-by-lattafa-barbati-100ml\/","title":{"rendered":"Asad, By Lattafa"},"content":{"rendered":"<h2>R\u0103sf\u0103\u021ba\u021bi-v\u0103 cu un parfum de neuitat<\/h2>\n<p>Descoperi\u021bi aroma captivant\u0103 a Apa de Parfum Asad de la Lattafa, creat\u0103 pentru b\u0103rbatul modern care apreciaz\u0103 rafinamentul. Acest parfum rafinat combin\u0103 note \u00eendr\u0103zne\u021be cu nuan\u021be subtile, f\u0103c\u00e2ndu-l o alegere perfect\u0103 pentru orice ocazie. Indiferent dac\u0103 participa\u021bi la un eveniment formal sau v\u0103 bucura\u021bi de o noapte informal\u0103, Asad v\u0103 ridic\u0103 prezen\u021ba \u0219i las\u0103 o impresie de durat\u0103.<\/p>\n<h2>Caracteristici cheie ale Apa de Parfum Asad<\/h2>\n<p>Apa de Parfum Asad se m\u00e2ndre\u0219te cu o compozi\u021bie rafinat\u0103 care prezint\u0103 un amestec armonios de ingrediente, rezult\u00e2nd un profil olfactiv captivant. Notele de v\u00e2rf introduc o deschidere proasp\u0103t\u0103 \u0219i vibrant\u0103, urmat\u0103 de o inim\u0103 care dezv\u0103luie o tapiserie bogat\u0103 de condimente \u0219i florale. \u00cen cele din urm\u0103, notele de baz\u0103 persist\u0103 cu c\u0103ldur\u0103 \u0219i profunzime, oferind o semn\u0103tur\u0103 de durat\u0103 care r\u0103m\u00e2ne cu tine pe tot parcursul zilei. Fiecare spray al acestui parfum luxos te \u00eenv\u0103luie \u00eentr-o aur\u0103 de \u00eencredere \u0219i farmec.<\/p>\n<h2>De ce s\u0103 alegi Apa de Parfum Asad?<\/h2>\n<p>Alegerea Apa de Parfum Asad \u00eenseamn\u0103 \u00eembr\u0103\u021bi\u0219area unui parfum care nu este doar un parfum pl\u0103cut, ci \u0219i o extensie a personalit\u0103\u021bii tale. Reflect\u0103 o leg\u0103tur\u0103 profund\u0103 cu calitatea \u0219i m\u0103iestria, asigur\u00e2ndu-v\u0103 c\u0103 purta\u021bi un parfum care rezoneaz\u0103 cu stilul dvs. Cu flaconul s\u0103u generos de 100 ml, acest parfum ofer\u0103 o purtare de lung\u0103 durat\u0103, f\u0103c\u00e2ndu-l un element de baz\u0103 \u00een colec\u021bia ta de parfumuri. Experimenta\u021bi m\u0103iestria Lattafa, un brand celebru pentru dedicarea sa de a crea parfumuri de lux care evoc\u0103 emo\u021bii \u0219i inspir\u0103 \u00eencredere.<\/p>","protected":false},"excerpt":{"rendered":"<ul class=\"c-pd-flavers__list\">\n<li class=\"c-pd-flavers__item\"><strong>Note varf<\/strong>ananas, piper negru, tabac<\/li>\n<li class=\"c-pd-flavers__item\"><strong>Note ascunse<\/strong>Iris\u00a0florentina, Patchouli, cafea<\/li>\n<li class=\"c-pd-flavers__item\"><strong>Note baza<\/strong>ambr\u0103, benzoin, labdanum, lemn uscat, vanilie<\/li>\n<\/ul>","protected":false},"featured_media":2090,"comment_status":"open","ping_status":"closed","template":"","meta":{"om_disable_all_campaigns":false,"_monsterinsights_skip_tracking":false,"_monsterinsights_sitenote_active":false,"_monsterinsights_sitenote_note":"","_monsterinsights_sitenote_category":0},"product_brand":[63],"product_cat":[55],"product_tag":[],"class_list":{"0":"post-2088","1":"product","2":"type-product","3":"status-publish","4":"has-post-thumbnail","6":"product_brand-lattafa","7":"product_cat-pentru-el","9":"first","10":"instock","11":"shipping-taxable","12":"purchasable","13":"product-type-simple"},"aioseo_notices":[],"ct_brands":[{"id":63,"name":"Lattafa","slug":"lattafa"}],"_links":{"self":[{"href":"https:\/\/habibimb.com\/en\/wp-json\/wp\/v2\/product\/2088","targetHints":{"allow":["GET"]}}],"collection":[{"href":"https:\/\/habibimb.com\/en\/wp-json\/wp\/v2\/product"}],"about":[{"href":"https:\/\/habibimb.com\/en\/wp-json\/wp\/v2\/types\/product"}],"replies":[{"embeddable":true,"href":"https:\/\/habibimb.com\/en\/wp-json\/wp\/v2\/comments?post=2088"}],"wp:featuredmedia":[{"embeddable":true,"href":"https:\/\/habibimb.com\/en\/wp-json\/wp\/v2\/media\/2090"}],"wp:attachment":[{"href":"https:\/\/habibimb.com\/en\/wp-json\/wp\/v2\/media?parent=2088"}],"wp:term":[{"taxonomy":"product_brand","embeddable":true,"href":"https:\/\/habibimb.com\/en\/wp-json\/wp\/v2\/product_brand?post=2088"},{"taxonomy":"product_cat","embeddable":true,"href":"https:\/\/habibimb.com\/en\/wp-json\/wp\/v2\/product_cat?post=2088"},{"taxonomy":"product_tag","embeddable":true,"href":"https:\/\/habibimb.com\/en\/wp-json\/wp\/v2\/product_tag?post=2088"}],"curies":[{"name":"wp","href":"https:\/\/api.w.org\/{rel}","templated":true}]}}