{"id":2085,"date":"2025-05-03T04:57:23","date_gmt":"2025-05-03T04:57:23","guid":{"rendered":"https:\/\/habibimb.com\/?post_type=product&#038;p=2085"},"modified":"2025-05-15T07:32:03","modified_gmt":"2025-05-15T07:32:03","slug":"apa-de-parfum-asad-bourbon-by-lattafa-barbati-100ml","status":"publish","type":"product","link":"https:\/\/habibimb.com\/en\/product\/apa-de-parfum-asad-bourbon-by-lattafa-barbati-100ml\/","title":{"rendered":"Asad Bourbon, By Lattafa"},"content":{"rendered":"<h2>Dezl\u0103n\u021buie-\u021bi sim\u021burile cu Asad Bourbon<\/h2>\n<p>Descoper\u0103 farmecul luxului cu Apa de Parfum Asad Bourbon de la Lattafa, un parfum rafinat conceput pentru b\u0103rbatul modern. Acest parfum captivant de 100 ml este creat de exper\u021bi pentru a oferi o arom\u0103 de neuitat, care rezoneaz\u0103 cu rafinament \u0219i farmec. Experimenteaz\u0103 amestecul perfect de note bogate care creeaz\u0103 un parfum de semn\u0103tur\u0103, diferen\u021biindu-te \u00een orice mediu.<\/p>\n<h2>Esen\u021ba elegan\u021bei<\/h2>\n<p>Asad Bourbon \u00eentruchipeaz\u0103 un sentiment de elegan\u021b\u0103 \u0219i \u00eencredere, f\u0103c\u00e2ndu-l potrivit pentru orice ocazie. Cu amestecul s\u0103u unic de condimente aromate \u0219i nuan\u021be lemnoase calde, acest parfum surprinde esen\u021ba rafinamentului. Notele de v\u00e2rf dezv\u0103luie o explozie r\u0103coritoare care intrig\u0103, trec\u00e2nd \u00eentr-o inim\u0103 care te \u00eenv\u0103luie c\u0103lduros cu aroma sa bogat\u0103 \u0219i primitoare. Notele de baz\u0103 persist\u0103 \u00eenc\u00e2nt\u0103tor, asigur\u00e2ndu-v\u0103 c\u0103 l\u0103sa\u021bi o impresie memorabil\u0103 oriunde merge\u021bi.<\/p>\n<h2>Perfect pentru fiecare moment<\/h2>\n<p>Aceast\u0103 ap\u0103 de parfum versatil\u0103 poate trece f\u0103r\u0103 efort de la o \u00eent\u00e2lnire de afaceri \u00een timpul zilei la o sear\u0103 casual cu prietenii. Formula de lung\u0103 durat\u0103 a lui Apa de Parfum Asad Bourbon asigur\u0103 c\u0103 parfumul t\u0103u r\u0103m\u00e2ne vibrant \u0219i eficient pe tot parcursul zilei, oferindu-\u021bi \u00eencredere la fiecare pas. Flaconul s\u0103u elegant \u0219i elegant de 100 ml adaug\u0103 o not\u0103 de elegan\u021b\u0103 colec\u021biei tale, f\u0103c\u00e2ndu-l nu doar un parfum, ci o pies\u0103 statement.<\/p>\n<p>Cufunda\u021bi-v\u0103 \u00een lumea Lattafa, unde fiecare sticl\u0103 este o dovad\u0103 a calit\u0103\u021bii \u0219i m\u0103iestriei. Parfumul Asad Bourbon este mai mult dec\u00e2t un simplu parfum; Este o experien\u021b\u0103 care \u00eentruchipeaz\u0103 puterea, farmecul \u0219i rafinamentul. R\u0103sf\u0103\u021ba\u021bi-v\u0103 cu un parfum care v\u0103 \u00eencapsuleaz\u0103 esen\u021ba unic\u0103 \u0219i v\u0103 las\u0103 o urm\u0103 de admira\u021bie.<\/p>","protected":false},"excerpt":{"rendered":"<p>Inspirat din Armani Stronger With\u00a0You<\/p>\n<p>&nbsp;<\/p>\n<ul class=\"c-pd-flavers__list\">\n<li class=\"c-pd-flavers__item\"><strong>Note varf: <\/strong>lavand\u0103, mirabelle, piper roz, prun\u0103<\/li>\n<li class=\"c-pd-flavers__item\"><strong>Note ascunse: <\/strong>cacao, davana, nuc\u015foar\u0103<\/li>\n<li class=\"c-pd-flavers__item\"><strong>Note baza: <\/strong>ambr\u0103, vanilie de Bourbon, vetiver<\/li>\n<\/ul>","protected":false},"featured_media":2087,"comment_status":"open","ping_status":"closed","template":"","meta":{"om_disable_all_campaigns":false,"_monsterinsights_skip_tracking":false,"_monsterinsights_sitenote_active":false,"_monsterinsights_sitenote_note":"","_monsterinsights_sitenote_category":0},"product_brand":[63],"product_cat":[55],"product_tag":[],"class_list":{"0":"post-2085","1":"product","2":"type-product","3":"status-publish","4":"has-post-thumbnail","6":"product_brand-lattafa","7":"product_cat-pentru-el","9":"first","10":"instock","11":"shipping-taxable","12":"purchasable","13":"product-type-simple"},"aioseo_notices":[],"ct_brands":[{"id":63,"name":"Lattafa","slug":"lattafa"}],"_links":{"self":[{"href":"https:\/\/habibimb.com\/en\/wp-json\/wp\/v2\/product\/2085","targetHints":{"allow":["GET"]}}],"collection":[{"href":"https:\/\/habibimb.com\/en\/wp-json\/wp\/v2\/product"}],"about":[{"href":"https:\/\/habibimb.com\/en\/wp-json\/wp\/v2\/types\/product"}],"replies":[{"embeddable":true,"href":"https:\/\/habibimb.com\/en\/wp-json\/wp\/v2\/comments?post=2085"}],"wp:featuredmedia":[{"embeddable":true,"href":"https:\/\/habibimb.com\/en\/wp-json\/wp\/v2\/media\/2087"}],"wp:attachment":[{"href":"https:\/\/habibimb.com\/en\/wp-json\/wp\/v2\/media?parent=2085"}],"wp:term":[{"taxonomy":"product_brand","embeddable":true,"href":"https:\/\/habibimb.com\/en\/wp-json\/wp\/v2\/product_brand?post=2085"},{"taxonomy":"product_cat","embeddable":true,"href":"https:\/\/habibimb.com\/en\/wp-json\/wp\/v2\/product_cat?post=2085"},{"taxonomy":"product_tag","embeddable":true,"href":"https:\/\/habibimb.com\/en\/wp-json\/wp\/v2\/product_tag?post=2085"}],"curies":[{"name":"wp","href":"https:\/\/api.w.org\/{rel}","templated":true}]}}