{"id":2082,"date":"2025-05-03T04:54:59","date_gmt":"2025-05-03T04:54:59","guid":{"rendered":"https:\/\/habibimb.com\/?post_type=product&#038;p=2082"},"modified":"2025-05-15T07:32:03","modified_gmt":"2025-05-15T07:32:03","slug":"apa-de-parfum-qimmah-men-by-lattafa-barbati-100ml","status":"publish","type":"product","link":"https:\/\/habibimb.com\/en\/product\/apa-de-parfum-qimmah-men-by-lattafa-barbati-100ml\/","title":{"rendered":"Qimmah Men, By Lattafa"},"content":{"rendered":"<h2>Experimenteaz\u0103 esen\u021ba Qimmah<\/h2>\n<p>Descoperi\u021bi alura captivant\u0103 a Apa de Parfum Qimmah Men de la Lattafa, un parfum conceput pentru b\u0103rbatul modern care pre\u021buie\u0219te rafinamentul \u0219i unicitatea. Acest parfum rafinat, oferit \u00eentr-o sticl\u0103 generoas\u0103 de 100 ml, v\u0103 invit\u0103 s\u0103 v\u0103 ad\u00e2nci\u021bi \u00eentr-o lume de note bogate \u0219i aromate, care \u00eentruchipeaz\u0103 \u00eencrederea \u0219i carisma.<\/p>\n<h2>Note care inspir\u0103 \u0219i intrig\u0103<\/h2>\n<p>Parfumul se deschide cu o explozie revigorant\u0103 de note de v\u00e2rf de citrice, cre\u00e2nd o experien\u021b\u0103 energizant\u0103 \u0219i \u00een\u0103l\u021b\u0103toare. Pe m\u0103sur\u0103 ce parfumul evolueaz\u0103, vei fi \u00eenv\u0103luit de o inim\u0103 tentant\u0103 de note florale \u0219i picante, perfect echilibrate pentru a \u00eentruchipa esen\u021ba masculinit\u0103\u021bii. \u00cen cele din urm\u0103, notele de baz\u0103 ofer\u0103 o prezen\u021b\u0103 cald\u0103 \u0219i de durat\u0103, cu lemn bogat \u0219i nuan\u021be cremoase, l\u0103s\u00e2nd o impresie de durat\u0103 mult timp dup\u0103 ce a\u021bi p\u0103r\u0103sit camera.<\/p>\n<h2>Perfect pentru orice ocazie<\/h2>\n<p>Fie c\u0103 te \u00eendrep\u021bi spre o \u00eent\u00e2lnire important\u0103, un eveniment special sau pur \u0219i simplu te bucuri de o zi \u00een ora\u0219, Apa de Parfum Qimmah Men este alegerea ideal\u0103 pentru a-\u021bi ridica prezen\u021ba. Profilul s\u0103u olfactiv versatil \u00eel face potrivit pentru orice moment al zilei \u0219i pentru orice anotimp. \u00cembr\u0103\u021bi\u0219eaz\u0103 acest parfum sofisticat \u0219i las\u0103-l s\u0103 devin\u0103 o parte esen\u021bial\u0103 a rutinei tale zilnice, \u00eembun\u0103t\u0103\u021bindu-\u021bi stilul \u0219i \u00eencrederea cu fiecare pulverizare.<\/p>\n<p>\u00cen concluzie, Apa de Parfum Qimmah Men de la Lattafa nu este doar un parfum; Este o extensie a personalit\u0103\u021bii tale, conceput\u0103 pentru b\u0103rbatul care \u00eendr\u0103zne\u0219te s\u0103 se exprime prin miros captivant. \u00cembun\u0103t\u0103\u021be\u0219te-\u021bi colec\u021bia de parfumuri ast\u0103zi \u0219i las\u0103 Qimmah s\u0103-\u021bi \u00eemputerniceasc\u0103 prezen\u021ba cu farmecul s\u0103u atemporal.<\/p>","protected":false},"excerpt":{"rendered":"<p>Note de v\u00e2rf: oud, ambr\u0103, lemn de cedru<\/p>\n<p>Note de mijloc: lavand\u0103, r\u0103\u0219ini, salvie, rozmarin<\/p>\n<p>Note de baz\u0103: patchouli, vetiver, oud<\/p>\n<p>&nbsp;<\/p>","protected":false},"featured_media":2084,"comment_status":"open","ping_status":"closed","template":"","meta":{"om_disable_all_campaigns":false,"_monsterinsights_skip_tracking":false,"_monsterinsights_sitenote_active":false,"_monsterinsights_sitenote_note":"","_monsterinsights_sitenote_category":0},"product_brand":[63],"product_cat":[55],"product_tag":[],"class_list":{"0":"post-2082","1":"product","2":"type-product","3":"status-publish","4":"has-post-thumbnail","6":"product_brand-lattafa","7":"product_cat-pentru-el","9":"first","10":"instock","11":"shipping-taxable","12":"purchasable","13":"product-type-simple"},"aioseo_notices":[],"ct_brands":[{"id":63,"name":"Lattafa","slug":"lattafa"}],"_links":{"self":[{"href":"https:\/\/habibimb.com\/en\/wp-json\/wp\/v2\/product\/2082","targetHints":{"allow":["GET"]}}],"collection":[{"href":"https:\/\/habibimb.com\/en\/wp-json\/wp\/v2\/product"}],"about":[{"href":"https:\/\/habibimb.com\/en\/wp-json\/wp\/v2\/types\/product"}],"replies":[{"embeddable":true,"href":"https:\/\/habibimb.com\/en\/wp-json\/wp\/v2\/comments?post=2082"}],"wp:featuredmedia":[{"embeddable":true,"href":"https:\/\/habibimb.com\/en\/wp-json\/wp\/v2\/media\/2084"}],"wp:attachment":[{"href":"https:\/\/habibimb.com\/en\/wp-json\/wp\/v2\/media?parent=2082"}],"wp:term":[{"taxonomy":"product_brand","embeddable":true,"href":"https:\/\/habibimb.com\/en\/wp-json\/wp\/v2\/product_brand?post=2082"},{"taxonomy":"product_cat","embeddable":true,"href":"https:\/\/habibimb.com\/en\/wp-json\/wp\/v2\/product_cat?post=2082"},{"taxonomy":"product_tag","embeddable":true,"href":"https:\/\/habibimb.com\/en\/wp-json\/wp\/v2\/product_tag?post=2082"}],"curies":[{"name":"wp","href":"https:\/\/api.w.org\/{rel}","templated":true}]}}