{"id":2079,"date":"2025-05-03T04:51:45","date_gmt":"2025-05-03T04:51:45","guid":{"rendered":"https:\/\/habibimb.com\/?post_type=product&#038;p=2079"},"modified":"2026-01-30T07:55:01","modified_gmt":"2026-01-30T07:55:01","slug":"confidential-platinum-by-lattafa-barbati-100ml","status":"publish","type":"product","link":"https:\/\/habibimb.com\/en\/product\/confidential-platinum-by-lattafa-barbati-100ml\/","title":{"rendered":"Confidential Platinum, By Lattafa"},"content":{"rendered":"<h2>R\u0103sf\u0103\u021ba\u021bi-v\u0103 cu o lume a elegan\u021bei<\/h2>\n<p>Descoperi\u021bi esen\u021ba rafinamentului cu <strong>Confidential Platinum<\/strong> de la Lattafa. Aceast\u0103 ap\u0103 de parfum rafinat\u0103 ofer\u0103 un parfum captivant care rezoneaz\u0103 cu \u00eencredere \u0219i alur\u0103. Perfect pentru cei care apreciaz\u0103 luxul, acest parfum este un plus perfect pentru colec\u021bia dvs., conceput pentru a v\u0103 \u00eembun\u0103t\u0103\u021bi experien\u021ba de zi cu zi.<\/p>\n<h2>Un parfum pentru fiecare ocazie<\/h2>\n<p>Notele lemnoase \u0219i florale ale <strong>Confidential Platinum<\/strong> lucreaz\u0103 armonios pentru a crea un parfum unic. Cu compozi\u021bia sa bogat\u0103, acest parfum este potrivit at\u00e2t pentru purtarea zilei, c\u00e2t \u0219i pentru \u00eent\u00e2lnirile de sear\u0103. Amestecul remarcabil de citrice proaspete \u0219i condimente calde capteaz\u0103 aten\u021bia f\u0103r\u0103 a cople\u0219i sim\u021burile, f\u0103c\u00e2ndu-l o alegere ideal\u0103 pentru evenimente sociale, medii profesionale sau \u00eent\u00e2lniri intime.<\/p>\n<h2>Ingrediente de \u00eenalt\u0103 calitate pentru o impresie de durat\u0103<\/h2>\n<p>Creat cu grij\u0103 meticuloas\u0103, <strong>Confidential Platinum<\/strong> folose\u0219te doar cele mai bune ingrediente. Flaconul de 100 ml promite o experien\u021b\u0103 de parfum de lung\u0103 durat\u0103, care persist\u0103 pe tot parcursul zilei. Bucur\u0103-te de complimente \u0219i admira\u021bie pe m\u0103sur\u0103 ce notele subtile evolueaz\u0103, oferind un parfum r\u0103coritor, dar cald, care spune multe despre gusturile \u0219i stilul t\u0103u personal.<\/p>\n<p>Pe scurt, dac\u0103 sunte\u021bi \u00een c\u0103utarea unui parfum de semn\u0103tur\u0103 care \u00eentruchipeaz\u0103 luxul \u0219i rafinamentul, nu c\u0103uta\u021bi mai departe dec\u00e2t <strong>Confidential Platinum de la Lattafa<\/strong>. Acest parfum nu este doar un parfum; este o expresie a personalit\u0103\u021bii \u0219i elegan\u021bei cuiva.<\/p>","protected":false},"excerpt":{"rendered":"<p>Note de v\u00e2rf: bergamot\u0103, ceai verde<\/p>\n<p>Note de mijloc: orris, ambr\u0103<\/p>\n<p>Note de baz\u0103: patchouli, lemn de santal<\/p>","protected":false},"featured_media":2081,"comment_status":"open","ping_status":"closed","template":"","meta":{"om_disable_all_campaigns":false,"_monsterinsights_skip_tracking":false,"_monsterinsights_sitenote_active":false,"_monsterinsights_sitenote_note":"","_monsterinsights_sitenote_category":0},"product_brand":[63],"product_cat":[55],"product_tag":[],"class_list":{"0":"post-2079","1":"product","2":"type-product","3":"status-publish","4":"has-post-thumbnail","6":"product_brand-lattafa","7":"product_cat-pentru-el","9":"first","10":"outofstock","11":"shipping-taxable","12":"purchasable","13":"product-type-simple"},"aioseo_notices":[],"ct_brands":[{"id":63,"name":"Lattafa","slug":"lattafa"}],"_links":{"self":[{"href":"https:\/\/habibimb.com\/en\/wp-json\/wp\/v2\/product\/2079","targetHints":{"allow":["GET"]}}],"collection":[{"href":"https:\/\/habibimb.com\/en\/wp-json\/wp\/v2\/product"}],"about":[{"href":"https:\/\/habibimb.com\/en\/wp-json\/wp\/v2\/types\/product"}],"replies":[{"embeddable":true,"href":"https:\/\/habibimb.com\/en\/wp-json\/wp\/v2\/comments?post=2079"}],"wp:featuredmedia":[{"embeddable":true,"href":"https:\/\/habibimb.com\/en\/wp-json\/wp\/v2\/media\/2081"}],"wp:attachment":[{"href":"https:\/\/habibimb.com\/en\/wp-json\/wp\/v2\/media?parent=2079"}],"wp:term":[{"taxonomy":"product_brand","embeddable":true,"href":"https:\/\/habibimb.com\/en\/wp-json\/wp\/v2\/product_brand?post=2079"},{"taxonomy":"product_cat","embeddable":true,"href":"https:\/\/habibimb.com\/en\/wp-json\/wp\/v2\/product_cat?post=2079"},{"taxonomy":"product_tag","embeddable":true,"href":"https:\/\/habibimb.com\/en\/wp-json\/wp\/v2\/product_tag?post=2079"}],"curies":[{"name":"wp","href":"https:\/\/api.w.org\/{rel}","templated":true}]}}