{"id":2076,"date":"2025-05-03T04:49:04","date_gmt":"2025-05-03T04:49:04","guid":{"rendered":"https:\/\/habibimb.com\/?post_type=product&#038;p=2076"},"modified":"2025-05-15T07:31:55","modified_gmt":"2025-05-15T07:31:55","slug":"confidential-private-gold-by-lattafa-femei-100ml","status":"publish","type":"product","link":"https:\/\/habibimb.com\/en\/product\/confidential-private-gold-by-lattafa-femei-100ml\/","title":{"rendered":"Confidential Private Gold, By Lattafa"},"content":{"rendered":"<h2>Descoper\u0103 parfumul t\u0103u de semn\u0103tur\u0103<\/h2>\n<p>Dezv\u0103luie farmecul Confidential Private Gold de la Lattafa, un parfum de lux conceput exclusiv pentru femei. \u00centruchip\u00e2nd elegan\u021b\u0103 \u0219i rafinament, acest parfum de 100 ml te poart\u0103 \u00eentr-o c\u0103l\u0103torie senzorial\u0103 plin\u0103 de note bogate \u0219i captivante. Perfect pentru orice ocazie, adaug\u0103 o not\u0103 de rafinament vie\u021bii tale de zi cu zi sau momentelor speciale.<\/p>\n<h2>O compozi\u021bie parfumat\u0103 unic\u0103<\/h2>\n<p>Confidential Private Gold este un amestec \u00eenc\u00e2nt\u0103tor care armonizeaz\u0103 elementele florale, fructate \u0219i lemnoase. Notele sale de v\u00e2rf introduc o explozie r\u0103coritoare de citrice \u0219i fructe de p\u0103dure, captiv\u00e2ndu-\u021bi sim\u021burile imediat. Pe m\u0103sur\u0103 ce parfumul se dezvolt\u0103, notele de inim\u0103 de iasomie delicat\u0103 \u0219i vanilie dulce ridic\u0103 experien\u021ba, \u00eenv\u0103luindu-te \u00eentr-o \u00eembr\u0103\u021bi\u0219are m\u0103t\u0103soas\u0103. Notele de baz\u0103 de lemn de santal \u0219i mosc ofer\u0103 profunzime \u0219i c\u0103ldur\u0103, asigur\u00e2nd o impresie de durat\u0103 care persist\u0103 frumos.<\/p>\n<h2>De ce s\u0103 alege\u021bi Confidential Private Gold?<\/h2>\n<p>Alegerea Confidential Private Gold \u00eenseamn\u0103 mai mult dec\u00e2t selectarea unui parfum; este vorba despre \u00eembr\u0103\u021bi\u0219area unui stil de via\u021b\u0103 de lux. Fiecare spritz \u00ee\u021bi \u00eembun\u0103t\u0103\u021be\u0219te aura, l\u0103s\u00e2nd \u00een urm\u0103 o urm\u0103 de elegan\u021b\u0103 care vorbe\u0219te despre personalitatea ta. Ideal at\u00e2t pentru zi, c\u00e2t \u0219i pentru noapte, acest parfum promoveaz\u0103 \u00eencrederea \u0219i farmecul, f\u0103c\u00e2ndu-te s\u0103 te sim\u021bi \u00eemputernicit oriunde te-ai duce. Cu ambalajul s\u0103u elegant \u0219i designul uimitor, este, de asemenea, un cadou perfect pentru ocazii speciale.<\/p>\n<p>\u00cembun\u0103t\u0103\u021be\u0219te-\u021bi colec\u021bia de parfumuri cu Confidential Private Gold de la Lattafa. Experimenteaz\u0103 amestecul unic care nu numai c\u0103 \u00ee\u021bi completeaz\u0103 esen\u021ba unic\u0103, dar \u00eei captiveaz\u0103 \u0219i pe cei din jurul t\u0103u. R\u0103sf\u0103\u021ba\u021bi-v\u0103 cu notele luxoase care v\u0103 vor men\u021bine proasp\u0103t \u0219i vibrant pe tot parcursul zilei.<\/p>","protected":false},"excerpt":{"rendered":"<p>Note de v\u00e2rf: piersic\u0103, par\u0103, zmeur\u0103, coacaze negre, fructul pasiunii<\/p>\n<p>Note de mijloc: l\u0103cr\u0103mioare<\/p>\n<p>Note de baz\u0103: vanilie, lemn de santal, paciuli, heliotrop, mosc<\/p>","protected":false},"featured_media":2078,"comment_status":"open","ping_status":"closed","template":"","meta":{"om_disable_all_campaigns":false,"_monsterinsights_skip_tracking":false,"_monsterinsights_sitenote_active":false,"_monsterinsights_sitenote_note":"","_monsterinsights_sitenote_category":0},"product_brand":[63],"product_cat":[56],"product_tag":[],"class_list":{"0":"post-2076","1":"product","2":"type-product","3":"status-publish","4":"has-post-thumbnail","6":"product_brand-lattafa","7":"product_cat-pentru-ea","9":"first","10":"outofstock","11":"shipping-taxable","12":"purchasable","13":"product-type-simple"},"aioseo_notices":[],"ct_brands":[{"id":63,"name":"Lattafa","slug":"lattafa"}],"_links":{"self":[{"href":"https:\/\/habibimb.com\/en\/wp-json\/wp\/v2\/product\/2076","targetHints":{"allow":["GET"]}}],"collection":[{"href":"https:\/\/habibimb.com\/en\/wp-json\/wp\/v2\/product"}],"about":[{"href":"https:\/\/habibimb.com\/en\/wp-json\/wp\/v2\/types\/product"}],"replies":[{"embeddable":true,"href":"https:\/\/habibimb.com\/en\/wp-json\/wp\/v2\/comments?post=2076"}],"wp:featuredmedia":[{"embeddable":true,"href":"https:\/\/habibimb.com\/en\/wp-json\/wp\/v2\/media\/2078"}],"wp:attachment":[{"href":"https:\/\/habibimb.com\/en\/wp-json\/wp\/v2\/media?parent=2076"}],"wp:term":[{"taxonomy":"product_brand","embeddable":true,"href":"https:\/\/habibimb.com\/en\/wp-json\/wp\/v2\/product_brand?post=2076"},{"taxonomy":"product_cat","embeddable":true,"href":"https:\/\/habibimb.com\/en\/wp-json\/wp\/v2\/product_cat?post=2076"},{"taxonomy":"product_tag","embeddable":true,"href":"https:\/\/habibimb.com\/en\/wp-json\/wp\/v2\/product_tag?post=2076"}],"curies":[{"name":"wp","href":"https:\/\/api.w.org\/{rel}","templated":true}]}}