{"id":2073,"date":"2025-05-03T04:46:09","date_gmt":"2025-05-03T04:46:09","guid":{"rendered":"https:\/\/habibimb.com\/?post_type=product&#038;p=2073"},"modified":"2026-03-12T08:50:49","modified_gmt":"2026-03-12T08:50:49","slug":"apa-de-parfum-signatures-no-1-maison-alhambra-unisex-50ml","status":"publish","type":"product","link":"https:\/\/habibimb.com\/en\/product\/apa-de-parfum-signatures-no-1-maison-alhambra-unisex-50ml\/","title":{"rendered":"Signatures No. 1, Maison Alhambra"},"content":{"rendered":"<h2>Descoper\u0103 esen\u021ba elegan\u021bei<\/h2>\n<p>R\u0103sf\u0103\u021ba\u021bi-v\u0103 cu aroma captivant\u0103 a <strong>Apa de Parfum Signatures No. 1<\/strong> de la Maison Alhambra. Acest parfum unisex este conceput pentru cei care apreciaz\u0103 lucrurile fine din via\u021b\u0103, combin\u00e2nd note sofisticate care flirteaz\u0103 cu sim\u021burile. Dimensiunea sa de 50 ml \u00eel face perfect pentru purtarea zilnic\u0103 sau pentru ocazii speciale, permi\u021b\u00e2ndu-v\u0103 s\u0103 v\u0103 exprima\u021bi personalitatea unic\u0103 cu fiecare pulverizare.<\/p>\n<h2>Noti\u021be care spun multe<\/h2>\n<p>O capodoper\u0103 \u00een lumea parfumeriei, <strong>Apa de Parfum Signatures No. 1<\/strong> prezint\u0103 un amestec armonios de note florale, fructate \u0219i lemnoase. Notele de v\u00e2rf tenteaz\u0103 cu note de citrice \u0219i dulcea\u021b\u0103, dezv\u0103luind treptat o inim\u0103 bogat\u0103 \u00een flori delicate. Pe m\u0103sur\u0103 ce se a\u0219eaz\u0103 pe piele, apar note calde de baz\u0103, \u00eenv\u0103luindu-te \u00eentr-un parfum rafinat care las\u0103 o impresie de durat\u0103. Aceast\u0103 compozi\u021bie unic\u0103 \u00eel asigur\u0103 s\u0103 ias\u0103 \u00een eviden\u021b\u0103, f\u0103c\u00e2ndu-l parfumul perfect pentru oricine.<\/p>\n<h2>Creat pentru to\u021bi<\/h2>\n<p>Una dintre caracteristicile remarcabile ale <strong>Apa de Parfum Signatures No. 1<\/strong> este versatilitatea sa. Conceput ca un parfum unisex, atrage un public larg, f\u0103c\u00e2ndu-l o alegere excelent\u0103 de cadou sau un r\u0103sf\u0103\u021b personal. Fie c\u0103 te \u00eembraci pentru o ie\u0219ire \u00een ora\u0219 sau cau\u021bi un parfum r\u0103coritor pentru o zi casual, acest parfum se adapteaz\u0103 f\u0103r\u0103 efort la orice decor, permi\u021b\u00e2ndu-\u021bi s\u0103 te sim\u021bi \u00eencrez\u0103tor \u0219i revigorat. Experimenteaz\u0103 acest parfum \u00eenc\u00e2nt\u0103tor \u0219i \u00eembun\u0103t\u0103\u021be\u0219te-\u021bi colec\u021bia de parfumuri.<\/p>","protected":false},"excerpt":{"rendered":"<p><strong>Note de v\u00e2rf:<\/strong>\u00a0Sofran, Bergamota, Grapefruit;<\/p>\n<p><strong>Note de mijloc:<\/strong> Trandafir, Muscata, Iasomie;<\/p>\n<p><strong>Note de baz\u0103:<\/strong>\u00a0Lemn de santal, Paciuli, Ambra, Vanilie, Mosc.<\/p>","protected":false},"featured_media":2075,"comment_status":"open","ping_status":"closed","template":"","meta":{"om_disable_all_campaigns":false,"_monsterinsights_skip_tracking":false,"_monsterinsights_sitenote_active":false,"_monsterinsights_sitenote_note":"","_monsterinsights_sitenote_category":0},"product_brand":[87],"product_cat":[57],"product_tag":[],"class_list":{"0":"post-2073","1":"product","2":"type-product","3":"status-publish","4":"has-post-thumbnail","6":"product_brand-maison-alhambra","7":"product_cat-unisex","9":"first","10":"instock","11":"sale","12":"shipping-taxable","13":"purchasable","14":"product-type-simple"},"aioseo_notices":[],"ct_brands":[{"id":87,"name":"Maison Alhambra","slug":"maison-alhambra"}],"_links":{"self":[{"href":"https:\/\/habibimb.com\/en\/wp-json\/wp\/v2\/product\/2073","targetHints":{"allow":["GET"]}}],"collection":[{"href":"https:\/\/habibimb.com\/en\/wp-json\/wp\/v2\/product"}],"about":[{"href":"https:\/\/habibimb.com\/en\/wp-json\/wp\/v2\/types\/product"}],"replies":[{"embeddable":true,"href":"https:\/\/habibimb.com\/en\/wp-json\/wp\/v2\/comments?post=2073"}],"wp:featuredmedia":[{"embeddable":true,"href":"https:\/\/habibimb.com\/en\/wp-json\/wp\/v2\/media\/2075"}],"wp:attachment":[{"href":"https:\/\/habibimb.com\/en\/wp-json\/wp\/v2\/media?parent=2073"}],"wp:term":[{"taxonomy":"product_brand","embeddable":true,"href":"https:\/\/habibimb.com\/en\/wp-json\/wp\/v2\/product_brand?post=2073"},{"taxonomy":"product_cat","embeddable":true,"href":"https:\/\/habibimb.com\/en\/wp-json\/wp\/v2\/product_cat?post=2073"},{"taxonomy":"product_tag","embeddable":true,"href":"https:\/\/habibimb.com\/en\/wp-json\/wp\/v2\/product_tag?post=2073"}],"curies":[{"name":"wp","href":"https:\/\/api.w.org\/{rel}","templated":true}]}}