{"id":2070,"date":"2025-05-03T04:41:17","date_gmt":"2025-05-03T04:41:17","guid":{"rendered":"https:\/\/habibimb.com\/?post_type=product&#038;p=2070"},"modified":"2025-05-15T07:31:55","modified_gmt":"2025-05-15T07:31:55","slug":"apa-de-parfum-oud-fazza-ard-al-zaafaran-unisex-100ml","status":"publish","type":"product","link":"https:\/\/habibimb.com\/en\/product\/apa-de-parfum-oud-fazza-ard-al-zaafaran-unisex-100ml\/","title":{"rendered":"Oud Fazza, Ard Al Zaafaran"},"content":{"rendered":"<h2>Experimenta\u021bi esen\u021ba luxului<\/h2>\n<p>Descoper\u0103 aroma captivant\u0103 a Apa de Parfum Oud Fazza, un parfum unisex sofisticat creat de Ard Al Zaafaran. Aceast\u0103 sticl\u0103 de 100 ml \u00eencapsuleaz\u0103 un amestec armonios de note rafinate, concepute pentru a v\u0103 scoate \u00een eviden\u021b\u0103 elegan\u021ba interioar\u0103. Potrivit at\u00e2t pentru b\u0103rba\u021bi, c\u00e2t \u0219i pentru femei, Oud Fazza prezint\u0103 o oportunitate de a exprima individualitatea \u00een timp ce te bucuri de farmecul luxului.<\/p>\n<h2>Note care \u00eenc\u00e2nt\u0103<\/h2>\n<p>Oud Fazza se deschide cu note de v\u00e2rf revigorante care trezesc sim\u021burile, preg\u0103tind scena pentru o c\u0103l\u0103torie olfactiv\u0103 memorabil\u0103. Pe m\u0103sur\u0103 ce parfumul evolueaz\u0103, inima dezv\u0103luie un buchet bogat de note florale \u0219i picante, cre\u00e2nd un echilibru care ademene\u0219te \u0219i persist\u0103 pe piele. \u00cen cele din urm\u0103, notele de baz\u0103 ofer\u0103 un finisaj cald, lemnos, eviden\u021biind oud semn\u0103tur\u0103 care confer\u0103 acestui parfum profunzimea \u0219i longevitatea. Fiecare spray te transport\u0103 \u00eentr-un t\u0103r\u00e2m exotic \u00een care rafinamentul \u00eent\u00e2lne\u0219te pasiunea.<\/p>\n<h2>De ce s\u0103 alegi Oud Fazza?<\/h2>\n<p>Ard Al Zaafaran este renumit pentru parfumurile sale de \u00eenalt\u0103 calitate, iar Oud Fazza nu face excep\u021bie. Atractivitatea sa unisex \u00eel face un plus versatil pentru colec\u021bia ta de parfumuri, ideal pentru zi sau noapte. Fie c\u0103 participa\u021bi la un eveniment formal sau v\u0103 bucura\u021bi de o ie\u0219ire casual, acest parfum v\u0103 \u00eembun\u0103t\u0103\u021be\u0219te prezen\u021ba cu o not\u0103 de opulen\u021b\u0103. Flaconul de 100 ml nu numai c\u0103 v\u0103 asigur\u0103 suficient parfum pentru a rezista, dar vine \u0219i \u00eentr-un design elegant \u0219i elegant, care \u00eel face un accesoriu uimitor pentru orice vanitate.<\/p>\n<p>R\u0103sf\u0103\u021ba\u021bi-v\u0103 cu lumea parfumurilor luxoase cu Apa de Parfum Oud Fazza. Ridic\u0103-\u021bi jocul de parfumuri \u0219i \u00eembr\u0103\u021bi\u0219eaz\u0103 farmecul \u00eenc\u00e2nt\u0103tor al acestui parfum unisex captivant ast\u0103zi!<\/p>","protected":false},"excerpt":{"rendered":"<ul>\n<li><b>Note de varf:<\/b>\u00a0vanilie si oud;<\/li>\n<li><b>Note de mijloc:<\/b>\u00a0lemn de santal si note amarui;<\/li>\n<li><b>Note de baza:<\/b>\u00a0mosc, ambra si oud.<\/li>\n<\/ul>","protected":false},"featured_media":2072,"comment_status":"open","ping_status":"closed","template":"","meta":{"om_disable_all_campaigns":false,"_monsterinsights_skip_tracking":false,"_monsterinsights_sitenote_active":false,"_monsterinsights_sitenote_note":"","_monsterinsights_sitenote_category":0},"product_brand":[64],"product_cat":[57],"product_tag":[],"class_list":{"0":"post-2070","1":"product","2":"type-product","3":"status-publish","4":"has-post-thumbnail","6":"product_brand-ard-al-zaafaran","7":"product_cat-unisex","9":"first","10":"instock","11":"shipping-taxable","12":"purchasable","13":"product-type-simple"},"aioseo_notices":[],"ct_brands":[{"id":64,"name":"Ard Al Zaafaran","slug":"ard-al-zaafaran"}],"_links":{"self":[{"href":"https:\/\/habibimb.com\/en\/wp-json\/wp\/v2\/product\/2070","targetHints":{"allow":["GET"]}}],"collection":[{"href":"https:\/\/habibimb.com\/en\/wp-json\/wp\/v2\/product"}],"about":[{"href":"https:\/\/habibimb.com\/en\/wp-json\/wp\/v2\/types\/product"}],"replies":[{"embeddable":true,"href":"https:\/\/habibimb.com\/en\/wp-json\/wp\/v2\/comments?post=2070"}],"wp:featuredmedia":[{"embeddable":true,"href":"https:\/\/habibimb.com\/en\/wp-json\/wp\/v2\/media\/2072"}],"wp:attachment":[{"href":"https:\/\/habibimb.com\/en\/wp-json\/wp\/v2\/media?parent=2070"}],"wp:term":[{"taxonomy":"product_brand","embeddable":true,"href":"https:\/\/habibimb.com\/en\/wp-json\/wp\/v2\/product_brand?post=2070"},{"taxonomy":"product_cat","embeddable":true,"href":"https:\/\/habibimb.com\/en\/wp-json\/wp\/v2\/product_cat?post=2070"},{"taxonomy":"product_tag","embeddable":true,"href":"https:\/\/habibimb.com\/en\/wp-json\/wp\/v2\/product_tag?post=2070"}],"curies":[{"name":"wp","href":"https:\/\/api.w.org\/{rel}","templated":true}]}}