{"id":2067,"date":"2025-05-03T04:39:12","date_gmt":"2025-05-03T04:39:12","guid":{"rendered":"https:\/\/habibimb.com\/?post_type=product&#038;p=2067"},"modified":"2025-05-15T07:31:55","modified_gmt":"2025-05-15T07:31:55","slug":"apa-de-parfum-forever-silver-ard-al-zaafaran-unisex-100ml","status":"publish","type":"product","link":"https:\/\/habibimb.com\/en\/product\/apa-de-parfum-forever-silver-ard-al-zaafaran-unisex-100ml\/","title":{"rendered":"Forever Silver, Ard Al Zaafaran"},"content":{"rendered":"<h2>Dezv\u0103luie esen\u021ba Forever Silver<\/h2>\n<p>Descoper\u0103 un parfum care \u00eencapsuleaz\u0103 elegan\u021b\u0103 \u0219i rafinament cu Apa de Parfum Forever Silver de Ard Al Zaafaran. Acest parfum unisex rafinat este conceput pentru persoanele care apreciaz\u0103 lucrurile fine din via\u021b\u0103 \u0219i caut\u0103 un parfum care rezoneaz\u0103 cu personalitatea lor unic\u0103. Sticla de 100 ml este perfect\u0103 pentru cei care doresc s\u0103 se r\u0103sfe\u021be cu luxul \u00een fiecare zi, f\u0103c\u00e2ndu-l un plus obligatoriu pentru colec\u021bia dvs.<\/p>\n<h2>Note care captiveaz\u0103<\/h2>\n<p>Forever Silver se deschide cu un amestec vibrant de note de citrice r\u0103coritoare care trezesc sim\u021burile \u0219i revigoreaz\u0103 spiritul. Pe m\u0103sur\u0103 ce parfumul se desf\u0103\u0219oar\u0103, apar note de inim\u0103 de buchete florale delicate, cre\u00e2nd un echilibru armonios care vorbe\u0219te at\u00e2t aventurosului, c\u00e2t \u0219i romanticului. \u00cen cele din urm\u0103, notele de baz\u0103 completeaz\u0103 parfumul cu o nuan\u021b\u0103 cald\u0103, lemnoas\u0103, l\u0103s\u00e2nd o impresie de durat\u0103 care persist\u0103 frumos pe tot parcursul zilei. Acest amestec atent realizat v\u0103 asigur\u0103 c\u0103 ie\u0219i\u021bi \u00een eviden\u021b\u0103, indiferent de ocazie.<\/p>\n<h2>De ce s\u0103 alegi Forever Silver?<\/h2>\n<p>Acest parfum unisex nu este doar un parfum; este o experien\u021b\u0103. Ideal at\u00e2t pentru b\u0103rba\u021bi, c\u00e2t \u0219i pentru femei, Forever Silver se adapteaz\u0103 chimiei purt\u0103torului, f\u0103c\u00e2ndu-l o alegere versatil\u0103 pentru oricine. Forma sa de lung\u0103 durat\u0103 \u00eenseamn\u0103 c\u0103 v\u0103 bucura\u021bi de parfumul captivant de diminea\u021ba p\u00e2n\u0103 seara, perfect pentru orice, de la ie\u0219iri casual la evenimente formale. Fie c\u0103 oferi\u021bi acest parfum uimitor sau v\u0103 r\u0103sf\u0103\u021ba\u021bi, Apa de Parfum Forever Silver este o alegere care reflect\u0103 un gust exigent \u0219i o pasiune pentru calitate.<\/p>","protected":false},"excerpt":{"rendered":"<p><strong>Note de varf:\u00a0<\/strong>Capsuni, Aloe Vera, Cassis<br \/>\n<strong>Note de mijloc:<\/strong>\u00a0Iasomie, Floare de portocal, Sola<br \/>\n<strong>Note de baza:<\/strong>\u00a0Mosc, Paciuli, Lemn de santal<\/p>","protected":false},"featured_media":2069,"comment_status":"open","ping_status":"closed","template":"","meta":{"om_disable_all_campaigns":false,"_monsterinsights_skip_tracking":false,"_monsterinsights_sitenote_active":false,"_monsterinsights_sitenote_note":"","_monsterinsights_sitenote_category":0},"product_brand":[64],"product_cat":[57],"product_tag":[],"class_list":{"0":"post-2067","1":"product","2":"type-product","3":"status-publish","4":"has-post-thumbnail","6":"product_brand-ard-al-zaafaran","7":"product_cat-unisex","9":"first","10":"instock","11":"shipping-taxable","12":"purchasable","13":"product-type-simple"},"aioseo_notices":[],"ct_brands":[{"id":64,"name":"Ard Al Zaafaran","slug":"ard-al-zaafaran"}],"_links":{"self":[{"href":"https:\/\/habibimb.com\/en\/wp-json\/wp\/v2\/product\/2067","targetHints":{"allow":["GET"]}}],"collection":[{"href":"https:\/\/habibimb.com\/en\/wp-json\/wp\/v2\/product"}],"about":[{"href":"https:\/\/habibimb.com\/en\/wp-json\/wp\/v2\/types\/product"}],"replies":[{"embeddable":true,"href":"https:\/\/habibimb.com\/en\/wp-json\/wp\/v2\/comments?post=2067"}],"wp:featuredmedia":[{"embeddable":true,"href":"https:\/\/habibimb.com\/en\/wp-json\/wp\/v2\/media\/2069"}],"wp:attachment":[{"href":"https:\/\/habibimb.com\/en\/wp-json\/wp\/v2\/media?parent=2067"}],"wp:term":[{"taxonomy":"product_brand","embeddable":true,"href":"https:\/\/habibimb.com\/en\/wp-json\/wp\/v2\/product_brand?post=2067"},{"taxonomy":"product_cat","embeddable":true,"href":"https:\/\/habibimb.com\/en\/wp-json\/wp\/v2\/product_cat?post=2067"},{"taxonomy":"product_tag","embeddable":true,"href":"https:\/\/habibimb.com\/en\/wp-json\/wp\/v2\/product_tag?post=2067"}],"curies":[{"name":"wp","href":"https:\/\/api.w.org\/{rel}","templated":true}]}}