{"id":2064,"date":"2025-05-03T04:37:43","date_gmt":"2025-05-03T04:37:43","guid":{"rendered":"https:\/\/habibimb.com\/?post_type=product&#038;p=2064"},"modified":"2025-05-15T07:31:55","modified_gmt":"2025-05-15T07:31:55","slug":"apa-de-parfum-forever-gold-ard-al-zaafaran-unisex-100ml","status":"publish","type":"product","link":"https:\/\/habibimb.com\/en\/product\/apa-de-parfum-forever-gold-ard-al-zaafaran-unisex-100ml\/","title":{"rendered":"Forever Gold, Ard Al Zaafaran"},"content":{"rendered":"<h2>Treze\u0219te-\u021bi sim\u021burile<\/h2>\n<p>V\u0103 prezent\u0103m Apa de Parfum Forever Gold de la Ard Al Zaafaran, un parfum remarcabil creat pentru cei care apreciaz\u0103 rafinamentul \u0219i elegan\u021ba. Acest parfum unisex \u00eentruchipeaz\u0103 esen\u021ba luxului cu aroma sa captivant\u0103, f\u0103c\u00e2ndu-l o alegere perfect\u0103 pentru orice ocazie, fie c\u0103 este vorba de o sear\u0103 intim\u0103 sau de o zi antrenant\u0103. Cufund\u0103-te \u00eentr-un parfum care este at\u00e2t atemporal, c\u00e2t \u0219i contemporan, permi\u021b\u00e2ndu-\u021bi personalit\u0103\u021bii s\u0103 str\u0103luceasc\u0103 cu fiecare pulverizare.<\/p>\n<h2>Profilul parfumului<\/h2>\n<p>Parfumul Forever Gold dezv\u0103luie o tapiserie bogat\u0103 de note care se armonizeaz\u0103 perfect pentru a crea o experien\u021b\u0103 olfactiv\u0103 de neuitat. \u00cen partea de sus, ve\u021bi descoperi note de citrice proaspete \u0219i vibrante care v\u0103 revigoreaz\u0103 \u0219i v\u0103 trezesc sim\u021burile. Pe m\u0103sur\u0103 ce parfumul evolueaz\u0103, apar note de inim\u0103 de esen\u021b\u0103 floral\u0103 rafinat\u0103, \u00eempletindu-se perfect cu note subtile de dulcea\u021b\u0103. \u00cen cele din urm\u0103, notele de baz\u0103 dezv\u0103luie un fond de ten cald, p\u0103m\u00e2ntesc, l\u0103s\u00e2nd o impresie de durat\u0103 care persist\u0103 \u00eenc\u00e2nt\u0103tor pe tot parcursul zilei. Acest amestec unic asigur\u0103 c\u0103 Forever Gold nu este doar un parfum, ci o declara\u021bie de individualitate.<\/p>\n<h2>Perfect pentru fiecare moment<\/h2>\n<p>Fie c\u0103 te \u00eembraci pentru un eveniment special sau pur \u0219i simplu \u00eembr\u0103\u021bi\u0219ezi bucuriile vie\u021bii de zi cu zi, Apa de Parfum Forever Gold este \u00eenso\u021bitorul ideal. Versatilitatea sa \u00eel face potrivit pentru oricine, indiferent de sex, iar sticla de 100 ml este conceput\u0103 pentru a asigura o utilizare de lung\u0103 durat\u0103. Experimenteaz\u0103 cum o atingere a acestui parfum rafinat \u00ee\u021bi poate cre\u0219te \u00eencrederea \u0219i \u00ee\u021bi poate \u00eembun\u0103t\u0103\u021bi starea de spirit, f\u0103c\u00e2ndu-l o parte indispensabil\u0103 a rutinei tale zilnice.<\/p>\n<p>Acest parfum unisex nu numai c\u0103 exemplific\u0103 luxul, dar celebreaz\u0103 \u0219i diversitatea, invit\u00e2nd pe toat\u0103 lumea s\u0103-\u0219i exploreze \u0219i s\u0103-\u0219i exprime identitatea unic\u0103. Spune-\u021bi adio obi\u0219nuitului \u0219i \u00eembr\u0103\u021bi\u0219eaz\u0103 extraordinarul cu Forever Gold. Disponibil acum, este timpul s\u0103 v\u0103 \u00eembun\u0103t\u0103\u021bi\u021bi colec\u021bia de parfumuri cu acest parfum excep\u021bional de la Ard Al Zaafaran. Descoper\u0103 magia parfumului care transcende grani\u021bele tradi\u021bionale \u0219i f\u0103 din Forever Gold o parte a pove\u0219tii tale ast\u0103zi!<\/p>","protected":false},"excerpt":{"rendered":"<p><strong>Note de varf:\u00a0<\/strong>fistic, alune, coacaze negre<br \/>\n<strong>Note de mijloc:\u00a0<\/strong>bujor, lacramioare, iasomie, zmeura<br \/>\n<strong>Note de baza:\u00a0<\/strong>vanilie, boabe de tonka<\/p>","protected":false},"featured_media":2066,"comment_status":"open","ping_status":"closed","template":"","meta":{"om_disable_all_campaigns":false,"_monsterinsights_skip_tracking":false,"_monsterinsights_sitenote_active":false,"_monsterinsights_sitenote_note":"","_monsterinsights_sitenote_category":0},"product_brand":[64],"product_cat":[57],"product_tag":[],"class_list":{"0":"post-2064","1":"product","2":"type-product","3":"status-publish","4":"has-post-thumbnail","6":"product_brand-ard-al-zaafaran","7":"product_cat-unisex","9":"first","10":"instock","11":"shipping-taxable","12":"purchasable","13":"product-type-simple"},"aioseo_notices":[],"ct_brands":[{"id":64,"name":"Ard Al Zaafaran","slug":"ard-al-zaafaran"}],"_links":{"self":[{"href":"https:\/\/habibimb.com\/en\/wp-json\/wp\/v2\/product\/2064","targetHints":{"allow":["GET"]}}],"collection":[{"href":"https:\/\/habibimb.com\/en\/wp-json\/wp\/v2\/product"}],"about":[{"href":"https:\/\/habibimb.com\/en\/wp-json\/wp\/v2\/types\/product"}],"replies":[{"embeddable":true,"href":"https:\/\/habibimb.com\/en\/wp-json\/wp\/v2\/comments?post=2064"}],"wp:featuredmedia":[{"embeddable":true,"href":"https:\/\/habibimb.com\/en\/wp-json\/wp\/v2\/media\/2066"}],"wp:attachment":[{"href":"https:\/\/habibimb.com\/en\/wp-json\/wp\/v2\/media?parent=2064"}],"wp:term":[{"taxonomy":"product_brand","embeddable":true,"href":"https:\/\/habibimb.com\/en\/wp-json\/wp\/v2\/product_brand?post=2064"},{"taxonomy":"product_cat","embeddable":true,"href":"https:\/\/habibimb.com\/en\/wp-json\/wp\/v2\/product_cat?post=2064"},{"taxonomy":"product_tag","embeddable":true,"href":"https:\/\/habibimb.com\/en\/wp-json\/wp\/v2\/product_tag?post=2064"}],"curies":[{"name":"wp","href":"https:\/\/api.w.org\/{rel}","templated":true}]}}