{"id":2053,"date":"2025-05-03T04:35:37","date_gmt":"2025-05-03T04:35:37","guid":{"rendered":"https:\/\/habibimb.com\/?post_type=product&#038;p=2053"},"modified":"2025-05-15T07:31:55","modified_gmt":"2025-05-15T07:31:55","slug":"apa-de-parfum-fakhar-al-oud-the-white-oud-ard-al-zaafaran-unisex-100ml","status":"publish","type":"product","link":"https:\/\/habibimb.com\/en\/product\/apa-de-parfum-fakhar-al-oud-the-white-oud-ard-al-zaafaran-unisex-100ml\/","title":{"rendered":"Fakhar Al Oud The White Oud, Ard Al Zaafaran"},"content":{"rendered":"<h2>Experimenta\u021bi o elegan\u021b\u0103 de neegalat<\/h2>\n<p>V\u0103 prezent\u0103m Apa de Parfum Fakhar Al Oud The White Oud by Ard Al Zaafaran, un parfum de lux conceput at\u00e2t pentru b\u0103rba\u021bi, c\u00e2t \u0219i pentru femei. Acest parfum rafinat \u00eentruchipeaz\u0103 esen\u021ba elegan\u021bei \u0219i rafinamentului, f\u0103c\u00e2ndu-l completarea perfect\u0103 pentru orice colec\u021bie de parfumuri. Cu atrac\u021bia sa unisex, acest parfum de 100 ml v\u0103 invit\u0103 s\u0103 v\u0103 r\u0103sf\u0103\u021ba\u021bi cu o c\u0103l\u0103torie de \u00eenc\u00e2ntare aromatic\u0103 care transcende grani\u021bele conven\u021bionale.<\/p>\n<h2>Note care captiveaz\u0103<\/h2>\n<p>Oud alb se deschide cu o explozie vibrant\u0103 de note proaspete, \u00eembin\u00e2nd armonios nuan\u021be citrice cu flori delicate. Pe m\u0103sur\u0103 ce parfumul evolueaz\u0103, apar note profunde \u0219i bogate de oud, cre\u00e2nd o inim\u0103 cald\u0103 \u0219i captivant\u0103 care te \u00eenv\u0103luie \u00eentr-o \u00eembr\u0103\u021bi\u0219are atr\u0103g\u0103toare. Notele de baz\u0103 de mosc \u0219i ambr\u0103 ofer\u0103 profunzime de durat\u0103, asigur\u00e2nd c\u0103 acest parfum las\u0103 o impresie de neuitat. Fie c\u0103 este purtat pentru ocazii speciale sau aventuri zilnice, Fakhar Al Oud promite s\u0103 ofere o experien\u021b\u0103 \u00eenc\u00e2nt\u0103toare cu fiecare pulverizare.<\/p>\n<h2>Calitate \u0219i m\u0103iestrie<\/h2>\n<p>Fabricat cu ingrediente de cea mai \u00eenalt\u0103 calitate, Apa de Parfum Fakhar Al Oud The White Oud prezint\u0103 m\u0103iestria de neegalat pentru care Ard Al Zaafaran este renumit. Aten\u021bia la detalii din formul\u0103 asigur\u0103 un parfum de lung\u0103 durat\u0103, at\u00e2t \u00eendr\u0103zne\u021b, c\u00e2t \u0219i rafinat. Ambalajul elegant \u0219i elegant reflect\u0103 esen\u021ba luxoas\u0103 con\u021binut\u0103 \u00een interior, f\u0103c\u00e2ndu-l un cadou ideal pentru tine sau pentru o persoan\u0103 drag\u0103. \u00cembun\u0103t\u0103\u021be\u0219te-\u021bi jocul de parfumuri \u0219i las\u0103 parfumul fermec\u0103tor al lui Fakhar Al Oud s\u0103 fie semn\u0103tura ta.<\/p>","protected":false},"excerpt":{"rendered":"<p><strong>Note predominante:<\/strong>\u00a0Citrice, Mosc.<\/p>","protected":false},"featured_media":2063,"comment_status":"open","ping_status":"closed","template":"","meta":{"om_disable_all_campaigns":false,"_monsterinsights_skip_tracking":false,"_monsterinsights_sitenote_active":false,"_monsterinsights_sitenote_note":"","_monsterinsights_sitenote_category":0},"product_brand":[64],"product_cat":[57],"product_tag":[],"class_list":{"0":"post-2053","1":"product","2":"type-product","3":"status-publish","4":"has-post-thumbnail","6":"product_brand-ard-al-zaafaran","7":"product_cat-unisex","9":"first","10":"instock","11":"shipping-taxable","12":"purchasable","13":"product-type-simple"},"aioseo_notices":[],"ct_brands":[{"id":64,"name":"Ard Al Zaafaran","slug":"ard-al-zaafaran"}],"_links":{"self":[{"href":"https:\/\/habibimb.com\/en\/wp-json\/wp\/v2\/product\/2053","targetHints":{"allow":["GET"]}}],"collection":[{"href":"https:\/\/habibimb.com\/en\/wp-json\/wp\/v2\/product"}],"about":[{"href":"https:\/\/habibimb.com\/en\/wp-json\/wp\/v2\/types\/product"}],"replies":[{"embeddable":true,"href":"https:\/\/habibimb.com\/en\/wp-json\/wp\/v2\/comments?post=2053"}],"wp:featuredmedia":[{"embeddable":true,"href":"https:\/\/habibimb.com\/en\/wp-json\/wp\/v2\/media\/2063"}],"wp:attachment":[{"href":"https:\/\/habibimb.com\/en\/wp-json\/wp\/v2\/media?parent=2053"}],"wp:term":[{"taxonomy":"product_brand","embeddable":true,"href":"https:\/\/habibimb.com\/en\/wp-json\/wp\/v2\/product_brand?post=2053"},{"taxonomy":"product_cat","embeddable":true,"href":"https:\/\/habibimb.com\/en\/wp-json\/wp\/v2\/product_cat?post=2053"},{"taxonomy":"product_tag","embeddable":true,"href":"https:\/\/habibimb.com\/en\/wp-json\/wp\/v2\/product_tag?post=2053"}],"curies":[{"name":"wp","href":"https:\/\/api.w.org\/{rel}","templated":true}]}}