{"id":2050,"date":"2025-05-03T04:08:50","date_gmt":"2025-05-03T04:08:50","guid":{"rendered":"https:\/\/habibimb.com\/?post_type=product&#038;p=2050"},"modified":"2025-05-15T07:31:55","modified_gmt":"2025-05-15T07:31:55","slug":"apa-de-parfum-al-qubah-ard-al-zaafaran-femei-100ml","status":"publish","type":"product","link":"https:\/\/habibimb.com\/en\/product\/apa-de-parfum-al-qubah-ard-al-zaafaran-femei-100ml\/","title":{"rendered":"Al Qubah, Ard Al Zaafaran"},"content":{"rendered":"<h2>Dezl\u0103n\u021buie-\u021bi elegan\u021ba interioar\u0103<\/h2>\n<p>Experimenta\u021bi alura captivant\u0103 a Apa de Parfum Al Qubah de Ard Al Zaafaran, un parfum conceput pentru femeile care apreciaz\u0103 elegan\u021ba \u0219i rafinamentul. Cu un amestec armonios de note florale \u0219i orientale, aceast\u0103 sticl\u0103 de 100 ml este mai mult dec\u00e2t un simplu parfum; Este o expresie a identit\u0103\u021bii tale, un parfum care \u00eentruchipeaz\u0103 gra\u021bia \u0219i farmecul.<\/p>\n<h2>Note care \u00eenc\u00e2nt\u0103<\/h2>\n<p>Parfumul se deschide cu un buchet de note florale \u00eenc\u00e2nt\u0103toare care creeaz\u0103 o impresie imediat\u0103 de prospe\u021bime \u0219i vibra\u021bie. Pe m\u0103sur\u0103 ce evolueaz\u0103, ve\u021bi sim\u021bi notele de inim\u0103 care \u00eembin\u0103 arome bogate \u0219i rafinate, sporindu-i profunzimea \u0219i complexitatea. \u00cen cele din urm\u0103, notele de baz\u0103 ofer\u0103 un final cald \u0219i persistent care te \u00eenv\u0103luie \u00eentr-o aur\u0103 de senzualitate. Fie c\u0103 este vorba de o ocazie special\u0103 sau de o elegan\u021b\u0103 de zi cu zi, Apa de Parfum Al Qubah este \u00eenso\u021bitorul ideal.<\/p>\n<h2>Partenerul t\u0103u suprem de parfum<\/h2>\n<p>Perfect pentru femeia modern\u0103, acest parfum rafinat este creat pentru a persista pe tot parcursul zilei, adapt\u00e2ndu-se la chimia unic\u0103 a pielii tale. Pe m\u0103sur\u0103 ce parfumul se desf\u0103\u0219oar\u0103, acesta prezint\u0103 diversele fa\u021bete ale personalit\u0103\u021bii tale, f\u0103c\u00e2ndu-l un plus versatil pentru colec\u021bia ta de parfumuri. Bucur\u0103-te de \u00eencrederea care vine cu un parfum sofisticat care iese \u00een eviden\u021b\u0103 \u00een orice mediu.<\/p>\n<p>Calitatea se \u00eent\u00e2lne\u0219te cu accesibilitatea cu Apa de Parfum Al Qubah. Odat\u0103 ce experimenta\u021bi aroma sa \u00eenc\u00e2nt\u0103toare, v\u0103 va fi greu s\u0103 v\u0103 \u00eentoarce\u021bi la parfumurile conven\u021bionale. Ridica\u021bi-v\u0103 jocul de parfumuri ast\u0103zi \u0219i l\u0103sa\u021bi-v\u0103 prezen\u021ba s\u0103 fie de neuitat cu acest parfum uimitor de la Ard Al Zaafaran.<\/p>","protected":false},"excerpt":{"rendered":"<p><strong>Note de v\u00e2rf:<\/strong>\u00a0Bergamota, Grapefruit, Lavanda, Sofran, Salvie;<\/p>\n<p><strong>Note de mijloc:<\/strong>\u00a0Brad Balsamic, Geranium, Ananas, Note de piele;<\/p>\n<p><strong>Note de baz\u0103:<\/strong>\u00a0Lemn de cedru, Mosc, Muschi de stejar, Patchouli, Vetiver.<\/p>","protected":false},"featured_media":2052,"comment_status":"open","ping_status":"closed","template":"","meta":{"om_disable_all_campaigns":false,"_monsterinsights_skip_tracking":false,"_monsterinsights_sitenote_active":false,"_monsterinsights_sitenote_note":"","_monsterinsights_sitenote_category":0},"product_brand":[64],"product_cat":[56],"product_tag":[],"class_list":{"0":"post-2050","1":"product","2":"type-product","3":"status-publish","4":"has-post-thumbnail","6":"product_brand-ard-al-zaafaran","7":"product_cat-pentru-ea","9":"first","10":"instock","11":"shipping-taxable","12":"purchasable","13":"product-type-simple"},"aioseo_notices":[],"ct_brands":[{"id":64,"name":"Ard Al Zaafaran","slug":"ard-al-zaafaran"}],"_links":{"self":[{"href":"https:\/\/habibimb.com\/en\/wp-json\/wp\/v2\/product\/2050","targetHints":{"allow":["GET"]}}],"collection":[{"href":"https:\/\/habibimb.com\/en\/wp-json\/wp\/v2\/product"}],"about":[{"href":"https:\/\/habibimb.com\/en\/wp-json\/wp\/v2\/types\/product"}],"replies":[{"embeddable":true,"href":"https:\/\/habibimb.com\/en\/wp-json\/wp\/v2\/comments?post=2050"}],"wp:featuredmedia":[{"embeddable":true,"href":"https:\/\/habibimb.com\/en\/wp-json\/wp\/v2\/media\/2052"}],"wp:attachment":[{"href":"https:\/\/habibimb.com\/en\/wp-json\/wp\/v2\/media?parent=2050"}],"wp:term":[{"taxonomy":"product_brand","embeddable":true,"href":"https:\/\/habibimb.com\/en\/wp-json\/wp\/v2\/product_brand?post=2050"},{"taxonomy":"product_cat","embeddable":true,"href":"https:\/\/habibimb.com\/en\/wp-json\/wp\/v2\/product_cat?post=2050"},{"taxonomy":"product_tag","embeddable":true,"href":"https:\/\/habibimb.com\/en\/wp-json\/wp\/v2\/product_tag?post=2050"}],"curies":[{"name":"wp","href":"https:\/\/api.w.org\/{rel}","templated":true}]}}