{"id":2047,"date":"2025-05-03T04:06:45","date_gmt":"2025-05-03T04:06:45","guid":{"rendered":"https:\/\/habibimb.com\/?post_type=product&#038;p=2047"},"modified":"2025-05-15T07:31:55","modified_gmt":"2025-05-15T07:31:55","slug":"apa-de-parfum-habeebat-qalbiard-al-zaafaran-unisex-100ml","status":"publish","type":"product","link":"https:\/\/habibimb.com\/en\/product\/apa-de-parfum-habeebat-qalbiard-al-zaafaran-unisex-100ml\/","title":{"rendered":"Habeebat Qalbi,Ard Al Zaafaran"},"content":{"rendered":"<h2>Dezv\u0103lui\u021bi farmecul Habeebat Qalbi<\/h2>\n<p>P\u0103\u0219e\u0219te \u00eentr-o lume a parfumurilor captivante cu Apa de Parfum Habeebat Qalbi de Ard Al Zaafaran. Acest parfum unisex rafinat, oferit \u00eentr-o sticl\u0103 de dimensiuni generoase de 100 ml, este un amestec irezistibil care atrage at\u00e2t b\u0103rba\u021bii, c\u00e2t \u0219i femeile, f\u0103c\u00e2ndu-l completarea perfect\u0103 pentru orice colec\u021bie de parfumuri. Aroma sa unic\u0103 \u0219i \u00eenc\u00e2nt\u0103toare este conceput\u0103 pentru a v\u0103 ridica starea de spirit \u0219i pentru a v\u0103 spori farmecul magnetic.<\/p>\n<h2>Compozi\u021bie luxoas\u0103 \u0219i elegant\u0103<\/h2>\n<p>Habeebat Qalbi este un parfum meticulos realizat care \u00eencapsuleaz\u0103 esen\u021ba luxului. Parfumul se deschide cu note de v\u00e2rf str\u0103lucitoare care creeaz\u0103 o atmosfer\u0103 primitoare \u0219i proasp\u0103t\u0103. Pe m\u0103sur\u0103 ce se desf\u0103\u0219oar\u0103, apare o inim\u0103 de flori bogate \u0219i condimente calde, transmi\u021b\u00e2nd un aer de rafinament. \u00cen cele din urm\u0103, notele de baz\u0103 ofer\u0103 profunzime \u0219i longevitate, asigur\u00e2ndu-se c\u0103 parfumul persist\u0103 pe tot parcursul zilei. Aceast\u0103 compozi\u021bie armonioas\u0103 face din Habeebat Qalbi nu doar un parfum, ci o experien\u021b\u0103 olfactiv\u0103.<\/p>\n<h2>Versatilitate nesf\u00e2r\u0219it\u0103 pentru orice ocazie<\/h2>\n<p>Fie c\u0103 v\u0103 \u00eendrepta\u021bi spre o cin\u0103 formal\u0103, o ie\u0219ire casual sau o \u00eent\u00e2lnire intim\u0103, Apa de Parfum Habeebat Qalbi este \u00eenso\u021bitorul ideal. Natura sa unisex ofer\u0103 versatilitate, permi\u021b\u00e2ndu-i s\u0103 fie integrat perfect \u00een rutina zilnic\u0103 sau rezervat pentru ocazii speciale. C\u00e2teva pulveriz\u0103ri \u00ee\u021bi vor trezi sim\u021burile \u0219i \u00ee\u021bi vor inspira \u00eencredere, f\u0103c\u00e2ndu-l un parfum care \u00ee\u021bi reflect\u0103 personalitatea, indiferent de cadru. Descoperi\u021bi frumuse\u021bea \u0219i rafinamentul pe care le aduce acest parfum \u0219i r\u0103sf\u0103\u021ba\u021bi-v\u0103 cu o c\u0103l\u0103torie aromat\u0103 care las\u0103 o impresie de durat\u0103.<\/p>","protected":false},"excerpt":{"rendered":"<p><strong>Note de varf:<\/strong>\u00a0Note dulci<br \/>\n<strong>Note de mijloc:<\/strong>\u00a0Struguri, Zmeura<br \/>\n<strong>Note de baza:<\/strong>\u00a0Mosc, Vanilie<\/p>","protected":false},"featured_media":2049,"comment_status":"open","ping_status":"closed","template":"","meta":{"om_disable_all_campaigns":false,"_monsterinsights_skip_tracking":false,"_monsterinsights_sitenote_active":false,"_monsterinsights_sitenote_note":"","_monsterinsights_sitenote_category":0},"product_brand":[64],"product_cat":[57],"product_tag":[],"class_list":{"0":"post-2047","1":"product","2":"type-product","3":"status-publish","4":"has-post-thumbnail","6":"product_brand-ard-al-zaafaran","7":"product_cat-unisex","9":"first","10":"instock","11":"shipping-taxable","12":"purchasable","13":"product-type-simple"},"aioseo_notices":[],"ct_brands":[{"id":64,"name":"Ard Al Zaafaran","slug":"ard-al-zaafaran"}],"_links":{"self":[{"href":"https:\/\/habibimb.com\/en\/wp-json\/wp\/v2\/product\/2047","targetHints":{"allow":["GET"]}}],"collection":[{"href":"https:\/\/habibimb.com\/en\/wp-json\/wp\/v2\/product"}],"about":[{"href":"https:\/\/habibimb.com\/en\/wp-json\/wp\/v2\/types\/product"}],"replies":[{"embeddable":true,"href":"https:\/\/habibimb.com\/en\/wp-json\/wp\/v2\/comments?post=2047"}],"wp:featuredmedia":[{"embeddable":true,"href":"https:\/\/habibimb.com\/en\/wp-json\/wp\/v2\/media\/2049"}],"wp:attachment":[{"href":"https:\/\/habibimb.com\/en\/wp-json\/wp\/v2\/media?parent=2047"}],"wp:term":[{"taxonomy":"product_brand","embeddable":true,"href":"https:\/\/habibimb.com\/en\/wp-json\/wp\/v2\/product_brand?post=2047"},{"taxonomy":"product_cat","embeddable":true,"href":"https:\/\/habibimb.com\/en\/wp-json\/wp\/v2\/product_cat?post=2047"},{"taxonomy":"product_tag","embeddable":true,"href":"https:\/\/habibimb.com\/en\/wp-json\/wp\/v2\/product_tag?post=2047"}],"curies":[{"name":"wp","href":"https:\/\/api.w.org\/{rel}","templated":true}]}}