{"id":2044,"date":"2025-05-03T04:04:51","date_gmt":"2025-05-03T04:04:51","guid":{"rendered":"https:\/\/habibimb.com\/?post_type=product&#038;p=2044"},"modified":"2025-05-15T07:31:55","modified_gmt":"2025-05-15T07:31:55","slug":"apa-de-parfum-bashaara-ard-al-zaafaran-barbati-100ml","status":"publish","type":"product","link":"https:\/\/habibimb.com\/en\/product\/apa-de-parfum-bashaara-ard-al-zaafaran-barbati-100ml\/","title":{"rendered":"Bashaara ,Ard Al Zaafaran"},"content":{"rendered":"<h2>Dezv\u0103luie farmecul lui Bashaara<\/h2>\n<p>P\u0103\u0219i\u021bi \u00eentr-o lume a rafinamentului cu Apa de Parfum Bashaara de Ard Al Zaafaran. Acest parfum rafinat pentru b\u0103rba\u021bi \u00eencapsuleaz\u0103 o aur\u0103 de elegan\u021b\u0103 \u0219i farmec, f\u0103c\u00e2ndu-l parfumul perfect pentru orice ocazie. Cu un amestec de note bogate care ispitesc sim\u021burile, Bashaara completeaz\u0103 f\u0103r\u0103 efort stilul de via\u021b\u0103 al b\u0103rbatului modern, l\u0103s\u00e2nd o impresie de durat\u0103 oriunde mergi.<\/p>\n<h2>Un amestec armonios de note<\/h2>\n<p>Bashaara \u00ee\u0219i \u00eencepe c\u0103l\u0103toria olfactiv\u0103 cu o explozie proasp\u0103t\u0103 de note de v\u00e2rf citrice care revigoreaz\u0103 sim\u021burile. Inima dezv\u0103luie un amestec captivant de condimente aromate \u0219i nuan\u021be florale, cre\u00e2nd un profil nuan\u021bat \u0219i dinamic. \u00cen cele din urm\u0103, notele de baz\u0103 se instaleaz\u0103 \u00eentr-o \u00eembr\u0103\u021bi\u0219are cald\u0103 \u0219i primitoare de acorduri lemnoase, ad\u0103ug\u00e2nd profunzime \u0219i longevitate parfumului. Aceast\u0103 compozi\u021bie atent realizat\u0103 asigur\u0103 c\u0103 Bashaara este mai mult dec\u00e2t un simplu parfum; Este o experien\u021b\u0103 de savurat.<\/p>\n<h2>Cadoul perfect pentru orice ocazie<\/h2>\n<p>Fie c\u0103 v\u0103 r\u0103sf\u0103\u021ba\u021bi sau c\u0103uta\u021bi cadoul ideal, Apa de Parfum Bashaara este o alegere versatil\u0103, potrivit\u0103 pentru purtarea zilnic\u0103 sau evenimente speciale. Ambalajul s\u0103u luxos \u0219i parfumul irezistibil \u00eel fac un plus rafinat pentru orice colec\u021bie de parfumuri. Arat\u0103-\u021bi aprecierea fa\u021b\u0103 de b\u0103rba\u021bii speciali din via\u021ba ta cu un cadou care vorbe\u0219te despre calitate \u0219i clas\u0103<\/p>\n<p>\u00cembr\u0103\u021bi\u0219eaz\u0103 esen\u021ba \u00eemputernicitoare a Bashaara \u0219i f\u0103 o declara\u021bie cu fiecare spritz. Descoperi\u021bi ast\u0103zi parfumul semn\u0103tur\u0103 \u0219i ridica\u021bi-v\u0103 rutina zilnic\u0103 la un nou nivel de rafinament.<\/p>","protected":false},"excerpt":{"rendered":"<p><strong>Note de v\u00e2rf:<\/strong>\u00a0Cardamom, Lavand\u0103;<\/p>\n<p><strong>Note de mijloc:<\/strong>\u00a0Oud, Iris;<\/p>\n<p><strong>Note de baz\u0103:<\/strong>\u00a0Vanilie, Ambr\u0103, Piele, Boabe de tonka.<\/p>","protected":false},"featured_media":2046,"comment_status":"open","ping_status":"closed","template":"","meta":{"om_disable_all_campaigns":false,"_monsterinsights_skip_tracking":false,"_monsterinsights_sitenote_active":false,"_monsterinsights_sitenote_note":"","_monsterinsights_sitenote_category":0},"product_brand":[64],"product_cat":[55],"product_tag":[],"class_list":{"0":"post-2044","1":"product","2":"type-product","3":"status-publish","4":"has-post-thumbnail","6":"product_brand-ard-al-zaafaran","7":"product_cat-pentru-el","9":"first","10":"instock","11":"shipping-taxable","12":"purchasable","13":"product-type-simple"},"aioseo_notices":[],"ct_brands":[{"id":64,"name":"Ard Al Zaafaran","slug":"ard-al-zaafaran"}],"_links":{"self":[{"href":"https:\/\/habibimb.com\/en\/wp-json\/wp\/v2\/product\/2044","targetHints":{"allow":["GET"]}}],"collection":[{"href":"https:\/\/habibimb.com\/en\/wp-json\/wp\/v2\/product"}],"about":[{"href":"https:\/\/habibimb.com\/en\/wp-json\/wp\/v2\/types\/product"}],"replies":[{"embeddable":true,"href":"https:\/\/habibimb.com\/en\/wp-json\/wp\/v2\/comments?post=2044"}],"wp:featuredmedia":[{"embeddable":true,"href":"https:\/\/habibimb.com\/en\/wp-json\/wp\/v2\/media\/2046"}],"wp:attachment":[{"href":"https:\/\/habibimb.com\/en\/wp-json\/wp\/v2\/media?parent=2044"}],"wp:term":[{"taxonomy":"product_brand","embeddable":true,"href":"https:\/\/habibimb.com\/en\/wp-json\/wp\/v2\/product_brand?post=2044"},{"taxonomy":"product_cat","embeddable":true,"href":"https:\/\/habibimb.com\/en\/wp-json\/wp\/v2\/product_cat?post=2044"},{"taxonomy":"product_tag","embeddable":true,"href":"https:\/\/habibimb.com\/en\/wp-json\/wp\/v2\/product_tag?post=2044"}],"curies":[{"name":"wp","href":"https:\/\/api.w.org\/{rel}","templated":true}]}}