{"id":2041,"date":"2025-05-03T04:02:41","date_gmt":"2025-05-03T04:02:41","guid":{"rendered":"https:\/\/habibimb.com\/?post_type=product&#038;p=2041"},"modified":"2025-05-15T07:31:55","modified_gmt":"2025-05-15T07:31:55","slug":"apa-de-parfum-fidaetak-ard-al-zaafaran-barbati-100ml","status":"publish","type":"product","link":"https:\/\/habibimb.com\/en\/product\/apa-de-parfum-fidaetak-ard-al-zaafaran-barbati-100ml\/","title":{"rendered":"Fidaetak ,Ard Al Zaafaran"},"content":{"rendered":"<h2>Dezl\u0103n\u021buie-\u021bi parfumul cu Fidaetak<\/h2>\n<p>Descoperi\u021bi o lume a rafinamentului \u0219i a farmecului cu <strong>Apa de Parfum Fidaetak<\/strong> de la Ard Al Zaafaran. Creat pentru b\u0103rbatul modern, acest parfum de 100 ml este conceput pentru a v\u0103 \u00eencapsula personalitatea, pentru a v\u0103 spori prezen\u021ba \u0219i pentru a l\u0103sa o impresie de durat\u0103 oriunde merge\u021bi. Evoc\u0103 un sentiment de \u00eencredere \u0219i stil care transcende obi\u0219nuitul, ideal at\u00e2t pentru purtarea zilnic\u0103, c\u00e2t \u0219i pentru ocazii speciale.<\/p>\n<h2>Profilul parfumului<\/h2>\n<p>Parfumul Fidaetak se m\u00e2ndre\u0219te cu o compozi\u021bie amestecat\u0103 de exper\u021bi, care echilibreaz\u0103 prospe\u021bimea cu profunzimea. Se deschide cu note de v\u00e2rf vibrante care revigoreaz\u0103 sim\u021burile, trec\u00e2nd \u00eentr-o inim\u0103 cald\u0103 care captiveaz\u0103 cu esen\u021ba sa bogat\u0103 \u0219i aromat\u0103. \u00cen cele din urm\u0103, notele de baz\u0103 ofer\u0103 un final de durat\u0103 care persist\u0103 frumos pe tot parcursul zilei, permi\u021b\u00e2ndu-v\u0103 s\u0103 v\u0103 exprima\u021bi cu fiecare pulverizare.<\/p>\n<h2>Perfect pentru orice ocazie<\/h2>\n<p>Cu profilul s\u0103u versatil, <strong>Apa de Parfum Fidaetak<\/strong> este potrivit pentru orice eveniment, fie c\u0103 este vorba de o ie\u0219ire casual, o \u00eent\u00e2lnire profesional\u0103 sau o cin\u0103 romantic\u0103. Parfumul elegant completeaz\u0103 orice \u021binut\u0103, f\u0103c\u00e2ndu-l un must-have \u00een colec\u021bia ta. \u00cembun\u0103t\u0103\u021be\u0219te-\u021bi jocul de parfumuri \u0219i \u00eembr\u0103\u021bi\u0219eaz\u0103 un parfum care \u00ee\u021bi reflect\u0103 individualitatea.<\/p>\n<p>Experimenta\u021bi esen\u021ba Fidaetak \u0219i redefini\u021bi-v\u0103 c\u0103l\u0103toria parfumurilor!<\/p>","protected":false},"excerpt":{"rendered":"<p>Dezl\u0103n\u021buie-\u021bi parfumul cu Fidaetak Descoperi\u021bi o lume a rafinamentului \u0219i a farmecului cu Apa de Parfum Fidaetak de la Ard Al Zaafaran. Creat pentru b\u0103rbatul modern, acest parfum de 100 ml este conceput pentru a v\u0103 \u00eencapsula personalitatea, pentru a v\u0103 spori prezen\u021ba \u0219i pentru a l\u0103sa o impresie de durat\u0103 oriunde merge\u021bi. Evoc\u0103 un [&hellip;]<\/p>","protected":false},"featured_media":2043,"comment_status":"open","ping_status":"closed","template":"","meta":{"om_disable_all_campaigns":false,"_monsterinsights_skip_tracking":false,"_monsterinsights_sitenote_active":false,"_monsterinsights_sitenote_note":"","_monsterinsights_sitenote_category":0},"product_brand":[64],"product_cat":[55],"product_tag":[],"class_list":{"0":"post-2041","1":"product","2":"type-product","3":"status-publish","4":"has-post-thumbnail","6":"product_brand-ard-al-zaafaran","7":"product_cat-pentru-el","9":"first","10":"instock","11":"shipping-taxable","12":"purchasable","13":"product-type-simple"},"aioseo_notices":[],"ct_brands":[{"id":64,"name":"Ard Al Zaafaran","slug":"ard-al-zaafaran"}],"_links":{"self":[{"href":"https:\/\/habibimb.com\/en\/wp-json\/wp\/v2\/product\/2041","targetHints":{"allow":["GET"]}}],"collection":[{"href":"https:\/\/habibimb.com\/en\/wp-json\/wp\/v2\/product"}],"about":[{"href":"https:\/\/habibimb.com\/en\/wp-json\/wp\/v2\/types\/product"}],"replies":[{"embeddable":true,"href":"https:\/\/habibimb.com\/en\/wp-json\/wp\/v2\/comments?post=2041"}],"wp:featuredmedia":[{"embeddable":true,"href":"https:\/\/habibimb.com\/en\/wp-json\/wp\/v2\/media\/2043"}],"wp:attachment":[{"href":"https:\/\/habibimb.com\/en\/wp-json\/wp\/v2\/media?parent=2041"}],"wp:term":[{"taxonomy":"product_brand","embeddable":true,"href":"https:\/\/habibimb.com\/en\/wp-json\/wp\/v2\/product_brand?post=2041"},{"taxonomy":"product_cat","embeddable":true,"href":"https:\/\/habibimb.com\/en\/wp-json\/wp\/v2\/product_cat?post=2041"},{"taxonomy":"product_tag","embeddable":true,"href":"https:\/\/habibimb.com\/en\/wp-json\/wp\/v2\/product_tag?post=2041"}],"curies":[{"name":"wp","href":"https:\/\/api.w.org\/{rel}","templated":true}]}}