{"id":2038,"date":"2025-05-03T03:59:19","date_gmt":"2025-05-03T03:59:19","guid":{"rendered":"https:\/\/habibimb.com\/?post_type=product&#038;p=2038"},"modified":"2025-05-15T07:31:55","modified_gmt":"2025-05-15T07:31:55","slug":"apa-de-parfum-fidaetak-ya-roohi-ard-al-zaafaran-femei-100ml","status":"publish","type":"product","link":"https:\/\/habibimb.com\/en\/product\/apa-de-parfum-fidaetak-ya-roohi-ard-al-zaafaran-femei-100ml\/","title":{"rendered":"Fidaetak Ya Roohi, Ard Al Zaafaran"},"content":{"rendered":"<h2>Dezv\u0103lui\u021bi esen\u021ba elegan\u021bei<\/h2>\n<p>Experimenta\u021bi un parfum care transcende timpul cu Apa de Parfum Fidaetak Ya Roohi de la Ard Al Zaafaran. Conceput pentru femeia modern\u0103, acest parfum de lux \u00eentruchipeaz\u0103 gra\u021bia \u0219i feminitatea, surprinz\u00e2nd esen\u021ba rafinamentului cu fiecare pulverizare. Cu o sticl\u0103 de 100 ml, ofer\u0103 un parfum de durat\u0103 care dureaz\u0103 pe tot parcursul zilei, f\u0103c\u00e2ndu-l un plus esen\u021bial pentru colec\u021bia ta de parfumuri.<\/p>\n<h2>Note care ademenesc sim\u021burile<\/h2>\n<p>Apa de Parfum Fidaetak Ya Roohi se desf\u0103\u0219oar\u0103 cu un buchet vibrant de note florale \u0219i fructate. \u00cen partea de sus, prospe\u021bimea izbucne\u0219te cu nuan\u021be citrice, duc\u00e2nd \u00eentr-o inim\u0103 \u00eenc\u00e2nt\u0103toare \u00een care acordurile florale se amestec\u0103 elegant. Notele de baz\u0103 ofer\u0103 un final cald, senzual, cu note de lemn exotic \u0219i vanilie dulce, asigur\u00e2nd o impresie memorabil\u0103 care persist\u0103.<\/p>\n<h2>Un parfum pentru fiecare ocazie<\/h2>\n<p>Fie c\u0103 te \u00eembraci pentru o ocazie special\u0103 sau vrei s\u0103-\u021bi \u00eembun\u0103t\u0103\u021be\u0219ti rutina zilnic\u0103, Fidaetak Ya Roohi este suficient de versatil pentru a completa orice moment. Compozi\u021bia sa bine echilibrat\u0103 \u00eel face potrivit at\u00e2t pentru purtarea de zi, c\u00e2t \u0219i pentru elegan\u021ba de sear\u0103, oferind un parfum care reflect\u0103 personalitatea ta unic\u0103. \u00cemp\u0103rt\u0103\u0219e\u0219te-\u021bi \u00eencrederea \u0219i alura, l\u0103s\u00e2nd \u00een urm\u0103 o urm\u0103 de neuitat oriunde te-ai duce.<\/p>\n<p>R\u0103sf\u0103\u021ba\u021bi-v\u0103 cu aroma magic\u0103 a Apa de Parfum Fidaetak Ya Roohi, unde fiecare pic\u0103tur\u0103 este o s\u0103rb\u0103toare a feminit\u0103\u021bii \u0219i a farmecului.<\/p>","protected":false},"excerpt":{"rendered":"<p>Dezv\u0103lui\u021bi esen\u021ba elegan\u021bei Experimenta\u021bi un parfum care transcende timpul cu Apa de Parfum Fidaetak Ya Roohi de la Ard Al Zaafaran. Conceput pentru femeia modern\u0103, acest parfum de lux \u00eentruchipeaz\u0103 gra\u021bia \u0219i feminitatea, surprinz\u00e2nd esen\u021ba rafinamentului cu fiecare pulverizare. Cu o sticl\u0103 de 100 ml, ofer\u0103 un parfum de durat\u0103 care dureaz\u0103 pe tot parcursul [&hellip;]<\/p>","protected":false},"featured_media":2040,"comment_status":"open","ping_status":"closed","template":"","meta":{"om_disable_all_campaigns":false,"_monsterinsights_skip_tracking":false,"_monsterinsights_sitenote_active":false,"_monsterinsights_sitenote_note":"","_monsterinsights_sitenote_category":0},"product_brand":[64],"product_cat":[56],"product_tag":[],"class_list":{"0":"post-2038","1":"product","2":"type-product","3":"status-publish","4":"has-post-thumbnail","6":"product_brand-ard-al-zaafaran","7":"product_cat-pentru-ea","9":"first","10":"instock","11":"shipping-taxable","12":"purchasable","13":"product-type-simple"},"aioseo_notices":[],"ct_brands":[{"id":64,"name":"Ard Al Zaafaran","slug":"ard-al-zaafaran"}],"_links":{"self":[{"href":"https:\/\/habibimb.com\/en\/wp-json\/wp\/v2\/product\/2038","targetHints":{"allow":["GET"]}}],"collection":[{"href":"https:\/\/habibimb.com\/en\/wp-json\/wp\/v2\/product"}],"about":[{"href":"https:\/\/habibimb.com\/en\/wp-json\/wp\/v2\/types\/product"}],"replies":[{"embeddable":true,"href":"https:\/\/habibimb.com\/en\/wp-json\/wp\/v2\/comments?post=2038"}],"wp:featuredmedia":[{"embeddable":true,"href":"https:\/\/habibimb.com\/en\/wp-json\/wp\/v2\/media\/2040"}],"wp:attachment":[{"href":"https:\/\/habibimb.com\/en\/wp-json\/wp\/v2\/media?parent=2038"}],"wp:term":[{"taxonomy":"product_brand","embeddable":true,"href":"https:\/\/habibimb.com\/en\/wp-json\/wp\/v2\/product_brand?post=2038"},{"taxonomy":"product_cat","embeddable":true,"href":"https:\/\/habibimb.com\/en\/wp-json\/wp\/v2\/product_cat?post=2038"},{"taxonomy":"product_tag","embeddable":true,"href":"https:\/\/habibimb.com\/en\/wp-json\/wp\/v2\/product_tag?post=2038"}],"curies":[{"name":"wp","href":"https:\/\/api.w.org\/{rel}","templated":true}]}}