{"id":1947,"date":"2025-04-27T08:51:18","date_gmt":"2025-04-27T08:51:18","guid":{"rendered":"https:\/\/habibimb.com\/?post_type=product&#038;p=1947"},"modified":"2025-08-20T12:51:17","modified_gmt":"2025-08-20T12:51:17","slug":"apa-de-parfum-si-damour-collection-privee-femei-50ml","status":"publish","type":"product","link":"https:\/\/habibimb.com\/en\/product\/apa-de-parfum-si-damour-collection-privee-femei-50ml\/","title":{"rendered":"Si D`Amour, Collection Priv\u00e9e"},"content":{"rendered":"<h2>Experimenta\u021bi farmecul lui Si D&#8217;Amour<\/h2>\n<p>R\u0103sf\u0103\u021ba\u021bi-v\u0103 cu parfumul captivant al Apa De Parfum Si D&#8217;Amour din colec\u021bia exclusiv\u0103 Priv\u00e9e. Acest parfum rafinat \u00eentruchipeaz\u0103 elegan\u021ba \u0219i rafinamentul, f\u0103c\u00e2ndu-l \u00eenso\u021bitorul perfect pentru orice femeie care dore\u0219te s\u0103 lase o impresie de durat\u0103. Cu amestecul s\u0103u \u00eenc\u00e2nt\u0103tor de note florale \u0219i fructate, Si D&#8217;Amour nu numai c\u0103 v\u0103 \u00eembun\u0103t\u0103\u021be\u0219te frumuse\u021bea natural\u0103, dar v\u0103 ridic\u0103 \u0219i starea de spirit, f\u0103c\u00e2nd ca fiecare moment s\u0103 se simt\u0103 extraordinar.<\/p>\n<h2>Un amestec armonios de note<\/h2>\n<p>\u00cen inima lui Si D&#8217;Amour se afl\u0103 o fuziune \u00eenc\u00e2nt\u0103toare de parfumuri atr\u0103g\u0103toare. Notele de v\u00e2rf izbucnesc cu prospe\u021bimea bergamotei \u0219i a perelor, cre\u00e2nd o deschidere \u00een\u0103l\u021b\u0103toare \u0219i energic\u0103. Pe m\u0103sur\u0103 ce parfumul se dezvolt\u0103, vei fi \u00eenv\u0103luit de notele de inim\u0103 de iasomie rafinat\u0103 \u0219i trandafir romantic, care ofer\u0103 o \u00eembr\u0103\u021bi\u0219are moale, floral\u0103. \u00cen cele din urm\u0103, notele de baz\u0103 de vanilie cald\u0103 \u0219i mosc senzual adaug\u0103 o profunzime frumoas\u0103 parfumului, l\u0103s\u00e2nd o urm\u0103 captivant\u0103 care persist\u0103 pe pielea ta.<\/p>\n<h2>Completarea perfect\u0103 pentru colec\u021bia ta de parfumuri<\/h2>\n<p>Apa De Parfum Si D&#8217;Amour este mai mult dec\u00e2t un parfum; este o s\u0103rb\u0103toare a iubirii \u0219i feminit\u0103\u021bii. Ad\u0103postit \u00eentr-o sticl\u0103 frumos proiectat\u0103, acest parfum este pe c\u00e2t de uimitor din punct de vedere vizual, pe at\u00e2t de \u00eenc\u00e2nt\u0103tor din punct de vedere olfactiv. Dimensiunea sa de 50 ml \u00eel face convenabil pentru utilizarea de zi cu zi sau pentru ocazii speciale, permi\u021b\u00e2ndu-v\u0103 s\u0103 v\u0103 purta\u021bi parfumul cu dumneavoastr\u0103 oriunde merge\u021bi. Fie c\u0103 te \u00eembraci pentru o noapte \u00een ora\u0219 sau te bucuri de o zi casual cu prietenii, Si D&#8217;Amour completeaz\u0103 perfect orice decor.<\/p>\n<p>\u00cembr\u0103\u021bi\u0219eaz\u0103 esen\u021ba iubirii \u0219i a farmecului cu Apa De Parfum Si D&#8217;Amour, Collection Priv\u00e9e for Women. Acest parfum de lux este o invita\u021bie de a-\u021bi r\u0103sf\u0103\u021ba sim\u021burile \u0219i de a-\u021bi exprima stilul unic. F\u0103-l parte din colec\u021bia ta ast\u0103zi \u0219i experimenteaz\u0103 magia Si D&#8217;Amour pentru tine.<\/p>","protected":false},"excerpt":{"rendered":"<p><strong>Similar cu Si Armani<\/strong><\/p>","protected":false},"featured_media":1948,"comment_status":"open","ping_status":"closed","template":"","meta":{"om_disable_all_campaigns":false,"_monsterinsights_skip_tracking":false,"_monsterinsights_sitenote_active":false,"_monsterinsights_sitenote_note":"","_monsterinsights_sitenote_category":0},"product_brand":[84],"product_cat":[56],"product_tag":[],"class_list":{"0":"post-1947","1":"product","2":"type-product","3":"status-publish","4":"has-post-thumbnail","6":"product_brand-collection-privee","7":"product_cat-pentru-ea","9":"first","10":"outofstock","11":"shipping-taxable","12":"purchasable","13":"product-type-simple"},"aioseo_notices":[],"ct_brands":[{"id":84,"name":"Collection Priv\u00e9e","slug":"collection-privee"}],"_links":{"self":[{"href":"https:\/\/habibimb.com\/en\/wp-json\/wp\/v2\/product\/1947","targetHints":{"allow":["GET"]}}],"collection":[{"href":"https:\/\/habibimb.com\/en\/wp-json\/wp\/v2\/product"}],"about":[{"href":"https:\/\/habibimb.com\/en\/wp-json\/wp\/v2\/types\/product"}],"replies":[{"embeddable":true,"href":"https:\/\/habibimb.com\/en\/wp-json\/wp\/v2\/comments?post=1947"}],"wp:featuredmedia":[{"embeddable":true,"href":"https:\/\/habibimb.com\/en\/wp-json\/wp\/v2\/media\/1948"}],"wp:attachment":[{"href":"https:\/\/habibimb.com\/en\/wp-json\/wp\/v2\/media?parent=1947"}],"wp:term":[{"taxonomy":"product_brand","embeddable":true,"href":"https:\/\/habibimb.com\/en\/wp-json\/wp\/v2\/product_brand?post=1947"},{"taxonomy":"product_cat","embeddable":true,"href":"https:\/\/habibimb.com\/en\/wp-json\/wp\/v2\/product_cat?post=1947"},{"taxonomy":"product_tag","embeddable":true,"href":"https:\/\/habibimb.com\/en\/wp-json\/wp\/v2\/product_tag?post=1947"}],"curies":[{"name":"wp","href":"https:\/\/api.w.org\/{rel}","templated":true}]}}