{"id":1945,"date":"2025-04-27T08:47:48","date_gmt":"2025-04-27T08:47:48","guid":{"rendered":"https:\/\/habibimb.com\/?post_type=product&#038;p=1945"},"modified":"2025-05-15T07:31:55","modified_gmt":"2025-05-15T07:31:55","slug":"extract-de-parfum-musk-mango-by-adyan-unisex-100ml","status":"publish","type":"product","link":"https:\/\/habibimb.com\/en\/product\/extract-de-parfum-musk-mango-by-adyan-unisex-100ml\/","title":{"rendered":"Musk Mango, By Adyan"},"content":{"rendered":"<h2>Dezv\u0103lui\u021bi esen\u021ba Musk Mango<\/h2>\n<p>Descoper\u0103 alura captivant\u0103 a Extract De Parfum Musk Mango de la Adyan, un parfum unisex conceput pentru a invoca un sentiment de prospe\u021bime \u0219i rafinament. Acest parfum rafinat combin\u0103 notele vibrante de mango copt cu nuan\u021bele calde ale moscului, cre\u00e2nd o arom\u0103 perfect echilibrat\u0103 care las\u0103 o impresie de durat\u0103. Indiferent dac\u0103 este purtat ziua sau noaptea, acest parfum este un plus fantastic pentru colec\u021bia ta, oferind o experien\u021b\u0103 olfactiv\u0103 unic\u0103 care \u00eentruchipeaz\u0103 \u00eencrederea.<\/p>\n<h2>De ce s\u0103 alegi Musk Mango?<\/h2>\n<p>Musk Mango este mai mult dec\u00e2t un parfum; Este o experien\u021b\u0103 care transform\u0103 obi\u0219nuitul \u00een extraordinar. Notele de v\u00e2rf ale mango suculent \u00ee\u021bi trezesc sim\u021burile, evoc\u00e2nd g\u00e2nduri de zile de var\u0103 s\u0103rutate de soare. Pe m\u0103sur\u0103 ce parfumul evolueaz\u0103, inima dezv\u0103luie un mosc bl\u00e2nd care te \u00eenv\u0103luie \u00een c\u0103ldur\u0103 \u0219i elegan\u021b\u0103. Acest amestec armonios \u00eel face potrivit pentru oricine, indiferent de sex, prezent\u00e2nd versatilitatea care vine odat\u0103 cu purtarea unui parfum modern. Fiecare spritz prezint\u0103 un profil de parfum luxos care dureaz\u0103 toat\u0103 ziua, asigur\u00e2ndu-v\u0103 o impresie de neuitat oriunde merge\u021bi.<\/p>\n<h2>Perfect pentru orice ocazie<\/h2>\n<p>Ideal at\u00e2t pentru ie\u0219iri casual, c\u00e2t \u0219i pentru evenimente formale, Extract De Parfum Musk Mango este parfumul preferat pentru orice ocazie. Atractivitatea sa unisex \u00eei permite s\u0103 completeze orice \u021binut\u0103, indiferent dac\u0103 te \u00eembraci pentru o noapte \u00een ora\u0219 sau p\u0103strezi lucrurile casual cu prietenii. \u00cen plus, sticla de 100 ml este perfect\u0103 pentru o utilizare de durat\u0103, f\u0103c\u00e2ndu-l economic, fiind \u00een acela\u0219i timp suficient de pl\u0103cut din punct de vedere estetic pentru a fi expus pe chiuvet\u0103.<\/p>\n<p>R\u0103sf\u0103\u021ba\u021bi-v\u0103 cu parfumul \u00eenc\u00e2nt\u0103tor de Musk Mango ast\u0103zi \u0219i experimenta\u021bi fuziunea perfect\u0103 de dulcea\u021b\u0103 \u0219i rafinament care define\u0219te acest parfum remarcabil de la Adyan. \u00cembun\u0103t\u0103\u021be\u0219te-\u021bi jocul de parfum \u0219i f\u0103 din Musk Mango un element de baz\u0103 \u00een rutina ta zilnic\u0103.<\/p>","protected":false},"excerpt":{"rendered":"<ul data-start=\"188\" data-end=\"724\">\n<li data-start=\"188\" data-end=\"353\"><strong data-start=\"190\" data-end=\"206\">Note de v\u00e2rf<\/strong>: Mango-ul aduce o explozie tropical\u0103, dulce \u0219i suculent\u0103, \u00eembr\u0103\u021bi\u0219at\u0103 de profunzimea cald\u0103 a cihlimbarului, oferind un \u00eenceput vibrant \u0219i solar.<\/li>\n<li data-start=\"354\" data-end=\"528\"><strong data-start=\"356\" data-end=\"374\">Note de mijloc<\/strong>: Agarul \u0219i moscul confer\u0103 parfumului o dimensiune mistic\u0103 \u0219i senzual\u0103, \u00een timp ce lacramioarele adaug\u0103 o not\u0103 floral\u0103 delicat\u0103, echilibr\u00e2nd compozi\u021bia.<\/li>\n<li data-start=\"529\" data-end=\"724\"><strong data-start=\"531\" data-end=\"547\">Note de baz\u0103<\/strong>: Lemnul de santal \u0219i patchouli \u00eembrac\u0103 parfumul \u00eentr-un voal cremos \u0219i p\u0103m\u00e2ntiu, iar bergamota adaug\u0103 un strop de prospe\u021bime citric\u0103, l\u0103s\u00e2nd o urm\u0103 sofisticat\u0103 \u0219i memorabil\u0103.<\/li>\n<\/ul>","protected":false},"featured_media":1946,"comment_status":"open","ping_status":"closed","template":"","meta":{"om_disable_all_campaigns":false,"_monsterinsights_skip_tracking":false,"_monsterinsights_sitenote_active":false,"_monsterinsights_sitenote_note":"","_monsterinsights_sitenote_category":0},"product_brand":[85],"product_cat":[58,60],"product_tag":[],"class_list":{"0":"post-1945","1":"product","2":"type-product","3":"status-publish","4":"has-post-thumbnail","6":"product_brand-by-adyan","7":"product_cat-extracte-si-esente","8":"product_cat-promotii","10":"first","11":"instock","12":"sale","13":"shipping-taxable","14":"purchasable","15":"product-type-simple"},"aioseo_notices":[],"ct_brands":[{"id":85,"name":"By Adyan","slug":"by-adyan"}],"_links":{"self":[{"href":"https:\/\/habibimb.com\/en\/wp-json\/wp\/v2\/product\/1945","targetHints":{"allow":["GET"]}}],"collection":[{"href":"https:\/\/habibimb.com\/en\/wp-json\/wp\/v2\/product"}],"about":[{"href":"https:\/\/habibimb.com\/en\/wp-json\/wp\/v2\/types\/product"}],"replies":[{"embeddable":true,"href":"https:\/\/habibimb.com\/en\/wp-json\/wp\/v2\/comments?post=1945"}],"wp:featuredmedia":[{"embeddable":true,"href":"https:\/\/habibimb.com\/en\/wp-json\/wp\/v2\/media\/1946"}],"wp:attachment":[{"href":"https:\/\/habibimb.com\/en\/wp-json\/wp\/v2\/media?parent=1945"}],"wp:term":[{"taxonomy":"product_brand","embeddable":true,"href":"https:\/\/habibimb.com\/en\/wp-json\/wp\/v2\/product_brand?post=1945"},{"taxonomy":"product_cat","embeddable":true,"href":"https:\/\/habibimb.com\/en\/wp-json\/wp\/v2\/product_cat?post=1945"},{"taxonomy":"product_tag","embeddable":true,"href":"https:\/\/habibimb.com\/en\/wp-json\/wp\/v2\/product_tag?post=1945"}],"curies":[{"name":"wp","href":"https:\/\/api.w.org\/{rel}","templated":true}]}}