{"id":1943,"date":"2025-04-27T08:44:48","date_gmt":"2025-04-27T08:44:48","guid":{"rendered":"https:\/\/habibimb.com\/?post_type=product&#038;p=1943"},"modified":"2025-05-15T07:31:55","modified_gmt":"2025-05-15T07:31:55","slug":"extract-de-parfum-bara-coffee-by-adyan-unisex-100ml","status":"publish","type":"product","link":"https:\/\/habibimb.com\/en\/product\/extract-de-parfum-bara-coffee-by-adyan-unisex-100ml\/","title":{"rendered":"Bara Coffee, By Adyan"},"content":{"rendered":"<h2>Descoperi\u021bi aroma bogat\u0103 a cafelei Bara<\/h2>\n<p>\u00cembun\u0103t\u0103\u021be\u0219te-\u021bi colec\u021bia de parfumuri cu cafeaua Extract De Parfum Bara de la Adyan, un amestec rafinat care surprinde esen\u021ba cafelei proasp\u0103t preparate \u0219i nuan\u021bele bogate \u0219i aromate. Perfect creat at\u00e2t pentru b\u0103rba\u021bi, c\u00e2t \u0219i pentru femei, acest parfum unisex ofer\u0103 o experien\u021b\u0103 olfactiv\u0103 unic\u0103 care stimuleaz\u0103 sim\u021burile \u0219i evoc\u0103 un sentiment de c\u0103ldur\u0103 \u0219i confort.<\/p>\n<h2>Un profil unic de parfum<\/h2>\n<p>Cafeaua Bara de la Dyan se m\u00e2ndre\u0219te cu un profil olfactiv distinctiv care eviden\u021biaz\u0103 notele profunde \u0219i robuste ale boabelor de cafea, \u00eempletite cu note subtile de vanilie \u0219i condimente dulci. Conceput pentru cei care apreciaz\u0103 complexitatea parfumului lor, acest parfum este at\u00e2t revigorant, c\u00e2t \u0219i atr\u0103g\u0103tor. Cu formula sa de lung\u0103 durat\u0103, v\u0103 asigur\u0103 c\u0103 p\u0103stra\u021bi o arom\u0103 atr\u0103g\u0103toare pe tot parcursul zilei, \u00eentorc\u00e2nd capetele \u00een timp ce v\u0103 desf\u0103\u0219ura\u021bi activit\u0103\u021bile.<\/p>\n<h2>Perfect pentru orice ocazie<\/h2>\n<p>Fie c\u0103 te \u00eendrep\u021bi spre o ie\u0219ire informal\u0103, o \u00eent\u00e2lnire important\u0103 sau o noapte \u00een ora\u0219, Extract De Parfum Bara Coffee este alegerea ideal\u0103 pentru orice ocazie. Parfumul s\u0103u versatil rezoneaz\u0103 frumos, f\u0103c\u00e2ndu-l potrivit pentru purtarea zilei sau pentru rafinamentul de sear\u0103. \u00cembr\u0103\u021bi\u0219eaz\u0103 un parfum care se adapteaz\u0103 stilului \u0219i personalit\u0103\u021bii tale, l\u0103s\u00e2nd o impresie memorabil\u0103 tuturor celor pe care \u00eei \u00eent\u00e2lne\u0219ti.<\/p>\n<p>Pe l\u00e2ng\u0103 parfumul s\u0103u captivant, Bara Coffee vine \u00eentr-o sticl\u0103 elegant\u0103 \u0219i elegant\u0103 de 100 ml, conceput\u0103 pentru a completa orice chiuvet\u0103 sau mas\u0103 de toalet\u0103. Ambalajul s\u0103u atent realizat \u00eel face un cadou perfect pentru cei dragi sau un r\u0103sf\u0103\u021b de lux pentru tine. R\u0103sf\u0103\u021ba\u021bi-v\u0103 cu un parfum care reprezint\u0103 calitatea, elegan\u021ba \u0219i bucuria de a tr\u0103i.<\/p>\n<p>Experimenta\u021bi magia cafelei \u00eentr-o sticl\u0103 cu Extract De Parfum Bara Coffee. Dezv\u0103luie bog\u0103\u021bia caracterului t\u0103u \u0219i exprim\u0103-\u021bi unicitatea cu acest parfum unisex remarcabil. Nu rata\u021bi s\u0103 de\u021bine\u021bi acest parfum rafinat &#8211; ad\u0103uga\u021bi-l la colec\u021bia dvs. ast\u0103zi \u0219i redefini\u021bi modul \u00een care aborda\u021bi parfumul!<\/p>","protected":false},"excerpt":{"rendered":"<ul data-start=\"144\" data-end=\"692\">\n<li data-start=\"144\" data-end=\"321\"><strong data-start=\"146\" data-end=\"162\">Note de v\u00e2rf<\/strong>: Scor\u021bi\u0219oara, cardamomul \u0219i ghimbirul ofer\u0103 un \u00eenceput picant \u0219i revigorant, cre\u00e2nd o senza\u021bie cald\u0103 \u0219i condimentat\u0103, ca o b\u0103utur\u0103 fierbinte \u00eentr-o zi rece.<\/li>\n<li data-start=\"322\" data-end=\"495\"><strong data-start=\"324\" data-end=\"342\">Note de mijloc<\/strong>: Pralina \u0219i fructele uscate adaug\u0103 o dulcea\u021b\u0103 catifelat\u0103, completat\u0103 de elegan\u021ba discret\u0103 a florilor albe, care \u00eembl\u00e2nzesc intensitatea condimentelor.<\/li>\n<li data-start=\"496\" data-end=\"692\"><strong data-start=\"498\" data-end=\"514\">Note de baz\u0103<\/strong>: Vanilia cremoas\u0103 \u0219i boabele tonka se \u00eembin\u0103 armonios cu profunzimea cafelei, \u00een timp ce benzoinul \u0219i moscul adaug\u0103 o not\u0103 balsamic\u0103 \u0219i senzual\u0103, l\u0103s\u00e2nd o amprent\u0103 memorabil\u0103.<\/li>\n<\/ul>","protected":false},"featured_media":1944,"comment_status":"open","ping_status":"closed","template":"","meta":{"om_disable_all_campaigns":false,"_monsterinsights_skip_tracking":false,"_monsterinsights_sitenote_active":false,"_monsterinsights_sitenote_note":"","_monsterinsights_sitenote_category":0},"product_brand":[85],"product_cat":[58,60],"product_tag":[],"class_list":{"0":"post-1943","1":"product","2":"type-product","3":"status-publish","4":"has-post-thumbnail","6":"product_brand-by-adyan","7":"product_cat-extracte-si-esente","8":"product_cat-promotii","10":"first","11":"instock","12":"sale","13":"shipping-taxable","14":"purchasable","15":"product-type-simple"},"aioseo_notices":[],"ct_brands":[{"id":85,"name":"By Adyan","slug":"by-adyan"}],"_links":{"self":[{"href":"https:\/\/habibimb.com\/en\/wp-json\/wp\/v2\/product\/1943","targetHints":{"allow":["GET"]}}],"collection":[{"href":"https:\/\/habibimb.com\/en\/wp-json\/wp\/v2\/product"}],"about":[{"href":"https:\/\/habibimb.com\/en\/wp-json\/wp\/v2\/types\/product"}],"replies":[{"embeddable":true,"href":"https:\/\/habibimb.com\/en\/wp-json\/wp\/v2\/comments?post=1943"}],"wp:featuredmedia":[{"embeddable":true,"href":"https:\/\/habibimb.com\/en\/wp-json\/wp\/v2\/media\/1944"}],"wp:attachment":[{"href":"https:\/\/habibimb.com\/en\/wp-json\/wp\/v2\/media?parent=1943"}],"wp:term":[{"taxonomy":"product_brand","embeddable":true,"href":"https:\/\/habibimb.com\/en\/wp-json\/wp\/v2\/product_brand?post=1943"},{"taxonomy":"product_cat","embeddable":true,"href":"https:\/\/habibimb.com\/en\/wp-json\/wp\/v2\/product_cat?post=1943"},{"taxonomy":"product_tag","embeddable":true,"href":"https:\/\/habibimb.com\/en\/wp-json\/wp\/v2\/product_tag?post=1943"}],"curies":[{"name":"wp","href":"https:\/\/api.w.org\/{rel}","templated":true}]}}