{"id":1940,"date":"2025-04-27T08:42:11","date_gmt":"2025-04-27T08:42:11","guid":{"rendered":"https:\/\/habibimb.com\/?post_type=product&#038;p=1940"},"modified":"2025-05-15T07:31:55","modified_gmt":"2025-05-15T07:31:55","slug":"apa-de-parfum-ajwaa-murakaz-nusuk-femei-100ml","status":"publish","type":"product","link":"https:\/\/habibimb.com\/en\/product\/apa-de-parfum-ajwaa-murakaz-nusuk-femei-100ml\/","title":{"rendered":"Ajwaa Murakaz, Nusuk"},"content":{"rendered":"<h2>R\u0103sf\u0103\u021ba\u021bi-v\u0103 cu o experien\u021b\u0103 olfactiv\u0103 de lux<\/h2>\n<p>V\u0103 prezent\u0103m <strong>Apa De Parfum Ajwaa Murakaz, Nusuk, Femei &#8211; 100ml<\/strong>, unde elegan\u021ba \u00eent\u00e2lne\u0219te farmecul \u00eentr-o singur\u0103 sticl\u0103. Acest parfum rafinat este conceput special pentru femeile care apreciaz\u0103 lucrurile fine din via\u021b\u0103. Cu aroma sa captivant\u0103, promite s\u0103 lase o impresie de durat\u0103 oriunde te-ai duce.<\/p>\n<h2>O simfonie de note fine<\/h2>\n<p>Alura lui Ajwaa Murakaz este \u021besut\u0103 dintr-o tapiserie bogat\u0103 de note care se armonizeaz\u0103 frumos. Explozia ini\u021bial\u0103 de note de v\u00e2rf ofer\u0103 o prospe\u021bime antrenant\u0103, atr\u0103g\u00e2ndu-te \u00een \u00eembr\u0103\u021bi\u0219area sa \u00eenc\u00e2nt\u0103toare. Pe m\u0103sur\u0103 ce parfumul evolueaz\u0103, notele de inim\u0103 se desf\u0103\u0219oar\u0103, dezv\u0103luind un echilibru delicat de acorduri florale \u0219i fructate care creeaz\u0103 o experien\u021b\u0103 senzorial\u0103 de neuitat. \u00cen cele din urm\u0103, notele de baz\u0103 persist\u0103 gra\u021bios, l\u0103s\u00e2nd o urm\u0103 elegant\u0103 care captiveaz\u0103 sim\u021burile.<\/p>\n<h2>Perfect pentru orice ocazie<\/h2>\n<p>Fie c\u0103 te \u00eembraci pentru un eveniment formal sau cau\u021bi un parfum pentru purtarea zilnic\u0103, <strong>Ajwaa Murakaz<\/strong> este partenerul t\u0103u perfect. Trece f\u0103r\u0103 efort de la zi la noapte, f\u0103c\u00e2ndu-l un plus versatil pentru colec\u021bia ta de parfumuri. \u00cembr\u0103\u021bi\u0219eaz\u0103-\u021bi individualitatea \u0219i exprim\u0103-\u021bi personalitatea cu fiecare pulverizare a acestui parfum captivant.<\/p>\n<p>Satisfac\u021bia ta este garantat\u0103 cu calitatea premium a fiec\u0103rei sticle fabricate. Dimensiunea de 100 ml v\u0103 asigur\u0103 c\u0103 ave\u021bi suficient din acest parfum luxos pentru a v\u0103 \u00eembun\u0103t\u0103\u021bi experien\u021bele, aduc\u00e2nd \u00eencredere \u0219i rafinament \u00een fiecare moment.<\/p>\n<p>\u00cembun\u0103t\u0103\u021be\u0219te-\u021bi rutina de zi cu zi cu farmecul elegant al <strong>Apa De Parfum Ajwaa Murakaz, Nusuk, Femei &#8211; 100ml<\/strong>. Experimenteaz\u0103 diferen\u021ba unui parfum cu adev\u0103rat luxos care vorbe\u0219te despre esen\u021ba feminit\u0103\u021bii. F\u0103-l parte din stilul t\u0103u semn\u0103tur\u0103 ast\u0103zi!<\/p>","protected":false},"excerpt":{"rendered":"<p>Parfum asem\u0103n\u0103tor cu Armani My\u00a0Way<\/p>\n<p>&nbsp;<\/p>\n<p><strong>Note de v\u00e2rf:<\/strong>\u00a0Par\u0103, Rubarb\u0103, Coac\u0103ze negre;<\/p>\n<p><strong>Note de mijloc:<\/strong>\u00a0Tuberoz\u0103, Floare de portocal, Trandafir;<\/p>\n<p><strong>Note de baz\u0103:<\/strong>\u00a0Lemn de Santal, Castane, Note lemnoase.<\/p>","protected":false},"featured_media":1942,"comment_status":"open","ping_status":"closed","template":"","meta":{"om_disable_all_campaigns":false,"_monsterinsights_skip_tracking":false,"_monsterinsights_sitenote_active":false,"_monsterinsights_sitenote_note":"","_monsterinsights_sitenote_category":0},"product_brand":[77],"product_cat":[60],"product_tag":[],"class_list":{"0":"post-1940","1":"product","2":"type-product","3":"status-publish","4":"has-post-thumbnail","6":"product_brand-nusuk","7":"product_cat-promotii","9":"first","10":"instock","11":"sale","12":"shipping-taxable","13":"purchasable","14":"product-type-simple"},"aioseo_notices":[],"ct_brands":[{"id":77,"name":"Nusuk","slug":"nusuk"}],"_links":{"self":[{"href":"https:\/\/habibimb.com\/en\/wp-json\/wp\/v2\/product\/1940","targetHints":{"allow":["GET"]}}],"collection":[{"href":"https:\/\/habibimb.com\/en\/wp-json\/wp\/v2\/product"}],"about":[{"href":"https:\/\/habibimb.com\/en\/wp-json\/wp\/v2\/types\/product"}],"replies":[{"embeddable":true,"href":"https:\/\/habibimb.com\/en\/wp-json\/wp\/v2\/comments?post=1940"}],"wp:featuredmedia":[{"embeddable":true,"href":"https:\/\/habibimb.com\/en\/wp-json\/wp\/v2\/media\/1942"}],"wp:attachment":[{"href":"https:\/\/habibimb.com\/en\/wp-json\/wp\/v2\/media?parent=1940"}],"wp:term":[{"taxonomy":"product_brand","embeddable":true,"href":"https:\/\/habibimb.com\/en\/wp-json\/wp\/v2\/product_brand?post=1940"},{"taxonomy":"product_cat","embeddable":true,"href":"https:\/\/habibimb.com\/en\/wp-json\/wp\/v2\/product_cat?post=1940"},{"taxonomy":"product_tag","embeddable":true,"href":"https:\/\/habibimb.com\/en\/wp-json\/wp\/v2\/product_tag?post=1940"}],"curies":[{"name":"wp","href":"https:\/\/api.w.org\/{rel}","templated":true}]}}