{"id":1938,"date":"2025-04-27T08:40:06","date_gmt":"2025-04-27T08:40:06","guid":{"rendered":"https:\/\/habibimb.com\/?post_type=product&#038;p=1938"},"modified":"2026-01-11T09:58:11","modified_gmt":"2026-01-11T09:58:11","slug":"apa-de-parfum-ana-al-awwal-blue-nusuk-barbati-100ml","status":"publish","type":"product","link":"https:\/\/habibimb.com\/en\/product\/apa-de-parfum-ana-al-awwal-blue-nusuk-barbati-100ml\/","title":{"rendered":"Ana Al Awwal Blue, Nusuk"},"content":{"rendered":"<h2>Descoper\u0103 esen\u021ba elegan\u021bei<\/h2>\n<p>V\u0103 prezent\u0103m Apa De Parfum Ana Al Awwal Blue de la Nusuk, un parfum distins conceput pentru omul modern. Aceast\u0103 sticl\u0103 de 100 ml \u00eencapsuleaz\u0103 un amestec revigorant de note care rezoneaz\u0103 cu rafinament \u0219i farmec. Perfect pentru purtarea de zi cu zi sau pentru ocazii speciale, acest parfum promite s\u0103-\u021bi ridice aura \u0219i s\u0103 lase o impresie de durat\u0103.<\/p>\n<h2>Note \u00eemb\u0103t\u0103toare care captiveaz\u0103<\/h2>\n<p>Apa De Parfum Ana Al Awwal Blue se deschide cu note de v\u00e2rf vibrante care ademenesc sim\u021burile cu o explozie r\u0103coritoare, completat\u0103 de o inim\u0103 de nuan\u021be florale elegante. Notele de baz\u0103 ofer\u0103 un finisaj cald, lemnos, care persist\u0103 pe piele, cre\u00e2nd o arom\u0103 atr\u0103g\u0103toare, bogat\u0103 \u0219i sofisticat\u0103. Acest parfum echilibreaz\u0103 \u00een mod unic prospe\u021bimea \u0219i profunzimea, f\u0103c\u00e2ndu-l ideal pentru orice decor.<\/p>\n<h2>Parfumul t\u0103u de semn\u0103tur\u0103 te a\u0219teapt\u0103<\/h2>\n<p>Cu compozi\u021bia sa atent organizat\u0103, Apa De Parfum Ana Al Awwal Blue nu este doar un alt parfum; este o \u00eentruchipare a individualit\u0103\u021bii \u0219i a stilului. Fie c\u0103 te \u00eembraci pentru o noapte \u00een ora\u0219 sau te bucuri de o zi informal\u0103 cu prietenii, acest parfum se adapteaz\u0103 perfect stilului t\u0103u de via\u021b\u0103. F\u0103 o declara\u021bie \u0219i arat\u0103-\u021bi personalitatea unic\u0103 cu fiecare pulverizare.<\/p>","protected":false},"excerpt":{"rendered":"<p>Inspirat din Bleu de Chanel<\/p>\n<p>&nbsp;<\/p>\n<p><strong>Note de v\u00e2rf:<\/strong>\u00a0L\u0103m\u00e2ie, Grapefruit, Ment\u0103;<\/p>\n<p><strong>Note de mijloc:<\/strong>\u00a0Ghimbir, Nuc\u0219oar\u0103, Iasomie;<\/p>\n<p><strong>Note de baz\u0103:<\/strong>\u00a0Boabe de tonka, Vanilie, Vetiver.<\/p>","protected":false},"featured_media":1939,"comment_status":"open","ping_status":"closed","template":"","meta":{"om_disable_all_campaigns":false,"_monsterinsights_skip_tracking":false,"_monsterinsights_sitenote_active":false,"_monsterinsights_sitenote_note":"","_monsterinsights_sitenote_category":0},"product_brand":[77],"product_cat":[60],"product_tag":[],"class_list":{"0":"post-1938","1":"product","2":"type-product","3":"status-publish","4":"has-post-thumbnail","6":"product_brand-nusuk","7":"product_cat-promotii","9":"first","10":"instock","11":"sale","12":"shipping-taxable","13":"purchasable","14":"product-type-simple"},"aioseo_notices":[],"ct_brands":[{"id":77,"name":"Nusuk","slug":"nusuk"}],"_links":{"self":[{"href":"https:\/\/habibimb.com\/en\/wp-json\/wp\/v2\/product\/1938","targetHints":{"allow":["GET"]}}],"collection":[{"href":"https:\/\/habibimb.com\/en\/wp-json\/wp\/v2\/product"}],"about":[{"href":"https:\/\/habibimb.com\/en\/wp-json\/wp\/v2\/types\/product"}],"replies":[{"embeddable":true,"href":"https:\/\/habibimb.com\/en\/wp-json\/wp\/v2\/comments?post=1938"}],"wp:featuredmedia":[{"embeddable":true,"href":"https:\/\/habibimb.com\/en\/wp-json\/wp\/v2\/media\/1939"}],"wp:attachment":[{"href":"https:\/\/habibimb.com\/en\/wp-json\/wp\/v2\/media?parent=1938"}],"wp:term":[{"taxonomy":"product_brand","embeddable":true,"href":"https:\/\/habibimb.com\/en\/wp-json\/wp\/v2\/product_brand?post=1938"},{"taxonomy":"product_cat","embeddable":true,"href":"https:\/\/habibimb.com\/en\/wp-json\/wp\/v2\/product_cat?post=1938"},{"taxonomy":"product_tag","embeddable":true,"href":"https:\/\/habibimb.com\/en\/wp-json\/wp\/v2\/product_tag?post=1938"}],"curies":[{"name":"wp","href":"https:\/\/api.w.org\/{rel}","templated":true}]}}