{"id":1934,"date":"2025-04-27T08:18:48","date_gmt":"2025-04-27T08:18:48","guid":{"rendered":"https:\/\/habibimb.com\/?post_type=product&#038;p=1934"},"modified":"2026-01-19T08:45:43","modified_gmt":"2026-01-19T08:45:43","slug":"exctract-de-parfum-sultan-al-arab-nusuk-barbati-100ml","status":"publish","type":"product","link":"https:\/\/habibimb.com\/en\/product\/exctract-de-parfum-sultan-al-arab-nusuk-barbati-100ml\/","title":{"rendered":"Sultan Al Arab, Nusuk"},"content":{"rendered":"<h2>Dezl\u0103n\u021buie-\u021bi sim\u021burile<\/h2>\n<p>V\u0103 prezent\u0103m Extract De Parfum Sultan Al Arab de la Nusuk, un parfum captivant conceput pentru cei care apreciaz\u0103 rafinamentul \u0219i elegan\u021ba. Aceast\u0103 sticl\u0103 de 100 ml nu este doar un parfum; Este o c\u0103l\u0103torie olfactiv\u0103 care te \u00eenv\u0103luie \u00eentr-o experien\u021b\u0103 olfactiv\u0103 de lux. Fabricat folosind cele mai bune ingrediente, Sultan Al Arab este un amestec rafinat care echilibreaz\u0103 frumos notele bogate pentru a crea un parfum care este at\u00e2t atemporal, c\u00e2t \u0219i modern.<\/p>\n<h2>Un amestec armonios de note<\/h2>\n<p>Alura lui Sultan Al Arab const\u0103 \u00een notele sale frumos compuse care evoc\u0103 un sentiment de lini\u0219te \u0219i elegan\u021b\u0103. De la pulverizarea ini\u021bial\u0103, ve\u021bi observa notele de v\u00e2rf aromate care se desf\u0103\u0219oar\u0103 \u00eentr-o inim\u0103 de condimente delicate \u0219i flori profunde, cre\u00e2nd o aur\u0103 profund\u0103 \u0219i \u00eenc\u00e2nt\u0103toare. Pe m\u0103sur\u0103 ce parfumul se a\u0219eaz\u0103, dezv\u0103luie notele de baz\u0103 calde \u0219i primitoare, care promit o impresie persistent\u0103 care \u00eei captiveaz\u0103 pe cei din jurul t\u0103u.<\/p>\n<h2>Perfect pentru orice ocazie<\/h2>\n<p>Fie c\u0103 participa\u021bi la un eveniment formal, la o ie\u0219ire informal\u0103 sau pur \u0219i simplu v\u0103 bucura\u021bi de o zi acas\u0103, Extract De Parfum Sultan Al Arab este \u00eenso\u021bitorul perfect. Profilul s\u0103u olfactiv versatil \u00eel face potrivit at\u00e2t pentru zi, c\u00e2t \u0219i pentru noapte, oferindu-v\u0103 un aer de \u00eencredere \u0219i rafinament, indiferent de ocazie. Cu doar c\u00e2teva spray-uri, acest parfum luxos \u00ee\u021bi spore\u0219te prezen\u021ba \u0219i las\u0103 o semn\u0103tur\u0103 memorabil\u0103.<\/p>\n<p>Nusuk s-a asigurat c\u0103 fiecare element al Sultan Al Arab \u00eentruchipeaz\u0103 elegan\u021ba, de la ambalajul elegant p\u00e2n\u0103 la ingredientele atent selec\u021bionate. \u00cembun\u0103t\u0103\u021be\u0219te-\u021bi colec\u021bia de parfumuri cu aceast\u0103 capodoper\u0103 uimitoare \u0219i experimenteaz\u0103 rafinamentul care vine cu fiecare pic\u0103tur\u0103. R\u0103sf\u0103\u021ba\u021bi-v\u0103 sau d\u0103rui\u021bi-l unei persoane dragi, f\u0103c\u00e2nd fiecare moment extraordinar.<\/p>","protected":false},"excerpt":{"rendered":"<p><strong>Note de varf:<\/strong> Cardamom, Piper roz<\/p>\n<p><strong>Note de mijloc:<\/strong> Salvie<\/p>\n<p><strong>Note de baza:<\/strong>\u00a0Ambra, Vanilie, Castane glasate<\/p>\n<p><b>Parfum asemanator\/inspirat din:\u00a0<\/b><\/p>\n<div class=\"-g-pTop-attribute\">\n<div class=\"-g-attribute-value\">Armani STRONGER WITH YOU LEATHER<\/div>\n<\/div>","protected":false},"featured_media":1936,"comment_status":"open","ping_status":"closed","template":"","meta":{"om_disable_all_campaigns":false,"_monsterinsights_skip_tracking":false,"_monsterinsights_sitenote_active":false,"_monsterinsights_sitenote_note":"","_monsterinsights_sitenote_category":0},"product_brand":[77],"product_cat":[58,60],"product_tag":[],"class_list":{"0":"post-1934","1":"product","2":"type-product","3":"status-publish","4":"has-post-thumbnail","6":"product_brand-nusuk","7":"product_cat-extracte-si-esente","8":"product_cat-promotii","10":"first","11":"outofstock","12":"sale","13":"shipping-taxable","14":"purchasable","15":"product-type-simple"},"aioseo_notices":[],"ct_brands":[{"id":77,"name":"Nusuk","slug":"nusuk"}],"_links":{"self":[{"href":"https:\/\/habibimb.com\/en\/wp-json\/wp\/v2\/product\/1934","targetHints":{"allow":["GET"]}}],"collection":[{"href":"https:\/\/habibimb.com\/en\/wp-json\/wp\/v2\/product"}],"about":[{"href":"https:\/\/habibimb.com\/en\/wp-json\/wp\/v2\/types\/product"}],"replies":[{"embeddable":true,"href":"https:\/\/habibimb.com\/en\/wp-json\/wp\/v2\/comments?post=1934"}],"wp:featuredmedia":[{"embeddable":true,"href":"https:\/\/habibimb.com\/en\/wp-json\/wp\/v2\/media\/1936"}],"wp:attachment":[{"href":"https:\/\/habibimb.com\/en\/wp-json\/wp\/v2\/media?parent=1934"}],"wp:term":[{"taxonomy":"product_brand","embeddable":true,"href":"https:\/\/habibimb.com\/en\/wp-json\/wp\/v2\/product_brand?post=1934"},{"taxonomy":"product_cat","embeddable":true,"href":"https:\/\/habibimb.com\/en\/wp-json\/wp\/v2\/product_cat?post=1934"},{"taxonomy":"product_tag","embeddable":true,"href":"https:\/\/habibimb.com\/en\/wp-json\/wp\/v2\/product_tag?post=1934"}],"curies":[{"name":"wp","href":"https:\/\/api.w.org\/{rel}","templated":true}]}}