{"id":1931,"date":"2025-04-27T08:15:49","date_gmt":"2025-04-27T08:15:49","guid":{"rendered":"https:\/\/habibimb.com\/?post_type=product&#038;p=1931"},"modified":"2025-05-15T07:31:55","modified_gmt":"2025-05-15T07:31:55","slug":"exctract-de-parfum-areej-al-zahoor-nusuk-femei-100ml","status":"publish","type":"product","link":"https:\/\/habibimb.com\/en\/product\/exctract-de-parfum-areej-al-zahoor-nusuk-femei-100ml\/","title":{"rendered":"Areej Al Zahoor, Nusuk"},"content":{"rendered":"<h2>Dezv\u0103lui\u021bi luxul Areej Al Zahoor<\/h2>\n<p>P\u0103\u0219e\u0219te \u00eentr-o lume a parfumurilor rafinate cu <strong>Exctract De Parfum Areej Al Zahoor<\/strong>. Creat de Nusuk, acest parfum nu este doar un parfum; Este o experien\u021b\u0103 care captiveaz\u0103 sim\u021burile \u0219i las\u0103 o impresie de durat\u0103. Cu aroma sa atr\u0103g\u0103toare, aceast\u0103 sticl\u0103 de 100 ml este conceput\u0103 pentru femeia modern\u0103 care apreciaz\u0103 elegan\u021ba \u0219i rafinamentul.<\/p>\n<h2>Note care inspir\u0103<\/h2>\n<p>Parfumul lui Areej Al Zahoor se desf\u0103\u0219oar\u0103 frumos, \u00eencep\u00e2nd cu note de v\u00e2rf vibrante care te atrag prin prospe\u021bimea lor. Pe m\u0103sur\u0103 ce parfumul evolueaz\u0103, notele de mijloc dezv\u0103luie o inim\u0103 floral\u0103, \u00eembr\u0103\u021bi\u0219\u00e2nd purt\u0103torul cu o \u00eembr\u0103\u021bi\u0219are cald\u0103 \u0219i primitoare. \u00cen cele din urm\u0103, notele de baz\u0103 fundamenteaz\u0103 experien\u021ba, l\u0103s\u00e2nd o urm\u0103 de profunzime \u0219i bog\u0103\u021bie care persist\u0103 \u00een aer. Aceast\u0103 combina\u021bie rafinat\u0103 \u00eel face perfect pentru orice ocazie, fie c\u0103 este vorba de un eveniment formal sau de o \u00eent\u00e2lnire casual.<\/p>\n<h2>Un cadou perfect sau un r\u0103sf\u0103\u021b personal<\/h2>\n<p>Fie c\u0103 v\u0103 r\u0103sf\u0103\u021ba\u021bi sau c\u0103uta\u021bi cadoul ideal pentru o persoan\u0103 drag\u0103, <strong>Exctract De Parfum Areej Al Zahoor<\/strong> nu v\u0103 va dezam\u0103gi. Ambalat frumos, este un plus impresionant pentru orice colec\u021bie de parfumuri. Parfumul \u00eenc\u00e2nt\u0103tor asociat cu ambalajul elegant face din acest parfum o alegere de cadou atent\u0103 \u0219i luxoas\u0103. \u00cembun\u0103t\u0103\u021be\u0219te-\u021bi jocul de parfumuri \u0219i r\u0103sf\u0103\u021b\u0103-te cu notele frumoase pe care le ofer\u0103 acest parfum.<\/p>\n<p>Nu rata\u021bi ocazia de a de\u021bine un parfum atemporal care vorbe\u0219te despre feminitate \u0219i gra\u021bie. <strong>Adaug\u0103 Areej Al Zahoor<\/strong> la colec\u021bia ta ast\u0103zi \u0219i \u00eentruchipeaz\u0103 esen\u021ba rafinamentului.<\/p>","protected":false},"excerpt":{"rendered":"<p>Parfum asem\u0103n\u0103tor cu Delina Parfums de\u00a0Marly<\/p>\n<p>&nbsp;<\/p>\n<p><strong>Note de v\u00e2rf:<\/strong>\u00a0Rubarba, Litchi, Bergamota;<\/p>\n<p><strong>Note de mijloc:<\/strong>\u00a0Trandafir turcesc, Bujor, Vanilie;<\/p>\n<p><strong>Note de baz\u0103:<\/strong>\u00a0Lemn de casmir, Mosc, Vetiver.<\/p>","protected":false},"featured_media":1932,"comment_status":"open","ping_status":"closed","template":"","meta":{"om_disable_all_campaigns":false,"_monsterinsights_skip_tracking":false,"_monsterinsights_sitenote_active":false,"_monsterinsights_sitenote_note":"","_monsterinsights_sitenote_category":0},"product_brand":[77],"product_cat":[60],"product_tag":[],"class_list":{"0":"post-1931","1":"product","2":"type-product","3":"status-publish","4":"has-post-thumbnail","6":"product_brand-nusuk","7":"product_cat-promotii","9":"first","10":"instock","11":"sale","12":"shipping-taxable","13":"purchasable","14":"product-type-simple"},"aioseo_notices":[],"ct_brands":[{"id":77,"name":"Nusuk","slug":"nusuk"}],"_links":{"self":[{"href":"https:\/\/habibimb.com\/en\/wp-json\/wp\/v2\/product\/1931","targetHints":{"allow":["GET"]}}],"collection":[{"href":"https:\/\/habibimb.com\/en\/wp-json\/wp\/v2\/product"}],"about":[{"href":"https:\/\/habibimb.com\/en\/wp-json\/wp\/v2\/types\/product"}],"replies":[{"embeddable":true,"href":"https:\/\/habibimb.com\/en\/wp-json\/wp\/v2\/comments?post=1931"}],"wp:featuredmedia":[{"embeddable":true,"href":"https:\/\/habibimb.com\/en\/wp-json\/wp\/v2\/media\/1932"}],"wp:attachment":[{"href":"https:\/\/habibimb.com\/en\/wp-json\/wp\/v2\/media?parent=1931"}],"wp:term":[{"taxonomy":"product_brand","embeddable":true,"href":"https:\/\/habibimb.com\/en\/wp-json\/wp\/v2\/product_brand?post=1931"},{"taxonomy":"product_cat","embeddable":true,"href":"https:\/\/habibimb.com\/en\/wp-json\/wp\/v2\/product_cat?post=1931"},{"taxonomy":"product_tag","embeddable":true,"href":"https:\/\/habibimb.com\/en\/wp-json\/wp\/v2\/product_tag?post=1931"}],"curies":[{"name":"wp","href":"https:\/\/api.w.org\/{rel}","templated":true}]}}