{"id":1928,"date":"2025-04-27T08:11:45","date_gmt":"2025-04-27T08:11:45","guid":{"rendered":"https:\/\/habibimb.com\/?post_type=product&#038;p=1928"},"modified":"2025-05-15T07:31:54","modified_gmt":"2025-05-15T07:31:54","slug":"exctract-de-parfum-meraal-nusuk-unisex-100ml","status":"publish","type":"product","link":"https:\/\/habibimb.com\/en\/product\/exctract-de-parfum-meraal-nusuk-unisex-100ml\/","title":{"rendered":"Meraal, Nusuk"},"content":{"rendered":"<h2>Dezv\u0103lui\u021bi esen\u021ba luxului<\/h2>\n<p>Descoper\u0103 alura captivant\u0103 a <strong>Extract De Parfum Meraal<\/strong> de la Nusuk, un parfum unisex creat pentru cei care apreciaz\u0103 lucrurile fine din via\u021b\u0103. \u00cenvelit \u00eentr-o sticl\u0103 de 100 ml frumos proiectat\u0103, acest parfum ofer\u0103 o experien\u021b\u0103 de lux care vorbe\u0219te at\u00e2t despre elegan\u021b\u0103, c\u00e2t \u0219i despre rafinament. Amestecul s\u0103u unic de note bogate asigur\u0103 c\u0103 se adapteaz\u0103 f\u0103r\u0103 efort la orice ocazie, f\u0103c\u00e2ndu-l un element de baz\u0103 \u00een colec\u021bia ta.<\/p>\n<h2>O simfonie de note<\/h2>\n<p>Extract De Parfum Meraal este o compozi\u021bie armonioas\u0103, cu note de v\u00e2rf care trezesc sim\u021burile cu atrac\u021bia lor proasp\u0103t\u0103 \u0219i vibrant\u0103. Pe m\u0103sur\u0103 ce parfumul se desf\u0103\u0219oar\u0103, notele de mijloc prind via\u021b\u0103, dezv\u0103luind un echilibru complicat de note florale \u0219i picante care evoc\u0103 c\u0103ldur\u0103 \u0219i confort. \u00cen cele din urm\u0103, notele de baz\u0103 persist\u0103 u\u0219or, \u00eenv\u0103luindu-te \u00eentr-o \u00eembr\u0103\u021bi\u0219are reconfortant\u0103 mult timp dup\u0103 aplicarea ini\u021bial\u0103. Acest parfum \u00eentruchipeaz\u0103 profunzimea \u0219i complexitatea, adres\u00e2ndu-se celor care doresc s\u0103 fac\u0103 o impresie de durat\u0103.<\/p>\n<h2>De ce s\u0103 alegi Meraal de la Nusuk?<\/h2>\n<p>Alegerea Extract De Parfum Meraal nu \u00eenseamn\u0103 doar alegerea unui parfum; este o investi\u021bie \u00een calitate \u0219i sofisticare. Nusuk este renumit pentru angajamentul s\u0103u fa\u021b\u0103 de excelen\u021b\u0103, aprovizion\u00e2ndu-se cu cele mai bune ingrediente pentru a crea parfumuri care nu sunt doar de lung\u0103 durat\u0103, ci \u0219i bogat aromate. Fie c\u0103 v\u0103 \u00eembr\u0103ca\u021bi pentru o ocazie special\u0103 sau c\u0103uta\u021bi un parfum de semn\u0103tur\u0103 pentru purtarea de zi cu zi, Meraal se remarc\u0103 ca o alegere excep\u021bional\u0103 at\u00e2t pentru b\u0103rba\u021bi, c\u00e2t \u0219i pentru femei. Prezentarea sa echilibrat\u0103 asigur\u0103 c\u0103 poate fi purtat de oricine, f\u0103c\u00e2ndu-l un plus versatil pentru garderoba ta de parfumuri.<\/p>\n<p>R\u0103sf\u0103\u021ba\u021bi-v\u0103 cu esen\u021ba <strong>Extract De Parfum Meraal<\/strong> ast\u0103zi \u0219i l\u0103sa\u021bi parfumul s\u0103u fermec\u0103tor s\u0103 devin\u0103 o parte integrant\u0103 a identit\u0103\u021bii dumneavoastr\u0103.<\/p>","protected":false},"excerpt":{"rendered":"<p>Dezv\u0103lui\u021bi esen\u021ba luxului Descoper\u0103 alura captivant\u0103 a Extract De Parfum Meraal de la Nusuk, un parfum unisex creat pentru cei care apreciaz\u0103 lucrurile fine din via\u021b\u0103. \u00cenvelit \u00eentr-o sticl\u0103 de 100 ml frumos proiectat\u0103, acest parfum ofer\u0103 o experien\u021b\u0103 de lux care vorbe\u0219te at\u00e2t despre elegan\u021b\u0103, c\u00e2t \u0219i despre rafinament. Amestecul s\u0103u unic de note [&hellip;]<\/p>","protected":false},"featured_media":1930,"comment_status":"open","ping_status":"closed","template":"","meta":{"om_disable_all_campaigns":false,"_monsterinsights_skip_tracking":false,"_monsterinsights_sitenote_active":false,"_monsterinsights_sitenote_note":"","_monsterinsights_sitenote_category":0},"product_brand":[77],"product_cat":[60],"product_tag":[],"class_list":{"0":"post-1928","1":"product","2":"type-product","3":"status-publish","4":"has-post-thumbnail","6":"product_brand-nusuk","7":"product_cat-promotii","9":"first","10":"instock","11":"sale","12":"shipping-taxable","13":"purchasable","14":"product-type-simple"},"aioseo_notices":[],"ct_brands":[{"id":77,"name":"Nusuk","slug":"nusuk"}],"_links":{"self":[{"href":"https:\/\/habibimb.com\/en\/wp-json\/wp\/v2\/product\/1928","targetHints":{"allow":["GET"]}}],"collection":[{"href":"https:\/\/habibimb.com\/en\/wp-json\/wp\/v2\/product"}],"about":[{"href":"https:\/\/habibimb.com\/en\/wp-json\/wp\/v2\/types\/product"}],"replies":[{"embeddable":true,"href":"https:\/\/habibimb.com\/en\/wp-json\/wp\/v2\/comments?post=1928"}],"wp:featuredmedia":[{"embeddable":true,"href":"https:\/\/habibimb.com\/en\/wp-json\/wp\/v2\/media\/1930"}],"wp:attachment":[{"href":"https:\/\/habibimb.com\/en\/wp-json\/wp\/v2\/media?parent=1928"}],"wp:term":[{"taxonomy":"product_brand","embeddable":true,"href":"https:\/\/habibimb.com\/en\/wp-json\/wp\/v2\/product_brand?post=1928"},{"taxonomy":"product_cat","embeddable":true,"href":"https:\/\/habibimb.com\/en\/wp-json\/wp\/v2\/product_cat?post=1928"},{"taxonomy":"product_tag","embeddable":true,"href":"https:\/\/habibimb.com\/en\/wp-json\/wp\/v2\/product_tag?post=1928"}],"curies":[{"name":"wp","href":"https:\/\/api.w.org\/{rel}","templated":true}]}}