{"id":1924,"date":"2025-04-27T08:09:03","date_gmt":"2025-04-27T08:09:03","guid":{"rendered":"https:\/\/habibimb.com\/?post_type=product&#038;p=1924"},"modified":"2026-02-17T10:01:00","modified_gmt":"2026-02-17T10:01:00","slug":"exctract-de-parfum-mayar-nusuk-barbati-100ml","status":"publish","type":"product","link":"https:\/\/habibimb.com\/en\/product\/exctract-de-parfum-mayar-nusuk-barbati-100ml\/","title":{"rendered":"Mayar, Nusuk"},"content":{"rendered":"<h2>Descoper\u0103 parfumul atr\u0103g\u0103tor<\/h2>\n<p>Extract De Parfum Mayar de la Nusuk este mai mult dec\u00e2t un parfum; este o declara\u021bie de elegan\u021b\u0103. Conceput\u0103 pentru cei care apreciaz\u0103 calitatea \u0219i profunzimea parfumului lor, aceast\u0103 sticl\u0103 de 100 ml de Barbati ofer\u0103 o experien\u021b\u0103 de lux care captiveaz\u0103 sim\u021burile. Cu fiecare spray, vei trezi \u00een mintea celorlal\u021bi un sentiment de atrac\u021bie \u0219i rafinament, f\u0103c\u00e2ndu-l completarea perfect\u0103 pentru colec\u021bia ta.<\/p>\n<h2>Calitate \u0219i m\u0103iestrie de neegalat<\/h2>\n<p>Fiecare pic\u0103tur\u0103 de Extract De Parfum Mayar este realizat\u0103 meticulos folosind cele mai bune ingrediente combinate cu tehnici tradi\u021bionale de parfumerie. Notele sale bogate creeaz\u0103 o c\u0103l\u0103torie olfactiv\u0103 de neuitat, \u00eencep\u00e2nd cu note de v\u00e2rf vibrante care intrig\u0103 sim\u021burile, urmate de o inim\u0103 de compu\u0219i aromatici care \u00eentruchipeaz\u0103 esen\u021ba naturii. Pe m\u0103sur\u0103 ce parfumul se a\u0219eaz\u0103, notele calde de baz\u0103 ofer\u0103 o impresie profund\u0103 \u0219i de durat\u0103, asigur\u00e2ndu-v\u0103 c\u0103 l\u0103sa\u021bi o amprent\u0103 de durat\u0103 oriunde merge\u021bi.<\/p>\n<h2>Potrivirea perfect\u0103 pentru fiecare ocazie<\/h2>\n<p>Fie c\u0103 participa\u021bi la un eveniment formal, merge\u021bi la birou sau v\u0103 bucura\u021bi de o noapte \u00een ora\u0219, Extract De Parfum Mayar este suficient de versatil pentru a completa orice scenariu. Profilul s\u0103u olfactiv sofisticat transcende ocaziile, f\u0103c\u00e2ndu-l un parfum de semn\u0103tur\u0103 at\u00e2t pentru zi, c\u00e2t \u0219i pentru sear\u0103. Elegan\u021ba acestui parfum nu numai c\u0103 v\u0103 spore\u0219te prezen\u021ba, dar v\u0103 reflect\u0103 \u0219i stilul \u0219i caracterul personal.<\/p>\n<p>\u00cen concluzie, experimenta\u021bi un parfum care rezoneaz\u0103 cu rafinament \u0219i gra\u021bie. Extract De Parfum Mayar de la Nusuk, \u00een flaconul s\u0103u generos de 100 ml, nu este doar un parfum; este o experien\u021b\u0103, un \u00eenceput de conversa\u021bie \u0219i o \u00eentruchipare a atrac\u021biei.<\/p>","protected":false},"excerpt":{"rendered":"<p><strong>Note de varf:<\/strong>\u00a0Citrice, Condimente<br \/>\n<strong>Note de mijloc:<\/strong>\u00a0Note florale, Note lemnoase<br \/>\n<strong>Note de baza:<\/strong>\u00a0Ambra, Mosc<\/p>","protected":false},"featured_media":1926,"comment_status":"open","ping_status":"closed","template":"","meta":{"om_disable_all_campaigns":false,"_monsterinsights_skip_tracking":false,"_monsterinsights_sitenote_active":false,"_monsterinsights_sitenote_note":"","_monsterinsights_sitenote_category":0},"product_brand":[77],"product_cat":[58,60],"product_tag":[],"class_list":{"0":"post-1924","1":"product","2":"type-product","3":"status-publish","4":"has-post-thumbnail","6":"product_brand-nusuk","7":"product_cat-extracte-si-esente","8":"product_cat-promotii","10":"first","11":"instock","12":"sale","13":"shipping-taxable","14":"purchasable","15":"product-type-simple"},"aioseo_notices":[],"ct_brands":[{"id":77,"name":"Nusuk","slug":"nusuk"}],"_links":{"self":[{"href":"https:\/\/habibimb.com\/en\/wp-json\/wp\/v2\/product\/1924","targetHints":{"allow":["GET"]}}],"collection":[{"href":"https:\/\/habibimb.com\/en\/wp-json\/wp\/v2\/product"}],"about":[{"href":"https:\/\/habibimb.com\/en\/wp-json\/wp\/v2\/types\/product"}],"replies":[{"embeddable":true,"href":"https:\/\/habibimb.com\/en\/wp-json\/wp\/v2\/comments?post=1924"}],"wp:featuredmedia":[{"embeddable":true,"href":"https:\/\/habibimb.com\/en\/wp-json\/wp\/v2\/media\/1926"}],"wp:attachment":[{"href":"https:\/\/habibimb.com\/en\/wp-json\/wp\/v2\/media?parent=1924"}],"wp:term":[{"taxonomy":"product_brand","embeddable":true,"href":"https:\/\/habibimb.com\/en\/wp-json\/wp\/v2\/product_brand?post=1924"},{"taxonomy":"product_cat","embeddable":true,"href":"https:\/\/habibimb.com\/en\/wp-json\/wp\/v2\/product_cat?post=1924"},{"taxonomy":"product_tag","embeddable":true,"href":"https:\/\/habibimb.com\/en\/wp-json\/wp\/v2\/product_tag?post=1924"}],"curies":[{"name":"wp","href":"https:\/\/api.w.org\/{rel}","templated":true}]}}