{"id":1921,"date":"2025-04-27T08:07:16","date_gmt":"2025-04-27T08:07:16","guid":{"rendered":"https:\/\/habibimb.com\/?post_type=product&#038;p=1921"},"modified":"2025-05-15T07:31:54","modified_gmt":"2025-05-15T07:31:54","slug":"exctract-de-parfum-salwa-nusuk-barbati-100ml","status":"publish","type":"product","link":"https:\/\/habibimb.com\/en\/product\/exctract-de-parfum-salwa-nusuk-barbati-100ml\/","title":{"rendered":"Salwa, Nusuk"},"content":{"rendered":"<h2>Dezv\u0103luie esen\u021ba atr\u0103g\u0103toare<\/h2>\n<p>Experimenta\u021bi parfumul luxos al <strong>Extract De Parfum Salwa<\/strong> de la Nusuk. Acest parfum rafinat captiveaz\u0103 sim\u021burile, oferind un amestec bogat \u0219i \u00eenc\u00e2nt\u0103tor conceput pentru a l\u0103sa o impresie de durat\u0103. Perfect\u0103 pentru acele momente speciale, aceast\u0103 sticl\u0103 de 100 ml aduce rafinament \u0219i elegan\u021b\u0103 colec\u021biei tale de parfumuri.<\/p>\n<h2>Creat pentru individul cu discern\u0103m\u00e2nt<\/h2>\n<p>Nusuk a creat meticulos Extract De Parfum Salwa pentru a satisface cei care apreciaz\u0103 lucrurile mai bune din via\u021b\u0103. Fiecare spritz te \u00eenv\u0103luie \u00eentr-o c\u0103l\u0103torie aromatic\u0103 care armonizeaz\u0103 notele tradi\u021bionale \u0219i contemporane. Parfumul se deschide cu note de v\u00e2rf proaspete, care se desf\u0103\u0219oar\u0103 gra\u021bios \u00een note de inim\u0103 care \u00eei dezv\u0103luie adev\u0103ratul caracter &#8211; sofisticat, dar primitor.<\/p>\n<h2>Experien\u021b\u0103 de parfum de lung\u0103 durat\u0103<\/h2>\n<p>Formulat pentru longevitate, <strong>Salwa<\/strong> \u00ee\u0219i men\u021bine parfumul rafinat pe tot parcursul zilei, asigur\u00e2ndu-v\u0103 c\u0103 v\u0103 sim\u021bi\u021bi proasp\u0103t \u0219i elegant, indiferent de ocazie. Ideal at\u00e2t pentru ie\u0219irile din timpul zilei, c\u00e2t \u0219i pentru seratele de sear\u0103, acest parfum transcende obi\u0219nuitul, f\u0103c\u00e2ndu-l alegerea perfect\u0103 pentru oricine dore\u0219te s\u0103-\u0219i \u00eembun\u0103t\u0103\u021beasc\u0103 aura cu o not\u0103 de lux.<\/p>\n<p>\u00cembun\u0103t\u0103\u021be\u0219te-\u021bi jocul de parfumuri cu Extract De Parfum Salwa de la Nusuk. Sticla frumos proiectat\u0103 nu numai c\u0103 de\u021bine o esen\u021b\u0103 captivant\u0103, dar serve\u0219te \u0219i ca un plus izbitor pentru toaleta ta. R\u0103sf\u0103\u021ba\u021bi-v\u0103 sau d\u0103rui\u021bi-l unei persoane dragi &#8211; elegan\u021ba pur\u0103 a acestui parfum va impresiona cu siguran\u021b\u0103.<\/p>","protected":false},"excerpt":{"rendered":"<p>Dezv\u0103luie esen\u021ba atr\u0103g\u0103toare Experimenta\u021bi parfumul luxos al Extract De Parfum Salwa de la Nusuk. Acest parfum rafinat captiveaz\u0103 sim\u021burile, oferind un amestec bogat \u0219i \u00eenc\u00e2nt\u0103tor conceput pentru a l\u0103sa o impresie de durat\u0103. Perfect\u0103 pentru acele momente speciale, aceast\u0103 sticl\u0103 de 100 ml aduce rafinament \u0219i elegan\u021b\u0103 colec\u021biei tale de parfumuri. Creat pentru individul cu [&hellip;]<\/p>","protected":false},"featured_media":1923,"comment_status":"open","ping_status":"closed","template":"","meta":{"om_disable_all_campaigns":false,"_monsterinsights_skip_tracking":false,"_monsterinsights_sitenote_active":false,"_monsterinsights_sitenote_note":"","_monsterinsights_sitenote_category":0},"product_brand":[77],"product_cat":[58,60],"product_tag":[],"class_list":{"0":"post-1921","1":"product","2":"type-product","3":"status-publish","4":"has-post-thumbnail","6":"product_brand-nusuk","7":"product_cat-extracte-si-esente","8":"product_cat-promotii","10":"first","11":"instock","12":"sale","13":"shipping-taxable","14":"purchasable","15":"product-type-simple"},"aioseo_notices":[],"ct_brands":[{"id":77,"name":"Nusuk","slug":"nusuk"}],"_links":{"self":[{"href":"https:\/\/habibimb.com\/en\/wp-json\/wp\/v2\/product\/1921","targetHints":{"allow":["GET"]}}],"collection":[{"href":"https:\/\/habibimb.com\/en\/wp-json\/wp\/v2\/product"}],"about":[{"href":"https:\/\/habibimb.com\/en\/wp-json\/wp\/v2\/types\/product"}],"replies":[{"embeddable":true,"href":"https:\/\/habibimb.com\/en\/wp-json\/wp\/v2\/comments?post=1921"}],"wp:featuredmedia":[{"embeddable":true,"href":"https:\/\/habibimb.com\/en\/wp-json\/wp\/v2\/media\/1923"}],"wp:attachment":[{"href":"https:\/\/habibimb.com\/en\/wp-json\/wp\/v2\/media?parent=1921"}],"wp:term":[{"taxonomy":"product_brand","embeddable":true,"href":"https:\/\/habibimb.com\/en\/wp-json\/wp\/v2\/product_brand?post=1921"},{"taxonomy":"product_cat","embeddable":true,"href":"https:\/\/habibimb.com\/en\/wp-json\/wp\/v2\/product_cat?post=1921"},{"taxonomy":"product_tag","embeddable":true,"href":"https:\/\/habibimb.com\/en\/wp-json\/wp\/v2\/product_tag?post=1921"}],"curies":[{"name":"wp","href":"https:\/\/api.w.org\/{rel}","templated":true}]}}