{"id":1918,"date":"2025-04-27T08:05:09","date_gmt":"2025-04-27T08:05:09","guid":{"rendered":"https:\/\/habibimb.com\/?post_type=product&#038;p=1918"},"modified":"2025-05-15T07:31:54","modified_gmt":"2025-05-15T07:31:54","slug":"exctract-de-parfum-aya-nusuk-barbati-100ml","status":"publish","type":"product","link":"https:\/\/habibimb.com\/en\/product\/exctract-de-parfum-aya-nusuk-barbati-100ml\/","title":{"rendered":"Aya, Nusuk"},"content":{"rendered":"<h2>Experimenta\u021bi esen\u021ba elegan\u021bei<\/h2>\n<p>R\u0103sf\u0103\u021ba\u021bi-v\u0103 cu aroma \u00eenc\u00e2nt\u0103toare a Extract De Parfum Aya de la Nusuk, conceput special pentru omul modern. Acest parfum rafinat surprinde esen\u021ba rafinamentului \u0219i a stilului, f\u0103c\u00e2ndu-l un plus esen\u021bial pentru colec\u021bia ta de parfumuri.<\/p>\n<h2>Un parfum care spune multe<\/h2>\n<p>Extract De Parfum Aya nu este doar un parfum; este o declara\u021bie. Cu notele sale captivante, acest parfum prezint\u0103 un amestec armonios de nuan\u021be proaspete \u0219i calde, cre\u00e2nd o impresie de durat\u0103 care persist\u0103 pe tot parcursul zilei. Fiecare spray te \u00eenv\u0103luie \u00eentr-un v\u0103l de elegan\u021b\u0103, f\u0103c\u00e2ndu-l perfect pentru orice ocazie, fie c\u0103 este vorba de o ie\u0219ire casual sau un eveniment formal.<\/p>\n<h2>Calitate de neegalat \u00een fiecare pic\u0103tur\u0103<\/h2>\n<p>La 100 ml, Extract De Parfum Aya ofer\u0103 o cantitate abundent\u0103 de parfum creat cu grij\u0103. Formula concentrat\u0103 asigur\u0103 c\u0103 pu\u021bin merge departe, oferind o purtare de lung\u0103 durat\u0103 care te men\u021bine mirosul grozav de diminea\u021ba p\u00e2n\u0103 seara. Formulat cu cele mai bune ingrediente, acest parfum este conceput pentru a evoca \u00eencredere \u0219i farmec, sporindu-\u021bi alura natural\u0103.<\/p>\n<p>Experimenteaz\u0103 puterea transformatoare a elegan\u021bei parfumate cu Extract De Parfum Aya \u0219i las\u0103-\u021bi parfumul s\u0103-\u021bi spun\u0103 povestea. Fie c\u0103 v\u0103 r\u0103sf\u0103\u021ba\u021bi sau c\u0103uta\u021bi cadoul perfect pentru o persoan\u0103 drag\u0103, acest parfum va impresiona cu siguran\u021b\u0103. Cufund\u0103-te \u00een lumea luxoas\u0103 a Nusuk \u0219i f\u0103 o impresie de durat\u0103 cu fiecare aplicare.<\/p>","protected":false},"excerpt":{"rendered":"<p>Experimenta\u021bi esen\u021ba elegan\u021bei R\u0103sf\u0103\u021ba\u021bi-v\u0103 cu aroma \u00eenc\u00e2nt\u0103toare a Extract De Parfum Aya de la Nusuk, conceput special pentru omul modern. Acest parfum rafinat surprinde esen\u021ba rafinamentului \u0219i a stilului, f\u0103c\u00e2ndu-l un plus esen\u021bial pentru colec\u021bia ta de parfumuri. Un parfum care spune multe Extract De Parfum Aya nu este doar un parfum; este o declara\u021bie. [&hellip;]<\/p>","protected":false},"featured_media":1920,"comment_status":"open","ping_status":"closed","template":"","meta":{"om_disable_all_campaigns":false,"_monsterinsights_skip_tracking":false,"_monsterinsights_sitenote_active":false,"_monsterinsights_sitenote_note":"","_monsterinsights_sitenote_category":0},"product_brand":[77],"product_cat":[58,60],"product_tag":[],"class_list":{"0":"post-1918","1":"product","2":"type-product","3":"status-publish","4":"has-post-thumbnail","6":"product_brand-nusuk","7":"product_cat-extracte-si-esente","8":"product_cat-promotii","10":"first","11":"instock","12":"sale","13":"shipping-taxable","14":"purchasable","15":"product-type-simple"},"aioseo_notices":[],"ct_brands":[{"id":77,"name":"Nusuk","slug":"nusuk"}],"_links":{"self":[{"href":"https:\/\/habibimb.com\/en\/wp-json\/wp\/v2\/product\/1918","targetHints":{"allow":["GET"]}}],"collection":[{"href":"https:\/\/habibimb.com\/en\/wp-json\/wp\/v2\/product"}],"about":[{"href":"https:\/\/habibimb.com\/en\/wp-json\/wp\/v2\/types\/product"}],"replies":[{"embeddable":true,"href":"https:\/\/habibimb.com\/en\/wp-json\/wp\/v2\/comments?post=1918"}],"wp:featuredmedia":[{"embeddable":true,"href":"https:\/\/habibimb.com\/en\/wp-json\/wp\/v2\/media\/1920"}],"wp:attachment":[{"href":"https:\/\/habibimb.com\/en\/wp-json\/wp\/v2\/media?parent=1918"}],"wp:term":[{"taxonomy":"product_brand","embeddable":true,"href":"https:\/\/habibimb.com\/en\/wp-json\/wp\/v2\/product_brand?post=1918"},{"taxonomy":"product_cat","embeddable":true,"href":"https:\/\/habibimb.com\/en\/wp-json\/wp\/v2\/product_cat?post=1918"},{"taxonomy":"product_tag","embeddable":true,"href":"https:\/\/habibimb.com\/en\/wp-json\/wp\/v2\/product_tag?post=1918"}],"curies":[{"name":"wp","href":"https:\/\/api.w.org\/{rel}","templated":true}]}}