{"id":1915,"date":"2025-04-27T08:00:45","date_gmt":"2025-04-27T08:00:45","guid":{"rendered":"https:\/\/habibimb.com\/?post_type=product&#038;p=1915"},"modified":"2025-05-15T07:31:54","modified_gmt":"2025-05-15T07:31:54","slug":"exctract-de-parfum-meera-gold-nusuk-unisex-100ml","status":"publish","type":"product","link":"https:\/\/habibimb.com\/en\/product\/exctract-de-parfum-meera-gold-nusuk-unisex-100ml\/","title":{"rendered":"Meera Gold, Nusuk"},"content":{"rendered":"<h2>Experimenta\u021bi esen\u021ba luxului<\/h2>\n<p>V\u0103 prezent\u0103m Extract De Parfum Meera Gold de la Nusuk, un parfum realizat cu m\u0103iestrie care \u00eentruchipeaz\u0103 rafinamentul \u0219i elegan\u021ba. Acest parfum unisex, ad\u0103postit \u00eentr-o sticl\u0103 uimitoare de 100 ml, invit\u0103 at\u00e2t b\u0103rba\u021bii, c\u00e2t \u0219i femeile s\u0103 se \u00eenv\u0103luie \u00eentr-o aur\u0103 de alur\u0103 \u0219i farmec. Meera Gold nu este doar un parfum; Este o declara\u021bie de stil \u0219i lux care v\u0103 accentueaz\u0103 individualitatea.<\/p>\n<h2>Un amestec armonios de note<\/h2>\n<p>Meera Gold se deschide cu o not\u0103 de v\u00e2rf captivant\u0103 care \u00ee\u021bi aprinde sim\u021burile, amestec\u00e2nd acorduri florale \u0219i fructate subtile care trec u\u0219or \u00eentr-o inim\u0103 bogat\u0103 de condimente rafinate \u0219i nuan\u021be aromatice. Notele de baz\u0103 ofer\u0103 un final cald \u0219i persistent, \u00eempletind esen\u021ba chihlimbarului \u0219i a moscului \u00eentr-o armonie perfect\u0103. Aceast\u0103 compozi\u021bie de neegalat garanteaz\u0103 o experien\u021b\u0103 de parfum atr\u0103g\u0103toare care dureaz\u0103 toat\u0103 ziua.<\/p>\n<h2>Perfect pentru orice ocazie<\/h2>\n<p>Acest parfum unisex versatil este conceput pentru a transcende grani\u021bele \u0219i ocaziile, f\u0103c\u00e2ndu-l ideal pentru purtarea zilnic\u0103 sau evenimente speciale. Fie c\u0103 mergi la serviciu, participi la o gal\u0103 sau te bucuri de o ie\u0219ire casual cu prietenii, Extract De Parfum Meera Gold se adapteaz\u0103 perfect stilului t\u0103u de via\u021b\u0103. Profilul s\u0103u olfactiv sofisticat prezint\u0103 o elegan\u021b\u0103 f\u0103r\u0103 efort, care va l\u0103sa cu siguran\u021b\u0103 o impresie de durat\u0103.<\/p>\n<p>Creat pentru persoanele exigente, Extract De Parfum Meera Gold este mai mult dec\u00e2t un simplu parfum; Serve\u0219te ca o semn\u0103tur\u0103 personal\u0103 care v\u0103 \u00eembun\u0103t\u0103\u021be\u0219te caracterul unic. \u00cembun\u0103t\u0103\u021be\u0219te-\u021bi jocul de parfumuri cu acest parfum unisex care se armonizeaz\u0103 cu esen\u021ba masculinit\u0103\u021bii \u0219i feminit\u0103\u021bii.<\/p>\n<p>\u00cembun\u0103t\u0103\u021be\u0219te-\u021bi rutina de zi cu zi cu \u00eembr\u0103\u021bi\u0219area aromat\u0103 a Meera Gold. R\u0103sf\u0103\u021ba\u021bi-v\u0103 cu luxul pe care Nusuk \u00eel ofer\u0103 cu acest parfum captivant care celebreaz\u0103 frumuse\u021bea diversit\u0103\u021bii. Descoperi\u021bi ast\u0103zi noul parfum de semn\u0103tur\u0103.<\/p>","protected":false},"excerpt":{"rendered":"<p>Experimenta\u021bi esen\u021ba luxului V\u0103 prezent\u0103m Extract De Parfum Meera Gold de la Nusuk, un parfum realizat cu m\u0103iestrie care \u00eentruchipeaz\u0103 rafinamentul \u0219i elegan\u021ba. Acest parfum unisex, ad\u0103postit \u00eentr-o sticl\u0103 uimitoare de 100 ml, invit\u0103 at\u00e2t b\u0103rba\u021bii, c\u00e2t \u0219i femeile s\u0103 se \u00eenv\u0103luie \u00eentr-o aur\u0103 de alur\u0103 \u0219i farmec. Meera Gold nu este doar un parfum; [&hellip;]<\/p>","protected":false},"featured_media":1917,"comment_status":"open","ping_status":"closed","template":"","meta":{"om_disable_all_campaigns":false,"_monsterinsights_skip_tracking":false,"_monsterinsights_sitenote_active":false,"_monsterinsights_sitenote_note":"","_monsterinsights_sitenote_category":0},"product_brand":[77],"product_cat":[58,60],"product_tag":[],"class_list":{"0":"post-1915","1":"product","2":"type-product","3":"status-publish","4":"has-post-thumbnail","6":"product_brand-nusuk","7":"product_cat-extracte-si-esente","8":"product_cat-promotii","10":"first","11":"instock","12":"sale","13":"shipping-taxable","14":"purchasable","15":"product-type-simple"},"aioseo_notices":[],"ct_brands":[{"id":77,"name":"Nusuk","slug":"nusuk"}],"_links":{"self":[{"href":"https:\/\/habibimb.com\/en\/wp-json\/wp\/v2\/product\/1915","targetHints":{"allow":["GET"]}}],"collection":[{"href":"https:\/\/habibimb.com\/en\/wp-json\/wp\/v2\/product"}],"about":[{"href":"https:\/\/habibimb.com\/en\/wp-json\/wp\/v2\/types\/product"}],"replies":[{"embeddable":true,"href":"https:\/\/habibimb.com\/en\/wp-json\/wp\/v2\/comments?post=1915"}],"wp:featuredmedia":[{"embeddable":true,"href":"https:\/\/habibimb.com\/en\/wp-json\/wp\/v2\/media\/1917"}],"wp:attachment":[{"href":"https:\/\/habibimb.com\/en\/wp-json\/wp\/v2\/media?parent=1915"}],"wp:term":[{"taxonomy":"product_brand","embeddable":true,"href":"https:\/\/habibimb.com\/en\/wp-json\/wp\/v2\/product_brand?post=1915"},{"taxonomy":"product_cat","embeddable":true,"href":"https:\/\/habibimb.com\/en\/wp-json\/wp\/v2\/product_cat?post=1915"},{"taxonomy":"product_tag","embeddable":true,"href":"https:\/\/habibimb.com\/en\/wp-json\/wp\/v2\/product_tag?post=1915"}],"curies":[{"name":"wp","href":"https:\/\/api.w.org\/{rel}","templated":true}]}}