{"id":1912,"date":"2025-04-27T07:58:33","date_gmt":"2025-04-27T07:58:33","guid":{"rendered":"https:\/\/habibimb.com\/?post_type=product&#038;p=1912"},"modified":"2025-05-15T07:31:54","modified_gmt":"2025-05-15T07:31:54","slug":"exctract-de-parfum-meshal-noir-gold-nusuk-unisex-100ml","status":"publish","type":"product","link":"https:\/\/habibimb.com\/en\/product\/exctract-de-parfum-meshal-noir-gold-nusuk-unisex-100ml\/","title":{"rendered":"Meshal Noir Gold, Nusuk"},"content":{"rendered":"<h2>Descoperi\u021bi farmecul lui Meshal Noir Gold<\/h2>\n<p>V\u0103 prezent\u0103m Extract De Parfum Meshal Noir Gold de la Nusuk, un parfum unisex luxos conceput pentru a captiva \u0219i \u00eenc\u00e2nta. Acest parfum rafinat este perfect pentru persoanele care apreciaz\u0103 profunzimea \u0219i rafinamentul \u00een alegerile lor de parfum. Cu o sticl\u0103 generoas\u0103 de 100 ml, nu este doar un parfum; Este o experien\u021b\u0103 care a\u0219teapt\u0103 s\u0103 se desf\u0103\u0219oare cu fiecare pulverizare.<\/p>\n<h2>Note de parfum care transcend genul<\/h2>\n<p>Parfumul Meshal Noir Gold se m\u00e2ndre\u0219te cu un amestec elegant de note care \u00eembin\u0103 perfect complexitatea \u0219i farmecul. Notele de v\u00e2rf trezesc sim\u021burile cu acorduri vibrante, \u00een timp ce inima dezv\u0103luie un buchet atr\u0103g\u0103tor care persist\u0103 pe piele. Baza este locul \u00een care acest parfum str\u0103luce\u0219te cu adev\u0103rat, cre\u00e2nd un traseu fascinant care te men\u021bine proasp\u0103t \u0219i revigorat pe tot parcursul zilei. Este conceput pentru cei care doresc s\u0103 fac\u0103 o impresie de durat\u0103, fie la o \u00eent\u00e2lnire important\u0103, la o ie\u0219ire casual sau la un eveniment de sear\u0103.<\/p>\n<h2>Parfumul t\u0103u de semn\u0103tur\u0103 te a\u0219teapt\u0103<\/h2>\n<p>Alegerea parfumului potrivit v\u0103 poate transforma starea de spirit \u0219i v\u0103 poate \u00eembun\u0103t\u0103\u021bi stilul personal. Extract De Parfum Meshal Noir Gold ofer\u0103 versatilitate, f\u0103c\u00e2ndu-l potrivit at\u00e2t pentru purtarea zilnic\u0103, c\u00e2t \u0219i pentru ocazii speciale. Formula sa unisex asigur\u0103 c\u0103 oricine se poate r\u0103sf\u0103\u021ba cu \u00eembr\u0103\u021bi\u0219area sa aromat\u0103, permi\u021b\u00e2ndu-v\u0103 s\u0103 v\u0103 exprima\u021bi individualitatea. \u00cembun\u0103t\u0103\u021be\u0219te-\u021bi jocul de parfumuri \u0219i devino parte dintr-o mo\u0219tenire de parfumuri care vorbe\u0219te despre esen\u021ba elegan\u021bei moderne.<\/p>","protected":false},"excerpt":{"rendered":"<p><strong>Note de varf:<\/strong>\u00a0Citrice, Condimente<br \/>\n<strong>Note de mijloc:<\/strong>\u00a0Note florale, Note exotice, Note lemnoase<br \/>\n<strong>Note de baza:<\/strong>\u00a0Chihlimbar, Vanilie, Mosc<\/p>","protected":false},"featured_media":1913,"comment_status":"open","ping_status":"closed","template":"","meta":{"om_disable_all_campaigns":false,"_monsterinsights_skip_tracking":false,"_monsterinsights_sitenote_active":false,"_monsterinsights_sitenote_note":"","_monsterinsights_sitenote_category":0},"product_brand":[77],"product_cat":[58,60],"product_tag":[],"class_list":{"0":"post-1912","1":"product","2":"type-product","3":"status-publish","4":"has-post-thumbnail","6":"product_brand-nusuk","7":"product_cat-extracte-si-esente","8":"product_cat-promotii","10":"first","11":"instock","12":"sale","13":"shipping-taxable","14":"purchasable","15":"product-type-simple"},"aioseo_notices":[],"ct_brands":[{"id":77,"name":"Nusuk","slug":"nusuk"}],"_links":{"self":[{"href":"https:\/\/habibimb.com\/en\/wp-json\/wp\/v2\/product\/1912","targetHints":{"allow":["GET"]}}],"collection":[{"href":"https:\/\/habibimb.com\/en\/wp-json\/wp\/v2\/product"}],"about":[{"href":"https:\/\/habibimb.com\/en\/wp-json\/wp\/v2\/types\/product"}],"replies":[{"embeddable":true,"href":"https:\/\/habibimb.com\/en\/wp-json\/wp\/v2\/comments?post=1912"}],"wp:featuredmedia":[{"embeddable":true,"href":"https:\/\/habibimb.com\/en\/wp-json\/wp\/v2\/media\/1913"}],"wp:attachment":[{"href":"https:\/\/habibimb.com\/en\/wp-json\/wp\/v2\/media?parent=1912"}],"wp:term":[{"taxonomy":"product_brand","embeddable":true,"href":"https:\/\/habibimb.com\/en\/wp-json\/wp\/v2\/product_brand?post=1912"},{"taxonomy":"product_cat","embeddable":true,"href":"https:\/\/habibimb.com\/en\/wp-json\/wp\/v2\/product_cat?post=1912"},{"taxonomy":"product_tag","embeddable":true,"href":"https:\/\/habibimb.com\/en\/wp-json\/wp\/v2\/product_tag?post=1912"}],"curies":[{"name":"wp","href":"https:\/\/api.w.org\/{rel}","templated":true}]}}