{"id":1909,"date":"2025-04-27T07:51:04","date_gmt":"2025-04-27T07:51:04","guid":{"rendered":"https:\/\/habibimb.com\/?post_type=product&#038;p=1909"},"modified":"2025-11-27T11:03:48","modified_gmt":"2025-11-27T11:03:48","slug":"exctract-de-parfum-al-mukhtalif-nusuk-unisex-100ml","status":"publish","type":"product","link":"https:\/\/habibimb.com\/en\/product\/exctract-de-parfum-al-mukhtalif-nusuk-unisex-100ml\/","title":{"rendered":"Al Mukhtalif, Nusuk"},"content":{"rendered":"<h2>Experimenta\u021bi un parfum unic<\/h2>\n<p>Descoperi\u021bi farmecul fermec\u0103tor al <strong>Extract De Parfum Al Mukhtalif<\/strong> de la Nusuk. Acest parfum unisex de lux este conceput pentru cei care \u00eembr\u0103\u021bi\u0219eaz\u0103 individualitatea \u0219i rafinamentul. Cu notele sale captivante, Al Mukhtalif ofer\u0103 o c\u0103l\u0103torie olfactiv\u0103 care este at\u00e2t intrigant\u0103, c\u00e2t \u0219i primitoare, f\u0103c\u00e2ndu-l o completare atemporal\u0103 pentru colec\u021bia ta de parfumuri.<\/p>\n<h2>Note bogate pentru fiecare ocazie<\/h2>\n<p>Extract De Parfum Al Mukhtalif se deschide cu un amestec armonios de condimente exotice \u0219i flori proaspete, cre\u00e2nd o prim\u0103 impresie vibrant\u0103. Pe m\u0103sur\u0103 ce parfumul se dezvolt\u0103, apar nuan\u021be calde \u0219i lemnoase, oferind profunzime \u0219i caracter. Acest parfum versatil este perfect pentru orice ocazie, indiferent dac\u0103 v\u0103 afla\u021bi la un eveniment formal sau v\u0103 bucura\u021bi de o \u00eent\u00e2lnire casual, ceea ce \u00eel face un must-have at\u00e2t pentru b\u0103rba\u021bi, c\u00e2t \u0219i pentru femei.<\/p>\n<h2>Elegan\u021b\u0103 \u00een fiecare detaliu<\/h2>\n<p>Ambalat \u00eentr-o sticl\u0103 elegant\u0103 de 100 ml, Extract De Parfum Al Mukhtalif nu numai c\u0103 captiveaz\u0103 sim\u021burile, dar \u00ee\u021bi \u00eempodobe\u0219te \u0219i vanitatea cu designul s\u0103u elegant. Calitatea premium a parfumului asigur\u0103 un parfum de lung\u0103 durat\u0103, permi\u021b\u00e2ndu-v\u0103 s\u0103 face\u021bi o declara\u021bie oriunde merge\u021bi. Experimenta\u021bi luxul zilnic cu fiecare spray \u0219i l\u0103sa\u021bi acest parfum rafinat s\u0103 devin\u0103 parfumul dvs.<\/p>","protected":false},"excerpt":{"rendered":"<p>Experimenta\u021bi un parfum unic Descoperi\u021bi farmecul fermec\u0103tor al Extract De Parfum Al Mukhtalif de la Nusuk. Acest parfum unisex de lux este conceput pentru cei care \u00eembr\u0103\u021bi\u0219eaz\u0103 individualitatea \u0219i rafinamentul. Cu notele sale captivante, Al Mukhtalif ofer\u0103 o c\u0103l\u0103torie olfactiv\u0103 care este at\u00e2t intrigant\u0103, c\u00e2t \u0219i primitoare, f\u0103c\u00e2ndu-l o completare atemporal\u0103 pentru colec\u021bia ta de [&hellip;]<\/p>","protected":false},"featured_media":1911,"comment_status":"open","ping_status":"closed","template":"","meta":{"om_disable_all_campaigns":false,"_monsterinsights_skip_tracking":false,"_monsterinsights_sitenote_active":false,"_monsterinsights_sitenote_note":"","_monsterinsights_sitenote_category":0},"product_brand":[77],"product_cat":[58,60],"product_tag":[],"class_list":{"0":"post-1909","1":"product","2":"type-product","3":"status-publish","4":"has-post-thumbnail","6":"product_brand-nusuk","7":"product_cat-extracte-si-esente","8":"product_cat-promotii","10":"first","11":"instock","12":"shipping-taxable","13":"purchasable","14":"product-type-simple"},"aioseo_notices":[],"ct_brands":[{"id":77,"name":"Nusuk","slug":"nusuk"}],"_links":{"self":[{"href":"https:\/\/habibimb.com\/en\/wp-json\/wp\/v2\/product\/1909","targetHints":{"allow":["GET"]}}],"collection":[{"href":"https:\/\/habibimb.com\/en\/wp-json\/wp\/v2\/product"}],"about":[{"href":"https:\/\/habibimb.com\/en\/wp-json\/wp\/v2\/types\/product"}],"replies":[{"embeddable":true,"href":"https:\/\/habibimb.com\/en\/wp-json\/wp\/v2\/comments?post=1909"}],"wp:featuredmedia":[{"embeddable":true,"href":"https:\/\/habibimb.com\/en\/wp-json\/wp\/v2\/media\/1911"}],"wp:attachment":[{"href":"https:\/\/habibimb.com\/en\/wp-json\/wp\/v2\/media?parent=1909"}],"wp:term":[{"taxonomy":"product_brand","embeddable":true,"href":"https:\/\/habibimb.com\/en\/wp-json\/wp\/v2\/product_brand?post=1909"},{"taxonomy":"product_cat","embeddable":true,"href":"https:\/\/habibimb.com\/en\/wp-json\/wp\/v2\/product_cat?post=1909"},{"taxonomy":"product_tag","embeddable":true,"href":"https:\/\/habibimb.com\/en\/wp-json\/wp\/v2\/product_tag?post=1909"}],"curies":[{"name":"wp","href":"https:\/\/api.w.org\/{rel}","templated":true}]}}