{"id":1906,"date":"2025-04-27T07:48:14","date_gmt":"2025-04-27T07:48:14","guid":{"rendered":"https:\/\/habibimb.com\/?post_type=product&#038;p=1906"},"modified":"2025-11-26T11:56:20","modified_gmt":"2025-11-26T11:56:20","slug":"exctract-de-parfum-al-mukhtalif-signature-nusuk-unisex-100ml","status":"publish","type":"product","link":"https:\/\/habibimb.com\/en\/product\/exctract-de-parfum-al-mukhtalif-signature-nusuk-unisex-100ml\/","title":{"rendered":"Al Mukhtalif Signature, Nusuk"},"content":{"rendered":"<h2>Descoperi\u021bi semn\u0103tura Al Mukhtalif<\/h2>\n<p>Dezl\u0103n\u021buie elegan\u021ba personajului t\u0103u cu Exctract De Parfum Al Mukhtalif Signature. Acest parfum rafinat, creat de renumitul brand Nusuk, \u00eentruchipeaz\u0103 rafinamentul \u0219i farmecul atemporal, f\u0103c\u00e2ndu-l un plus obligatoriu pentru colec\u021bia ta de parfumuri. Ideal at\u00e2t pentru b\u0103rba\u021bi, c\u00e2t \u0219i pentru femei, aduce un echilibru armonios de note care satisfac gusturile fiec\u0103rui individ.<\/p>\n<h2>Creat pentru distinc\u021bie<\/h2>\n<p>Exctract De Parfum Al Mukhtalif Signature se remarc\u0103 prin amestecul s\u0103u de ingrediente premium, asigur\u00e2nd un parfum de \u00eenalt\u0103 calitate, care dureaz\u0103 mai mult dec\u00e2t op\u021biunile tradi\u021bionale. \u00cembin\u00e2nd delicat nuan\u021bele florale \u0219i lemnoase, acest parfum ofer\u0103 o arom\u0103 r\u0103coritoare care v\u0103 \u00eembun\u0103t\u0103\u021be\u0219te experien\u021bele de zi cu zi. Fie c\u0103 te \u00eembraci pentru o ocazie special\u0103 sau te bucuri de o ie\u0219ire casual, acest parfum unisex adaug\u0103 o not\u0103 de lux oric\u0103rui moment.<\/p>\n<h2>Cadoul perfect pentru orice ocazie<\/h2>\n<p>Cau\u021bi cadoul perfect? Nu c\u0103uta\u021bi mai departe! Exctract De Parfum Al Mukhtalif Signature vine ambalat elegant, ceea ce \u00eel face o alegere excelent\u0103 pentru zile de na\u0219tere, anivers\u0103ri sau pur \u0219i simplu pentru c\u0103. \u00cemp\u0103rt\u0103\u0219irea acestui parfum \u00eenc\u00e2nt\u0103tor demonstreaz\u0103 grij\u0103 \u0219i o not\u0103 de clas\u0103. Cu atrac\u021bia sa universal\u0103, fie pentru o persoan\u0103 drag\u0103, fie pentru tine, acest parfum va impresiona cu siguran\u021b\u0103.<\/p>\n<p>\u00cembun\u0103t\u0103\u021be\u0219te-\u021bi jocul de parfumuri \u00eempreun\u0103 cu stilul t\u0103u, \u00eembr\u0103\u021bi\u0219\u00e2nd esen\u021ba Exctract De Parfum Al Mukhtalif Signature. Descoperi\u021bi ast\u0103zi farmecul caracterului s\u0103u sofisticat \u0219i face\u021bi fiecare moment memorabil.<\/p>","protected":false},"excerpt":{"rendered":"<p>Inspirat din Ombre Nomade Louis Vuitton<\/p>\n<p>&nbsp;<\/p>\n<p><strong>Note de v\u00e2rf:<\/strong>\u00a0Note citrice, Note condimentate;<\/p>\n<p><strong>Note de mijloc:<\/strong>\u00a0Note florale;<\/p>\n<p><strong>Note de baz\u0103:<\/strong>\u00a0Ambra, Mosc.<\/p>","protected":false},"featured_media":1907,"comment_status":"open","ping_status":"closed","template":"","meta":{"om_disable_all_campaigns":false,"_monsterinsights_skip_tracking":false,"_monsterinsights_sitenote_active":false,"_monsterinsights_sitenote_note":"","_monsterinsights_sitenote_category":0},"product_brand":[77],"product_cat":[58,60],"product_tag":[],"class_list":{"0":"post-1906","1":"product","2":"type-product","3":"status-publish","4":"has-post-thumbnail","6":"product_brand-nusuk","7":"product_cat-extracte-si-esente","8":"product_cat-promotii","10":"first","11":"outofstock","12":"sale","13":"shipping-taxable","14":"purchasable","15":"product-type-simple"},"aioseo_notices":[],"ct_brands":[{"id":77,"name":"Nusuk","slug":"nusuk"}],"_links":{"self":[{"href":"https:\/\/habibimb.com\/en\/wp-json\/wp\/v2\/product\/1906","targetHints":{"allow":["GET"]}}],"collection":[{"href":"https:\/\/habibimb.com\/en\/wp-json\/wp\/v2\/product"}],"about":[{"href":"https:\/\/habibimb.com\/en\/wp-json\/wp\/v2\/types\/product"}],"replies":[{"embeddable":true,"href":"https:\/\/habibimb.com\/en\/wp-json\/wp\/v2\/comments?post=1906"}],"wp:featuredmedia":[{"embeddable":true,"href":"https:\/\/habibimb.com\/en\/wp-json\/wp\/v2\/media\/1907"}],"wp:attachment":[{"href":"https:\/\/habibimb.com\/en\/wp-json\/wp\/v2\/media?parent=1906"}],"wp:term":[{"taxonomy":"product_brand","embeddable":true,"href":"https:\/\/habibimb.com\/en\/wp-json\/wp\/v2\/product_brand?post=1906"},{"taxonomy":"product_cat","embeddable":true,"href":"https:\/\/habibimb.com\/en\/wp-json\/wp\/v2\/product_cat?post=1906"},{"taxonomy":"product_tag","embeddable":true,"href":"https:\/\/habibimb.com\/en\/wp-json\/wp\/v2\/product_tag?post=1906"}],"curies":[{"name":"wp","href":"https:\/\/api.w.org\/{rel}","templated":true}]}}