{"id":1904,"date":"2025-04-27T07:43:54","date_gmt":"2025-04-27T07:43:54","guid":{"rendered":"https:\/\/habibimb.com\/?post_type=product&#038;p=1904"},"modified":"2025-05-15T07:31:54","modified_gmt":"2025-05-15T07:31:54","slug":"apa-de-parfum-scandaleuse-collection-privee-femei-50ml","status":"publish","type":"product","link":"https:\/\/habibimb.com\/en\/product\/apa-de-parfum-scandaleuse-collection-privee-femei-50ml\/","title":{"rendered":"Scandaleuse, Collection Priv\u00e9e"},"content":{"rendered":"<h2>Dezv\u0103luie-\u021bi esen\u021ba unic\u0103<\/h2>\n<p>V\u0103 prezent\u0103m Apa De Parfum Scandaleuse din prestigioasa Colec\u021bie Priv\u00e9e, conceput\u0103 special pentru femeile care doresc s\u0103-\u0219i exprime individualitatea. Acest parfum luxos \u00eencapsuleaz\u0103 spiritul \u00eendr\u0103zne\u021b al feminit\u0103\u021bii moderne, permi\u021b\u00e2ndu-v\u0103 s\u0103 l\u0103sa\u021bi o impresie de durat\u0103 oriunde merge\u021bi. Cu amestecul s\u0103u rafinat de note atr\u0103g\u0103toare, Scandaleuse ofer\u0103 un parfum at\u00e2t \u00eendr\u0103zne\u021b, c\u00e2t \u0219i elegant, f\u0103c\u00e2ndu-l completarea perfect\u0103 pentru garderoba ta de parfumuri.<\/p>\n<h2>Profilul parfumului atr\u0103g\u0103tor<\/h2>\n<p>Scandaleuse se deschide cu o explozie vibrant\u0103 de note fructate \u0219i florale, armoniz\u00e2ndu-se delicat pentru a crea o prim\u0103 impresie \u00eembietoare. Pe m\u0103sur\u0103 ce parfumul evolueaz\u0103, apar nuan\u021be calde, dezv\u0103luind o inim\u0103 \u00eembog\u0103\u021bit\u0103 cu senzualitate \u0219i rafinament. \u00cen cele din urm\u0103, notele de baz\u0103 profunde ofer\u0103 un final persistent, invit\u00e2ndu-v\u0103 s\u0103 v\u0103 \u00eentoarce\u021bi pentru mai mult. Cu fiecare strat, acest parfum spune o poveste de feminitate \u0219i farmec, ideal\u0103 pentru orice ocazie, fie c\u0103 este vorba de o zi la birou sau de o noapte \u00een ora\u0219.<\/p>\n<h2>M\u0103iestrie de calitate \u00een fiecare pic\u0103tur\u0103<\/h2>\n<p>Fabricat cu cea mai mare precizie \u0219i folosind doar cele mai bune ingrediente, Apa De Parfum Scandaleuse asigur\u0103 c\u0103 fiecare spray ofer\u0103 o experien\u021b\u0103 olfactiv\u0103 de neuitat. Sticla de 50 ml cu design elegant nu numai c\u0103 reflect\u0103 rafinamentul con\u021binutului s\u0103u, dar o face \u0219i un plus frumos pentru toaleta ta. Mai mult dec\u00e2t un parfum, Scandaleuse este o expresie a \u00eencrederii \u00een sine \u0219i a stilului, permi\u021b\u00e2ndu-v\u0103 s\u0103 v\u0103 s\u0103rb\u0103tori\u021bi unicitatea \u00een fiecare zi.<\/p>\n<p>Perfect pentru cadou sau ca r\u0103sf\u0103\u021b pentru tine, acest parfum surprinde inima a ceea ce \u00eenseamn\u0103 s\u0103 fii o femeie modern\u0103. \u00cembr\u0103\u021bi\u0219eaz\u0103-\u021bi farmecul interior cu Scandaleuse \u0219i las\u0103-\u021bi parfumul s\u0103 spun\u0103 multe.<\/p>","protected":false},"excerpt":{"rendered":"<p><b>Parfum similar cu Scandal by Jean Paul Gaultier<\/b><\/p>","protected":false},"featured_media":1905,"comment_status":"open","ping_status":"closed","template":"","meta":{"om_disable_all_campaigns":false,"_monsterinsights_skip_tracking":false,"_monsterinsights_sitenote_active":false,"_monsterinsights_sitenote_note":"","_monsterinsights_sitenote_category":0},"product_brand":[84],"product_cat":[60],"product_tag":[],"class_list":{"0":"post-1904","1":"product","2":"type-product","3":"status-publish","4":"has-post-thumbnail","6":"product_brand-collection-privee","7":"product_cat-promotii","9":"first","10":"instock","11":"sale","12":"shipping-taxable","13":"purchasable","14":"product-type-simple"},"aioseo_notices":[],"ct_brands":[{"id":84,"name":"Collection Priv\u00e9e","slug":"collection-privee"}],"_links":{"self":[{"href":"https:\/\/habibimb.com\/en\/wp-json\/wp\/v2\/product\/1904","targetHints":{"allow":["GET"]}}],"collection":[{"href":"https:\/\/habibimb.com\/en\/wp-json\/wp\/v2\/product"}],"about":[{"href":"https:\/\/habibimb.com\/en\/wp-json\/wp\/v2\/types\/product"}],"replies":[{"embeddable":true,"href":"https:\/\/habibimb.com\/en\/wp-json\/wp\/v2\/comments?post=1904"}],"wp:featuredmedia":[{"embeddable":true,"href":"https:\/\/habibimb.com\/en\/wp-json\/wp\/v2\/media\/1905"}],"wp:attachment":[{"href":"https:\/\/habibimb.com\/en\/wp-json\/wp\/v2\/media?parent=1904"}],"wp:term":[{"taxonomy":"product_brand","embeddable":true,"href":"https:\/\/habibimb.com\/en\/wp-json\/wp\/v2\/product_brand?post=1904"},{"taxonomy":"product_cat","embeddable":true,"href":"https:\/\/habibimb.com\/en\/wp-json\/wp\/v2\/product_cat?post=1904"},{"taxonomy":"product_tag","embeddable":true,"href":"https:\/\/habibimb.com\/en\/wp-json\/wp\/v2\/product_tag?post=1904"}],"curies":[{"name":"wp","href":"https:\/\/api.w.org\/{rel}","templated":true}]}}