{"id":1901,"date":"2025-04-27T07:42:04","date_gmt":"2025-04-27T07:42:04","guid":{"rendered":"https:\/\/habibimb.com\/?post_type=product&#038;p=1901"},"modified":"2025-05-15T07:31:54","modified_gmt":"2025-05-15T07:31:54","slug":"parfum-supreme-bourgeois-collection-privee-unisex-50ml","status":"publish","type":"product","link":"https:\/\/habibimb.com\/en\/product\/parfum-supreme-bourgeois-collection-privee-unisex-50ml\/","title":{"rendered":"Parfum Supreme Bourgeois, Collection Priv\u00e9e"},"content":{"rendered":"<h2>Dezv\u0103lui\u021bi esen\u021ba luxului<\/h2>\n<p>V\u0103 prezent\u0103m Parfum Supreme Bourgeois din apreciata colec\u021bie Priv\u00e9e, un parfum unisex captivant care transcende grani\u021bele parfumului conven\u021bional. La 50 ml, acest parfum rafinat promite s\u0103-\u021bi ridice aura, l\u0103s\u00e2nd \u00een acela\u0219i timp o impresie de neuitat oriunde te-ai duce. \u00cembr\u0103\u021bi\u0219eaz\u0103 esen\u021ba luxului care este creat\u0103 at\u00e2t pentru el, c\u00e2t \u0219i pentru ea, invit\u00e2nd pe toat\u0103 lumea s\u0103 se r\u0103sfe\u021be cu alura sa sofisticat\u0103.<\/p>\n<h2>O simfonie de note distinctive<\/h2>\n<p>Parfum Supreme Bourgeois este un amestec armonios de note bogate \u0219i complicate, concepute pentru a \u00eenc\u00e2nta sim\u021burile. Cu note de v\u00e2rf care str\u0103lucesc cu str\u0103lucire, acest parfum se deschide cu citrice vibrante \u0219i note de condimente r\u0103coritoare, atr\u0103g\u00e2nd instantaneu aten\u021bia. Inima dezv\u0103luie un buchet floral \u00eempletit cu nuan\u021be calde, invit\u00e2nd la un aer de intimitate \u0219i rafinament. \u00cen cele din urm\u0103, notele de baz\u0103 \u00eemp\u0103m\u00e2nteaz\u0103 parfumul cu arome profunde, p\u0103m\u00e2ntii, care persist\u0103 pe tot parcursul zilei, cre\u00e2nd o \u00eembr\u0103\u021bi\u0219are cald\u0103 care \u00eei captiveaz\u0103 pe cei din jurul t\u0103u.<\/p>\n<h2>Elegan\u021b\u0103 \u00eentr-o sticl\u0103<\/h2>\n<p>M\u0103iestria Parfum Supreme Bourgeois se extinde dincolo de parfumul s\u0103u. G\u0103zduit \u00eentr-o sticl\u0103 de 50 ml frumos proiectat\u0103, silueta sa elegant\u0103 reflect\u0103 rafinamentul parfumului din interior. Perfect portabil, acest parfum este ideal pentru orice ocazie &#8211; fie c\u0103 te \u00eendrep\u021bi spre o \u00eent\u00e2lnire de afaceri important\u0103, o sear\u0103 \u00een ora\u0219 sau te bucuri de o zi informal\u0103. Atractivitatea sa unisex asigur\u0103 c\u0103 acest parfum nu este doar versatil, ci \u0219i un plus obligatoriu pentru colec\u021bia ta de parfumuri.<\/p>\n<p>Dezl\u0103n\u021buie-\u021bi rafinamentul interior ast\u0103zi cu Parfum Supreme Bourgeois. \u00cembr\u0103\u021bi\u0219eaz\u0103 nuan\u021bele luxului \u0219i las\u0103 acestui parfum rafinat s\u0103-\u021bi surprind\u0103 esen\u021ba. F\u0103-l al t\u0103u \u0219i bucur\u0103-te de un parfum care \u00eentruchipeaz\u0103 elegan\u021b\u0103, farmec \u0219i atingerea perfect\u0103 a oric\u0103rei \u021binute.<\/p>","protected":false},"excerpt":{"rendered":"<p><strong>NOTE DE TOP<\/strong><br \/>\nNote fructate, pere si piper roz<br \/>\n<strong>NOTE DE MIJLOC<\/strong><br \/>\nTuberoza, Ylang-ylang si Iasomie<br \/>\n<strong>NOTE DE FOND<\/strong><br \/>\nChihlimbar, paciuli \u0219i mosc<\/p>","protected":false},"featured_media":1903,"comment_status":"open","ping_status":"closed","template":"","meta":{"om_disable_all_campaigns":false,"_monsterinsights_skip_tracking":false,"_monsterinsights_sitenote_active":false,"_monsterinsights_sitenote_note":"","_monsterinsights_sitenote_category":0},"product_brand":[84],"product_cat":[60],"product_tag":[],"class_list":{"0":"post-1901","1":"product","2":"type-product","3":"status-publish","4":"has-post-thumbnail","6":"product_brand-collection-privee","7":"product_cat-promotii","9":"first","10":"outofstock","11":"sale","12":"shipping-taxable","13":"purchasable","14":"product-type-simple"},"aioseo_notices":[],"ct_brands":[{"id":84,"name":"Collection Priv\u00e9e","slug":"collection-privee"}],"_links":{"self":[{"href":"https:\/\/habibimb.com\/en\/wp-json\/wp\/v2\/product\/1901","targetHints":{"allow":["GET"]}}],"collection":[{"href":"https:\/\/habibimb.com\/en\/wp-json\/wp\/v2\/product"}],"about":[{"href":"https:\/\/habibimb.com\/en\/wp-json\/wp\/v2\/types\/product"}],"replies":[{"embeddable":true,"href":"https:\/\/habibimb.com\/en\/wp-json\/wp\/v2\/comments?post=1901"}],"wp:featuredmedia":[{"embeddable":true,"href":"https:\/\/habibimb.com\/en\/wp-json\/wp\/v2\/media\/1903"}],"wp:attachment":[{"href":"https:\/\/habibimb.com\/en\/wp-json\/wp\/v2\/media?parent=1901"}],"wp:term":[{"taxonomy":"product_brand","embeddable":true,"href":"https:\/\/habibimb.com\/en\/wp-json\/wp\/v2\/product_brand?post=1901"},{"taxonomy":"product_cat","embeddable":true,"href":"https:\/\/habibimb.com\/en\/wp-json\/wp\/v2\/product_cat?post=1901"},{"taxonomy":"product_tag","embeddable":true,"href":"https:\/\/habibimb.com\/en\/wp-json\/wp\/v2\/product_tag?post=1901"}],"curies":[{"name":"wp","href":"https:\/\/api.w.org\/{rel}","templated":true}]}}