{"id":1898,"date":"2025-04-27T07:37:20","date_gmt":"2025-04-27T07:37:20","guid":{"rendered":"https:\/\/habibimb.com\/?post_type=product&#038;p=1898"},"modified":"2025-11-19T11:34:26","modified_gmt":"2025-11-19T11:34:26","slug":"rose-musk-by-anfar-london-extract-de-parfum-femei-100ml","status":"publish","type":"product","link":"https:\/\/habibimb.com\/en\/product\/rose-musk-by-anfar-london-extract-de-parfum-femei-100ml\/","title":{"rendered":"Rose Musk, By Anfar London"},"content":{"rendered":"<h2>R\u0103sf\u0103\u021ba\u021bi-v\u0103 cu esen\u021ba moscului de trandafir<\/h2>\n<p>V\u0103 prezent\u0103m <strong>Rose Musk<\/strong> de Anfar London, un <em>extract de parfum<\/em> captivant conceput pentru femeia modern\u0103 care apreciaz\u0103 puritatea notelor florale \u00eempletite cu o baz\u0103 moscat\u0103. Cu o sticl\u0103 generoas\u0103 de 100 ml, acest parfum te invit\u0103 s\u0103 experimentezi un amestec armonios de lux \u0219i elegan\u021b\u0103, f\u0103c\u00e2ndu-l un plus perfect pentru colec\u021bia ta de parfumuri.<\/p>\n<h2>Compozi\u021bia parfumului<\/h2>\n<p>\u00cen inima <strong>lui Rose Musk<\/strong> se afl\u0103 o tapiserie bogat\u0103 de note care evoc\u0103 un sentiment de rafinament. Notele de v\u00e2rf str\u0103lucitoare introduc o arom\u0103 proasp\u0103t\u0103 \u0219i vibrant\u0103 de trandafiri \u00eenflori\u021bi, \u00een timp ce inima dezv\u0103luie o \u00eembr\u0103\u021bi\u0219are cald\u0103 de mosc cremos, stratificat delicat pentru a oferi o experien\u021b\u0103 senzual\u0103. Acest parfum \u00eenc\u00e2nt\u0103tor v\u0103 asigur\u0103 c\u0103 \u00eentoarce\u021bi capetele \u0219i l\u0103sa\u021bi o impresie de durat\u0103 oriunde merge\u021bi.<\/p>\n<h2>Perfect pentru orice ocazie<\/h2>\n<p>Fie c\u0103 te \u00eendrep\u021bi spre birou, te \u00eent\u00e2lne\u0219ti cu prietenii pentru un brunch sau te preg\u0103te\u0219ti pentru o sear\u0103 romantic\u0103, <strong>Rose Musk<\/strong> completeaz\u0103 perfect fiecare \u021binut\u0103 \u0219i ocazie. Formula sa de lung\u0103 durat\u0103 v\u0103 asigur\u0103 c\u0103 r\u0103m\u00e2ne\u021bi \u00eenv\u0103luit \u00een acest parfum \u00eenc\u00e2nt\u0103tor pe tot parcursul zilei. \u00cembun\u0103t\u0103\u021be\u0219te-\u021bi rutina de zi cu zi cu o not\u0103 de elegan\u021b\u0103 \u0219i rafinament pe care numai Anfar London o poate oferi.<\/p>\n<p>Experimenteaz\u0103 farmecul <strong>lui Rose Musk<\/strong> &#8211; unde pasiunea \u00eent\u00e2lne\u0219te arta \u00eentr-o sticl\u0103. Cu fiecare aplicare, r\u0103sf\u0103\u021ba\u021bi-v\u0103 cu luxul unui parfum care v\u0103 reprezint\u0103 cu adev\u0103rat personalitatea \u0219i vibra\u021bia. Designul rafinat al sticlei o face, de asemenea, un plus uimitor pentru toaleta ta sau un cadou atent pentru cineva special.<\/p>","protected":false},"excerpt":{"rendered":"<p><strong>Inspirat din Roses Musk Montale<\/strong><\/p>\n<p><strong>Note de varf:<\/strong>\u00a0Trandafir, Mosc<br \/>\n<strong>Note de mijloc:<\/strong>\u00a0Trandafir turcesc<br \/>\n<strong>Note de baza:<\/strong>\u00a0Mosc, Mosc uscat<\/p>","protected":false},"featured_media":1900,"comment_status":"open","ping_status":"closed","template":"","meta":{"om_disable_all_campaigns":false,"_monsterinsights_skip_tracking":false,"_monsterinsights_sitenote_active":false,"_monsterinsights_sitenote_note":"","_monsterinsights_sitenote_category":0},"product_brand":[79],"product_cat":[60],"product_tag":[],"class_list":{"0":"post-1898","1":"product","2":"type-product","3":"status-publish","4":"has-post-thumbnail","6":"product_brand-by-anfar-london","7":"product_cat-promotii","9":"first","10":"instock","11":"sale","12":"shipping-taxable","13":"purchasable","14":"product-type-simple"},"aioseo_notices":[],"ct_brands":[{"id":79,"name":"By Anfar London","slug":"by-anfar-london"}],"_links":{"self":[{"href":"https:\/\/habibimb.com\/en\/wp-json\/wp\/v2\/product\/1898","targetHints":{"allow":["GET"]}}],"collection":[{"href":"https:\/\/habibimb.com\/en\/wp-json\/wp\/v2\/product"}],"about":[{"href":"https:\/\/habibimb.com\/en\/wp-json\/wp\/v2\/types\/product"}],"replies":[{"embeddable":true,"href":"https:\/\/habibimb.com\/en\/wp-json\/wp\/v2\/comments?post=1898"}],"wp:featuredmedia":[{"embeddable":true,"href":"https:\/\/habibimb.com\/en\/wp-json\/wp\/v2\/media\/1900"}],"wp:attachment":[{"href":"https:\/\/habibimb.com\/en\/wp-json\/wp\/v2\/media?parent=1898"}],"wp:term":[{"taxonomy":"product_brand","embeddable":true,"href":"https:\/\/habibimb.com\/en\/wp-json\/wp\/v2\/product_brand?post=1898"},{"taxonomy":"product_cat","embeddable":true,"href":"https:\/\/habibimb.com\/en\/wp-json\/wp\/v2\/product_cat?post=1898"},{"taxonomy":"product_tag","embeddable":true,"href":"https:\/\/habibimb.com\/en\/wp-json\/wp\/v2\/product_tag?post=1898"}],"curies":[{"name":"wp","href":"https:\/\/api.w.org\/{rel}","templated":true}]}}