{"id":1896,"date":"2025-04-27T07:35:38","date_gmt":"2025-04-27T07:35:38","guid":{"rendered":"https:\/\/habibimb.com\/?post_type=product&#038;p=1896"},"modified":"2025-12-20T19:24:00","modified_gmt":"2025-12-20T19:24:00","slug":"peach-desire-by-anfar-london-extract-de-parfum-femei-100ml","status":"publish","type":"product","link":"https:\/\/habibimb.com\/en\/product\/peach-desire-by-anfar-london-extract-de-parfum-femei-100ml\/","title":{"rendered":"Peach Desire, By Anfar London"},"content":{"rendered":"<h2>Dezl\u0103n\u021buie-\u021bi elegan\u021ba interioar\u0103<\/h2>\n<p>Descoperi\u021bi farmecul <strong>Peach Desire<\/strong> de Anfar London, un extract de parfum luxos creat cu meticulozitate pentru femeia modern\u0103. Acest parfum rafinat, prezentat \u00eentr-o sticl\u0103 generoas\u0103 de 100 ml, \u00eencapsuleaz\u0103 esen\u021ba feminit\u0103\u021bii cu amestecul s\u0103u frumos de note fructate \u0219i florale. \u00cembun\u0103t\u0103\u021be\u0219te-\u021bi colec\u021bia de parfumuri \u0219i f\u0103 o impresie de durat\u0103 cu acest parfum semn\u0103tur\u0103 care \u00eentruchipeaz\u0103 rafinamentul \u0219i gra\u021bia.<\/p>\n<h2>O simfonie de note de parfum<\/h2>\n<p>Peach Desire se deschide cu o explozie str\u0103lucitoare de piersici coapte suculente care revigoreaz\u0103 instantaneu sim\u021burile. Pe m\u0103sur\u0103 ce parfumul se desf\u0103\u0219oar\u0103, dezv\u0103luie o inim\u0103 delicat\u0103 de iasomie \u00eenflorit\u0103 \u0219i trandafiri catifela\u021bi, cre\u00e2nd un buchet floral armonios care rezoneaz\u0103 cu senzualitatea. \u00cen cele din urm\u0103, parfumul se instaleaz\u0103 \u00eentr-o baz\u0103 cald\u0103 \u0219i primitoare de vanilie cremoas\u0103 \u0219i mosc moale, l\u0103s\u00e2nd o urm\u0103 captivant\u0103 care \u00eei \u00eenc\u00e2nt\u0103 pe to\u021bi cei din jurul t\u0103u. Aceast\u0103 combina\u021bie echilibrat\u0103 face din <strong>Peach Desire<\/strong> un parfum versatil, potrivit pentru orice ocazie.<\/p>\n<h2>Perfect pentru orice ocazie<\/h2>\n<p>Fie c\u0103 participa\u021bi la un eveniment formal, v\u0103 bucura\u021bi de o ie\u0219ire casual sau pur \u0219i simplu v\u0103 r\u0103sf\u0103\u021ba\u021bi cu un moment de \u00eengrijire de sine, <strong>Peach Desire<\/strong> este accesoriul perfect pentru a v\u0103 spori prezen\u021ba. Formula sa de lung\u0103 durat\u0103 v\u0103 asigur\u0103 c\u0103 purta\u021bi aroma \u00eenc\u00e2nt\u0103toare pe tot parcursul zilei sau serii, oferindu-v\u0103 \u00eencredere \u0219i elegan\u021b\u0103. R\u0103sf\u0103\u021ba\u021bi-v\u0103 sau d\u0103ruie\u0219te acest parfum uimitor unei femei speciale din via\u021ba dumneavoastr\u0103 &#8211; un parfum de neuitat de pre\u021buit. Experimenta\u021bi <strong>Peach Desire<\/strong> de Anfar London \u0219i transforma\u021bi orice moment \u00een ceva extraordinar.<\/p>","protected":false},"excerpt":{"rendered":"<p><strong>Note de varf:<\/strong>\u00a0Piersica, Portocala rosie, Cardamom, Heliotrop<br \/>\n<strong>Note de mijloc:<\/strong>\u00a0Rom, Cogniac, Davana, Iasomie<br \/>\n<strong>Note de baza:<\/strong>\u00a0Frunze de paciuli indoneziana, Paciuli, Vanilie, Boabe de tonka, Lemn de santal<\/p>\n<p>&nbsp;<\/p>","protected":false},"featured_media":1897,"comment_status":"open","ping_status":"closed","template":"","meta":{"om_disable_all_campaigns":false,"_monsterinsights_skip_tracking":false,"_monsterinsights_sitenote_active":false,"_monsterinsights_sitenote_note":"","_monsterinsights_sitenote_category":0},"product_brand":[79],"product_cat":[58,60],"product_tag":[],"class_list":{"0":"post-1896","1":"product","2":"type-product","3":"status-publish","4":"has-post-thumbnail","6":"product_brand-by-anfar-london","7":"product_cat-extracte-si-esente","8":"product_cat-promotii","10":"first","11":"instock","12":"sale","13":"shipping-taxable","14":"purchasable","15":"product-type-simple"},"aioseo_notices":[],"ct_brands":[{"id":79,"name":"By Anfar London","slug":"by-anfar-london"}],"_links":{"self":[{"href":"https:\/\/habibimb.com\/en\/wp-json\/wp\/v2\/product\/1896","targetHints":{"allow":["GET"]}}],"collection":[{"href":"https:\/\/habibimb.com\/en\/wp-json\/wp\/v2\/product"}],"about":[{"href":"https:\/\/habibimb.com\/en\/wp-json\/wp\/v2\/types\/product"}],"replies":[{"embeddable":true,"href":"https:\/\/habibimb.com\/en\/wp-json\/wp\/v2\/comments?post=1896"}],"wp:featuredmedia":[{"embeddable":true,"href":"https:\/\/habibimb.com\/en\/wp-json\/wp\/v2\/media\/1897"}],"wp:attachment":[{"href":"https:\/\/habibimb.com\/en\/wp-json\/wp\/v2\/media?parent=1896"}],"wp:term":[{"taxonomy":"product_brand","embeddable":true,"href":"https:\/\/habibimb.com\/en\/wp-json\/wp\/v2\/product_brand?post=1896"},{"taxonomy":"product_cat","embeddable":true,"href":"https:\/\/habibimb.com\/en\/wp-json\/wp\/v2\/product_cat?post=1896"},{"taxonomy":"product_tag","embeddable":true,"href":"https:\/\/habibimb.com\/en\/wp-json\/wp\/v2\/product_tag?post=1896"}],"curies":[{"name":"wp","href":"https:\/\/api.w.org\/{rel}","templated":true}]}}