{"id":1894,"date":"2025-04-27T07:32:02","date_gmt":"2025-04-27T07:32:02","guid":{"rendered":"https:\/\/habibimb.com\/?post_type=product&#038;p=1894"},"modified":"2025-05-15T07:31:45","modified_gmt":"2025-05-15T07:31:45","slug":"date-night-femme-by-anfar-london-extract-de-parfum-femei-100ml","status":"publish","type":"product","link":"https:\/\/habibimb.com\/en\/product\/date-night-femme-by-anfar-london-extract-de-parfum-femei-100ml\/","title":{"rendered":"Date Nights Femme, By Anfar London"},"content":{"rendered":"<h2>Dezl\u0103n\u021buie-\u021bi elegan\u021ba interioar\u0103<\/h2>\n<p>R\u0103sf\u0103\u021ba\u021bi-v\u0103 cu parfumurile luxoase ale <strong>Date Night Femme<\/strong> de Anfar London, un extract de parfum captivant conceput exclusiv pentru femei. Acest parfum rafinat este croit pentru acele seri speciale \u00een care dori\u021bi s\u0103 l\u0103sa\u021bi o impresie de durat\u0103. Cu un amestec de note florale \u0219i fructate, surprinde esen\u021ba romantismului \u0219i a elegan\u021bei, f\u0103c\u00e2ndu-l \u00eenso\u021bitorul perfect pentru nop\u021bile tale de \u00eent\u00e2lnire.<\/p>\n<h2>O simfonie de note de parfum<\/h2>\n<p>Date Night Femme te \u00eent\u00e2mpin\u0103 cu note de v\u00e2rf str\u0103lucitoare de bergamot\u0103 picant\u0103 \u0219i ardei roz dulce, preg\u0103tind scena pentru o c\u0103l\u0103torie olfactiv\u0103 \u00eenc\u00e2nt\u0103toare. Pe m\u0103sur\u0103 ce parfumul se desf\u0103\u0219oar\u0103, ve\u021bi experimenta o inim\u0103 de iasomie \u00eenflorit\u0103 \u0219i bujor fraged, evoc\u00e2nd sentimente de dragoste \u0219i intimitate. \u00cen cele din urm\u0103, baza de lemn de santal cald \u0219i vanilie cremoas\u0103 ofer\u0103 un finisaj reconfortant \u0219i persistent, asigur\u00e2ndu-v\u0103 un miros divin pe tot parcursul serii.<\/p>\n<h2>Perfect pentru orice ocazie<\/h2>\n<p>De\u0219i este conceput pentru \u00eent\u00e2lniri, versatilitatea acestui parfum \u00eel face potrivit pentru orice ocazie. Fie c\u0103 ie\u0219i\u021bi la o cin\u0103 intim\u0103, participa\u021bi la un eveniment plin de farmec sau pur \u0219i simplu v\u0103 bucura\u021bi de o noapte, <strong>Date Night Femme<\/strong> v\u0103 \u00eembog\u0103\u021be\u0219te experien\u021ba cu aroma sa \u00eenc\u00e2nt\u0103toare. Ambalat \u00eentr-o sticl\u0103 uimitoare de 100 ml, acest parfum nu numai c\u0103 \u00ee\u021bi ridic\u0103 colec\u021bia de parfumuri, dar este \u0219i un cadou atent pentru femeile speciale din via\u021ba ta. Experimenta\u021bi farmecul Anfar London cu fiecare spray \u00eenc\u00e2nt\u0103tor.<\/p>","protected":false},"excerpt":{"rendered":"<p>Dezl\u0103n\u021buie-\u021bi elegan\u021ba interioar\u0103 R\u0103sf\u0103\u021ba\u021bi-v\u0103 cu parfumurile luxoase ale Date Night Femme de Anfar London, un extract de parfum captivant conceput exclusiv pentru femei. Acest parfum rafinat este croit pentru acele seri speciale \u00een care dori\u021bi s\u0103 l\u0103sa\u021bi o impresie de durat\u0103. Cu un amestec de note florale \u0219i fructate, surprinde esen\u021ba romantismului \u0219i a elegan\u021bei, [&hellip;]<\/p>","protected":false},"featured_media":1895,"comment_status":"open","ping_status":"closed","template":"","meta":{"om_disable_all_campaigns":false,"_monsterinsights_skip_tracking":false,"_monsterinsights_sitenote_active":false,"_monsterinsights_sitenote_note":"","_monsterinsights_sitenote_category":0},"product_brand":[79],"product_cat":[58,60],"product_tag":[],"class_list":{"0":"post-1894","1":"product","2":"type-product","3":"status-publish","4":"has-post-thumbnail","6":"product_brand-by-anfar-london","7":"product_cat-extracte-si-esente","8":"product_cat-promotii","10":"first","11":"instock","12":"sale","13":"shipping-taxable","14":"purchasable","15":"product-type-simple"},"aioseo_notices":[],"ct_brands":[{"id":79,"name":"By Anfar London","slug":"by-anfar-london"}],"_links":{"self":[{"href":"https:\/\/habibimb.com\/en\/wp-json\/wp\/v2\/product\/1894","targetHints":{"allow":["GET"]}}],"collection":[{"href":"https:\/\/habibimb.com\/en\/wp-json\/wp\/v2\/product"}],"about":[{"href":"https:\/\/habibimb.com\/en\/wp-json\/wp\/v2\/types\/product"}],"replies":[{"embeddable":true,"href":"https:\/\/habibimb.com\/en\/wp-json\/wp\/v2\/comments?post=1894"}],"wp:featuredmedia":[{"embeddable":true,"href":"https:\/\/habibimb.com\/en\/wp-json\/wp\/v2\/media\/1895"}],"wp:attachment":[{"href":"https:\/\/habibimb.com\/en\/wp-json\/wp\/v2\/media?parent=1894"}],"wp:term":[{"taxonomy":"product_brand","embeddable":true,"href":"https:\/\/habibimb.com\/en\/wp-json\/wp\/v2\/product_brand?post=1894"},{"taxonomy":"product_cat","embeddable":true,"href":"https:\/\/habibimb.com\/en\/wp-json\/wp\/v2\/product_cat?post=1894"},{"taxonomy":"product_tag","embeddable":true,"href":"https:\/\/habibimb.com\/en\/wp-json\/wp\/v2\/product_tag?post=1894"}],"curies":[{"name":"wp","href":"https:\/\/api.w.org\/{rel}","templated":true}]}}