{"id":1892,"date":"2025-04-27T07:29:46","date_gmt":"2025-04-27T07:29:46","guid":{"rendered":"https:\/\/habibimb.com\/?post_type=product&#038;p=1892"},"modified":"2025-12-20T07:17:54","modified_gmt":"2025-12-20T07:17:54","slug":"musc-dorient-by-anfar-london-extract-de-parfum-barbati-115ml","status":"publish","type":"product","link":"https:\/\/habibimb.com\/en\/product\/musc-dorient-by-anfar-london-extract-de-parfum-barbati-115ml\/","title":{"rendered":"Musc D`Orient, By Anfar London, , 115"},"content":{"rendered":"<p>P\u0103\u0219i\u021bi \u00eentr-o lume a rafinamentului \u0219i elegan\u021bei cu <strong>Musc D&#8217;Orient<\/strong> by Anfar London. Acest extract de parfum luxos surprinde esen\u021ba parfumurilor orientale \u00eentr-un mod captivant \u0219i de neuitat. Conceput pentru domnul cu discern\u0103m\u00e2nt, acest parfum promite o experien\u021b\u0103 atr\u0103g\u0103toare care persist\u0103 pe tot parcursul zilei.<\/p>\n<h2>Calitate \u0219i m\u0103iestrie de neegalat<\/h2>\n<p>La Anfar London, ne m\u00e2ndrim cu calitatea produselor noastre. Musc D&#8217;Orient este realizat folosind cele mai bune ingrediente, asigur\u00e2ndu-se c\u0103 fiecare spritz ofer\u0103 o experien\u021b\u0103 olfactiv\u0103 rafinat\u0103. Parfumul prezint\u0103 un amestec de note bogate \u0219i calde, care amintesc de alura misterioas\u0103 a Orientului, oferind o c\u0103l\u0103torie aromatic\u0103 unic\u0103. Pe m\u0103sur\u0103 ce aplica\u021bi acest parfum sofisticat, parfumul profund \u0219i de durat\u0103 prezint\u0103 un echilibru meticulos de mosc, chihlimbar \u0219i condimente calde, f\u0103c\u00e2ndu-l potrivit pentru orice ocazie.<\/p>\n<h2>Un parfum pentru fiecare ocazie<\/h2>\n<p>Musc D&#8217;Orient este perfect at\u00e2t pentru purtarea de zi, c\u00e2t \u0219i pentru evenimentele de sear\u0103. Rezoneaz\u0103 cu \u00eencredere \u0219i farmec, \u00eentruchip\u00e2nd spiritul unui b\u0103rbat modern care apreciaz\u0103 autenticitatea \u0219i luxul. Fie c\u0103 participa\u021bi la o \u00eent\u00e2lnire de afaceri, ie\u0219i\u021bi la o cin\u0103 informal\u0103 sau s\u0103rb\u0103tori\u021bi o ocazie special\u0103, notele atr\u0103g\u0103toare ale acestui extract de parfum vor l\u0103sa o impresie de durat\u0103. Echipat \u00eentr-o sticl\u0103 frumos proiectat\u0103, dimensiunea de 115 ml v\u0103 asigur\u0103 c\u0103 ave\u021bi \u00eentotdeauna la \u00eendem\u00e2n\u0103 parfumul semn\u0103tur\u0103.<\/p>\n<h2>Darul elegan\u021bei<\/h2>\n<p>Cau\u021bi cadoul perfect pentru o persoan\u0103 drag\u0103? Musc D&#8217;Orient by Anfar London este o alegere atent\u0103 \u0219i elegant\u0103. Ambalajul s\u0103u luxos \u0219i parfumul sofisticat \u00eel fac un cadou perfect pentru zile de na\u0219tere, anivers\u0103ri sau s\u0103rb\u0103tori speciale. Ofer\u0103 cadou un parfum de neuitat care \u00eentruchipeaz\u0103 at\u00e2t elegan\u021b\u0103, c\u00e2t \u0219i o not\u0103 de mistic\u0103. Arat\u0103-\u021bi afec\u021biunea cu un parfum care comunic\u0103 rafinament \u0219i clas\u0103.<\/p>\n<p>\u00cen concluzie, Musc D&#8217;Orient de Anfar London se remarc\u0103 ca un plus obligatoriu pentru colec\u021bia ta de parfumuri. Compozi\u021bia sa bogat\u0103 \u0219i caracterul unic sunt concepute pentru a atrage omul modern care dore\u0219te s\u0103-\u0219i exprime individualitatea prin parfum. \u00cembr\u0103\u021bi\u0219eaz\u0103 farmecul Orientului \u0219i f\u0103 din acest extract de parfum rafinat parfumul t\u0103u semn\u0103tur\u0103 ast\u0103zi.<\/p>","protected":false},"excerpt":{"rendered":"<p>P\u0103\u0219i\u021bi \u00eentr-o lume a rafinamentului \u0219i elegan\u021bei cu Musc D&#8217;Orient by Anfar London. Acest extract de parfum luxos surprinde esen\u021ba parfumurilor orientale \u00eentr-un mod captivant \u0219i de neuitat. Conceput pentru domnul cu discern\u0103m\u00e2nt, acest parfum promite o experien\u021b\u0103 atr\u0103g\u0103toare care persist\u0103 pe tot parcursul zilei. Calitate \u0219i m\u0103iestrie de neegalat La Anfar London, ne m\u00e2ndrim [&hellip;]<\/p>","protected":false},"featured_media":1893,"comment_status":"open","ping_status":"closed","template":"","meta":{"om_disable_all_campaigns":false,"_monsterinsights_skip_tracking":false,"_monsterinsights_sitenote_active":false,"_monsterinsights_sitenote_note":"","_monsterinsights_sitenote_category":0},"product_brand":[79],"product_cat":[58,60],"product_tag":[],"class_list":{"0":"post-1892","1":"product","2":"type-product","3":"status-publish","4":"has-post-thumbnail","6":"product_brand-by-anfar-london","7":"product_cat-extracte-si-esente","8":"product_cat-promotii","10":"first","11":"instock","12":"sale","13":"shipping-taxable","14":"purchasable","15":"product-type-simple"},"aioseo_notices":[],"ct_brands":[{"id":79,"name":"By Anfar London","slug":"by-anfar-london"}],"_links":{"self":[{"href":"https:\/\/habibimb.com\/en\/wp-json\/wp\/v2\/product\/1892","targetHints":{"allow":["GET"]}}],"collection":[{"href":"https:\/\/habibimb.com\/en\/wp-json\/wp\/v2\/product"}],"about":[{"href":"https:\/\/habibimb.com\/en\/wp-json\/wp\/v2\/types\/product"}],"replies":[{"embeddable":true,"href":"https:\/\/habibimb.com\/en\/wp-json\/wp\/v2\/comments?post=1892"}],"wp:featuredmedia":[{"embeddable":true,"href":"https:\/\/habibimb.com\/en\/wp-json\/wp\/v2\/media\/1893"}],"wp:attachment":[{"href":"https:\/\/habibimb.com\/en\/wp-json\/wp\/v2\/media?parent=1892"}],"wp:term":[{"taxonomy":"product_brand","embeddable":true,"href":"https:\/\/habibimb.com\/en\/wp-json\/wp\/v2\/product_brand?post=1892"},{"taxonomy":"product_cat","embeddable":true,"href":"https:\/\/habibimb.com\/en\/wp-json\/wp\/v2\/product_cat?post=1892"},{"taxonomy":"product_tag","embeddable":true,"href":"https:\/\/habibimb.com\/en\/wp-json\/wp\/v2\/product_tag?post=1892"}],"curies":[{"name":"wp","href":"https:\/\/api.w.org\/{rel}","templated":true}]}}