{"id":1889,"date":"2025-04-27T07:17:37","date_gmt":"2025-04-27T07:17:37","guid":{"rendered":"https:\/\/habibimb.com\/?post_type=product&#038;p=1889"},"modified":"2025-12-20T07:18:11","modified_gmt":"2025-12-20T07:18:11","slug":"oud-dorient-by-anfar-london-extract-de-parfum-barbati-115ml","status":"publish","type":"product","link":"https:\/\/habibimb.com\/en\/product\/oud-dorient-by-anfar-london-extract-de-parfum-barbati-115ml\/","title":{"rendered":"Oud D`Orient, By Anfar London, , 115"},"content":{"rendered":"<h2>Descoperi\u021bi esen\u021ba Oud d&#8217;Orient<\/h2>\n<p>Dezv\u0103lui\u021bi farmecul \u00eenc\u00e2nt\u0103tor al Oud D&#8217;Orient de Anfar London, un extract de parfum de lux conceput pentru persoanele exigente. Acest parfum captivant \u00eentruchipeaz\u0103 esen\u021ba Orientului, combin\u00e2nd tradi\u021biile bogate cu rafinamentul modern. Perfect conceput at\u00e2t pentru zi, c\u00e2t \u0219i pentru sear\u0103, Oud D&#8217;Orient nu este doar un parfum; Este o experien\u021b\u0103 care \u00ee\u021bi transform\u0103 \u0219i \u00ee\u021bi ridic\u0103 prezen\u021ba.<\/p>\n<h2>Compozi\u021bie bogat\u0103 pentru o arom\u0103 unic\u0103<\/h2>\n<p>Parfumul se deschide cu un amestec revigorant de note de v\u00e2rf picante, cre\u00e2nd o impresie imediat\u0103 de c\u0103ldur\u0103 \u0219i putere. Pe m\u0103sur\u0103 ce trece, inima dezv\u0103luie o fuziune rafinat\u0103 de nuan\u021be florale \u0219i lemnoase, oferind profunzime \u0219i complexitate caracterului s\u0103u. \u00cen cele din urm\u0103, notele de baz\u0103 bogate de oud pur, cuplate cu note subtile de chihlimbar \u0219i mosc, persist\u0103 gra\u021bios, l\u0103s\u00e2nd o urm\u0103 memorabil\u0103 care vorbe\u0219te despre elegan\u021b\u0103 \u0219i lux.<\/p>\n<h2>Perfect pentru orice ocazie<\/h2>\n<p>Oud D&#8217;Orient este special conceput pentru cei care apreciaz\u0103 un parfum care rezoneaz\u0103 cu rafinamentul. Fie c\u0103 participa\u021bi la o \u00eent\u00e2lnire formal\u0103, la o cin\u0103 romantic\u0103 sau pur \u0219i simplu v\u0103 r\u0103sf\u0103\u021ba\u021bi cu \u00eengrijirea de sine acas\u0103, acest extract de parfum completeaz\u0103 fiecare moment. Ambalat \u00eentr-o sticl\u0103 rafinat\u0103 de 115 ml, nu este doar un parfum, ci un accesoriu care \u00ee\u021bi \u00eembun\u0103t\u0103\u021be\u0219te aura \u0219i face o declara\u021bie despre stilul t\u0103u personal.<\/p>\n<p>\u00cembr\u0103\u021bi\u0219a\u021bi mo\u0219tenirea bogat\u0103 \u0219i divers\u0103 a oudului cu Oud D&#8217;Orient de Anfar London. Acest parfum nu este doar o completare a colec\u021biei dvs., ci o poart\u0103 c\u0103tre o lume a \u00eenc\u00e2nt\u0103rii senzoriale, ideal\u0103 pentru individul modern care caut\u0103 s\u0103-\u0219i exprime identitatea unic\u0103 prin parfum. \u00cembun\u0103t\u0103\u021be\u0219te-\u021bi jocul de parfumuri \u0219i r\u0103sf\u0103\u021b\u0103-te cu luxul ast\u0103zi.<\/p>","protected":false},"excerpt":{"rendered":"<p>NOT\u0102 DE V\u00c2RF: TUBEROZ\u0102, PIPER ROZ, SALVIE \u0218I NOTE FRUCTATE<\/p>\n<p>NOT\u0102 DE MIJLOC: YLANG-YLANG, BENZOIN\u0102, CASHMERAN \u0218I FLORI DE PORTOCAL<\/p>\n<p>NOT\u0102 DE BAZ\u0102: TUBEROZ\u0102 \u0218I AMBRA Aceast\u0103 compozi\u021bie olfactiv\u0103 rafinat\u0103 \u0219i complex\u0103 te va \u00eenconjura cu un voal de elegan\u021b\u0103 \u0219i mister, oferindu-\u021bi o experien\u021b\u0103 olfactiv\u0103 de neuitat.<\/p>","protected":false},"featured_media":1890,"comment_status":"open","ping_status":"closed","template":"","meta":{"om_disable_all_campaigns":false,"_monsterinsights_skip_tracking":false,"_monsterinsights_sitenote_active":false,"_monsterinsights_sitenote_note":"","_monsterinsights_sitenote_category":0},"product_brand":[79],"product_cat":[58,60],"product_tag":[],"class_list":{"0":"post-1889","1":"product","2":"type-product","3":"status-publish","4":"has-post-thumbnail","6":"product_brand-by-anfar-london","7":"product_cat-extracte-si-esente","8":"product_cat-promotii","10":"first","11":"instock","12":"sale","13":"shipping-taxable","14":"purchasable","15":"product-type-simple"},"aioseo_notices":[],"ct_brands":[{"id":79,"name":"By Anfar London","slug":"by-anfar-london"}],"_links":{"self":[{"href":"https:\/\/habibimb.com\/en\/wp-json\/wp\/v2\/product\/1889","targetHints":{"allow":["GET"]}}],"collection":[{"href":"https:\/\/habibimb.com\/en\/wp-json\/wp\/v2\/product"}],"about":[{"href":"https:\/\/habibimb.com\/en\/wp-json\/wp\/v2\/types\/product"}],"replies":[{"embeddable":true,"href":"https:\/\/habibimb.com\/en\/wp-json\/wp\/v2\/comments?post=1889"}],"wp:featuredmedia":[{"embeddable":true,"href":"https:\/\/habibimb.com\/en\/wp-json\/wp\/v2\/media\/1890"}],"wp:attachment":[{"href":"https:\/\/habibimb.com\/en\/wp-json\/wp\/v2\/media?parent=1889"}],"wp:term":[{"taxonomy":"product_brand","embeddable":true,"href":"https:\/\/habibimb.com\/en\/wp-json\/wp\/v2\/product_brand?post=1889"},{"taxonomy":"product_cat","embeddable":true,"href":"https:\/\/habibimb.com\/en\/wp-json\/wp\/v2\/product_cat?post=1889"},{"taxonomy":"product_tag","embeddable":true,"href":"https:\/\/habibimb.com\/en\/wp-json\/wp\/v2\/product_tag?post=1889"}],"curies":[{"name":"wp","href":"https:\/\/api.w.org\/{rel}","templated":true}]}}