{"id":1887,"date":"2025-04-27T07:06:45","date_gmt":"2025-04-27T07:06:45","guid":{"rendered":"https:\/\/habibimb.com\/?post_type=product&#038;p=1887"},"modified":"2025-10-04T05:54:01","modified_gmt":"2025-10-04T05:54:01","slug":"apa-de-parfum-al-dirgham-ard-al-zaafaraan-barbati-50ml","status":"publish","type":"product","link":"https:\/\/habibimb.com\/en\/product\/apa-de-parfum-al-dirgham-ard-al-zaafaraan-barbati-50ml\/","title":{"rendered":"Al Dirgham, Ard al Zaafaraan, &#8211;"},"content":{"rendered":"<h2>Descoper\u0103 Al Dirgham<\/h2>\n<p>Al Dirgham de la Ard Al Zaafaran este o crea\u021bie olfactiv\u0103 floral-lemnoas\u0103 dedicat\u0103 b\u0103rbatului modern care caut\u0103 un parfum cu caracter \u0219i persisten\u021b\u0103, lansat \u00een 2023.<\/p>\n<h2>Notele de v\u00e2rf \u2013 Prospe\u021bime citric\u0103 \u0219i verde<\/h2>\n<p>Primul val este dat de tangerin\u0103 (tangerine), lemongrass (iarb\u0103 de l\u0103m\u00e2ie) \u0219i geraniu, oferind un impact revigorant \u0219i luminos. :contentReference[oaicite:1]{index=1}<\/p>\n<h2>Inima floral\u0103 \u2013 Complexitate \u0219i elegan\u021b\u0103<\/h2>\n<p>\u00cen inima parfumului se dezv\u0103luie un buchet bogat de crin de vale, tuberoz\u0103, iasomie, trandafir, cui\u0219oare \u0219i scor\u021bi\u0219oar\u0103, conferind profunzime \u0219i o textur\u0103 floral\u0103 sofisticat\u0103. :contentReference[oaicite:2]{index=2}<\/p>\n<h2>Baza lemnoas\u0103 \u2013 Persisten\u021b\u0103 \u0219i senzualitate<\/h2>\n<p>Notele de fond aduc un final cald \u0219i catifelat, cu acorduri delicate florale, mosc fin, boabe de tonka \u0219i vanilie cremoas\u0103, care persist\u0103 ore \u00eendelungate pe piele. :contentReference[oaicite:3]{index=3}<\/p>","protected":false},"excerpt":{"rendered":"<p>Inspirat din Allure Homme Sport\u00a0Chanel<\/p>","protected":false},"featured_media":1888,"comment_status":"open","ping_status":"closed","template":"","meta":{"om_disable_all_campaigns":false,"_monsterinsights_skip_tracking":false,"_monsterinsights_sitenote_active":false,"_monsterinsights_sitenote_note":"","_monsterinsights_sitenote_category":0},"product_brand":[64],"product_cat":[62],"product_tag":[],"class_list":{"0":"post-1887","1":"product","2":"type-product","3":"status-publish","4":"has-post-thumbnail","6":"product_brand-ard-al-zaafaran","7":"product_cat-parfumuri-sub-45ron","9":"first","10":"outofstock","11":"shipping-taxable","12":"purchasable","13":"product-type-simple"},"aioseo_notices":[],"ct_brands":[{"id":64,"name":"Ard Al Zaafaran","slug":"ard-al-zaafaran"}],"_links":{"self":[{"href":"https:\/\/habibimb.com\/en\/wp-json\/wp\/v2\/product\/1887","targetHints":{"allow":["GET"]}}],"collection":[{"href":"https:\/\/habibimb.com\/en\/wp-json\/wp\/v2\/product"}],"about":[{"href":"https:\/\/habibimb.com\/en\/wp-json\/wp\/v2\/types\/product"}],"replies":[{"embeddable":true,"href":"https:\/\/habibimb.com\/en\/wp-json\/wp\/v2\/comments?post=1887"}],"wp:featuredmedia":[{"embeddable":true,"href":"https:\/\/habibimb.com\/en\/wp-json\/wp\/v2\/media\/1888"}],"wp:attachment":[{"href":"https:\/\/habibimb.com\/en\/wp-json\/wp\/v2\/media?parent=1887"}],"wp:term":[{"taxonomy":"product_brand","embeddable":true,"href":"https:\/\/habibimb.com\/en\/wp-json\/wp\/v2\/product_brand?post=1887"},{"taxonomy":"product_cat","embeddable":true,"href":"https:\/\/habibimb.com\/en\/wp-json\/wp\/v2\/product_cat?post=1887"},{"taxonomy":"product_tag","embeddable":true,"href":"https:\/\/habibimb.com\/en\/wp-json\/wp\/v2\/product_tag?post=1887"}],"curies":[{"name":"wp","href":"https:\/\/api.w.org\/{rel}","templated":true}]}}