{"id":1877,"date":"2025-04-27T07:00:28","date_gmt":"2025-04-27T07:00:28","guid":{"rendered":"https:\/\/habibimb.com\/?post_type=product&#038;p=1877"},"modified":"2025-10-04T05:56:31","modified_gmt":"2025-10-04T05:56:31","slug":"apa-de-parfum-qaed-al-fursan-ard-al-zaafaran-barbati-50ml","status":"publish","type":"product","link":"https:\/\/habibimb.com\/en\/product\/apa-de-parfum-qaed-al-fursan-ard-al-zaafaran-barbati-50ml\/","title":{"rendered":"Qaed Al Fursan, Ard al Zaafaran, &#8211;"},"content":{"rendered":"<h2>Descoper\u0103 Qaed Al Fursan<\/h2>\n<p>Apa de Parfum Qaed Al Fursan de la Ard Al Zaafaran este o crea\u021bie olfactiv\u0103 unisex ce combin\u0103 armonios prospe\u021bimea fructelor cu profunzimea condimentelor \u0219i a lemnului pre\u021bios, pentru un efect memorabil \u0219i adaptabil oric\u0103rui stil.<\/p>\n<h2>Notele de v\u00e2rf \u2013 Exuberan\u021b\u0103 tropical\u0103<\/h2>\n<p>Deschiderea te surprinde cu ananas suculent \u0219i \u0219ofran pre\u021bios, cre\u00e2nd un debut vibrant, exotic \u0219i u\u0219or condimentat. :contentReference[oaicite:1]{index=1}<\/p>\n<h2>Inima aromatic\u0103 \u2013 Complexitate \u0219i prospe\u021bime<\/h2>\n<p>\u00cen miezul parfumului, acordurile de balsam fir (tolu balsam) \u0219i iasomie adaug\u0103 o zon\u0103 floral-lemnoas\u0103 subtil\u0103 \u0219i proasp\u0103t\u0103, contur\u00e2nd echilibrul perfect \u00eentre dulce \u0219i verde. :contentReference[oaicite:2]{index=2}<\/p>\n<h2>Baza lemnoas\u0103 \u2013 Persisten\u021b\u0103 \u0219i profunzime<\/h2>\n<p>Notele finale de chihlimbar, cedru \u0219i agarwood (oud) \u00eei confer\u0103 parfumul o rezisten\u021b\u0103 \u00eendelungat\u0103 \u0219i o semn\u0103tur\u0103 lemnoas\u0103 cald\u0103, care persist\u0103 elegant pe piele. :contentReference[oaicite:3]{index=3}<\/p>\n<h2>Ocazii \u0219i purtare<\/h2>\n<p>Qaed Al Fursan este ideal at\u00e2t pentru zilele relaxate, c\u00e2t \u0219i pentru seri elegante, adapt\u00e2ndu-se cu u\u0219urin\u021b\u0103 la orice context datorit\u0103 naturii sale unisex \u0219i versatilit\u0103\u021bii de neegalat. :contentReference[oaicite:4]{index=4}<\/p>","protected":false},"excerpt":{"rendered":"<p>Inspirat din Now Rave<\/p>","protected":false},"featured_media":1882,"comment_status":"open","ping_status":"closed","template":"","meta":{"om_disable_all_campaigns":false,"_monsterinsights_skip_tracking":false,"_monsterinsights_sitenote_active":false,"_monsterinsights_sitenote_note":"","_monsterinsights_sitenote_category":0},"product_brand":[64],"product_cat":[62],"product_tag":[],"class_list":{"0":"post-1877","1":"product","2":"type-product","3":"status-publish","4":"has-post-thumbnail","6":"product_brand-ard-al-zaafaran","7":"product_cat-parfumuri-sub-45ron","9":"first","10":"outofstock","11":"shipping-taxable","12":"purchasable","13":"product-type-simple"},"aioseo_notices":[],"ct_brands":[{"id":64,"name":"Ard Al Zaafaran","slug":"ard-al-zaafaran"}],"_links":{"self":[{"href":"https:\/\/habibimb.com\/en\/wp-json\/wp\/v2\/product\/1877","targetHints":{"allow":["GET"]}}],"collection":[{"href":"https:\/\/habibimb.com\/en\/wp-json\/wp\/v2\/product"}],"about":[{"href":"https:\/\/habibimb.com\/en\/wp-json\/wp\/v2\/types\/product"}],"replies":[{"embeddable":true,"href":"https:\/\/habibimb.com\/en\/wp-json\/wp\/v2\/comments?post=1877"}],"wp:featuredmedia":[{"embeddable":true,"href":"https:\/\/habibimb.com\/en\/wp-json\/wp\/v2\/media\/1882"}],"wp:attachment":[{"href":"https:\/\/habibimb.com\/en\/wp-json\/wp\/v2\/media?parent=1877"}],"wp:term":[{"taxonomy":"product_brand","embeddable":true,"href":"https:\/\/habibimb.com\/en\/wp-json\/wp\/v2\/product_brand?post=1877"},{"taxonomy":"product_cat","embeddable":true,"href":"https:\/\/habibimb.com\/en\/wp-json\/wp\/v2\/product_cat?post=1877"},{"taxonomy":"product_tag","embeddable":true,"href":"https:\/\/habibimb.com\/en\/wp-json\/wp\/v2\/product_tag?post=1877"}],"curies":[{"name":"wp","href":"https:\/\/api.w.org\/{rel}","templated":true}]}}