{"id":1876,"date":"2025-04-27T06:57:50","date_gmt":"2025-04-27T06:57:50","guid":{"rendered":"https:\/\/habibimb.com\/?post_type=product&#038;p=1876"},"modified":"2025-11-10T07:07:42","modified_gmt":"2025-11-10T07:07:42","slug":"apa-de-parfum-prive-rose-riffs-femei-100ml","status":"publish","type":"product","link":"https:\/\/habibimb.com\/en\/product\/apa-de-parfum-prive-rose-riffs-femei-100ml\/","title":{"rendered":"Prive Rose, Riffs"},"content":{"rendered":"<h2>Dezl\u0103n\u021buie-\u021bi elegan\u021ba interioar\u0103<\/h2>\n<p>Descoper\u0103 alura captivant\u0103 a <strong>Apa De Parfum Prive Rose<\/strong>, un parfum conceput pentru femeia modern\u0103 care apreciaz\u0103 rafinamentul \u0219i stilul. Acest parfum rafinat \u00eencapsuleaz\u0103 esen\u021ba feminit\u0103\u021bii prin profilul s\u0103u olfactiv bogat \u0219i complex. Perfect at\u00e2t pentru zi, c\u00e2t \u0219i pentru noapte, este mai mult dec\u00e2t un parfum; este o expresie a elegan\u021bei \u0219i farmecului t\u0103u interior.<\/p>\n<h2>Profilul parfumului<\/h2>\n<p>Apa De Parfum Prive Rose se deschide cu note proaspete, fructate, care se transform\u0103 frumos \u00eentr-o inim\u0103 de trandafiri boga\u021bi \u0219i catifela\u021bi. Notele de baz\u0103 ofer\u0103 un efect cald \u0219i persistent care reune\u0219te \u00eentregul parfum \u00eentr-un amestec armonios. Acest parfum de 100 ml este creat pentru a rezista, asigur\u00e2ndu-se c\u0103 un singur spritz te \u00eenv\u0103luie \u00eentr-un v\u0103l de parfum luxos care te poate purta de la \u00eent\u00e2lnirile de diminea\u021b\u0103 la ie\u0219irile de sear\u0103.<\/p>\n<h2>De ce s\u0103 alegi Apa de Parfum Prive Rose?<\/h2>\n<p>Fie c\u0103 dori\u021bi s\u0103 v\u0103 r\u0103sf\u0103\u021ba\u021bi sau c\u0103uta\u021bi cadoul perfect, <strong>Apa De Parfum Prive Rose<\/strong> se remarc\u0103 ca o alegere excep\u021bional\u0103. Ambalajul s\u0103u elegant \u00eel face un plus atractiv pentru orice vanitate, \u00een timp ce parfumul s\u0103u delicat, dar puternic, \u00eei captiveaz\u0103 pe to\u021bi cei care se apropie. Bucura\u021bi-v\u0103 de versatilitatea acestui parfum, care se adreseaz\u0103 diferitelor ocazii, f\u0103c\u00e2ndu-l un element de baz\u0103 \u00een colec\u021bia dvs. Experimenteaz\u0103 uimitorul buchet de trandafiri cu note care \u00ee\u021bi \u00eenal\u021b\u0103 spiritul \u0219i inspir\u0103 \u00eencredere de fiecare dat\u0103 c\u00e2nd \u00eel por\u021bi.<\/p>","protected":false},"excerpt":{"rendered":"<p>Inspirat din Armani\u00a0Si<\/p>\n<p>&nbsp;<\/p>\n<ul>\n<li><strong>Note de V\u00e2rf:<\/strong>\u00a0Coac\u0103ze negre \u0219i bergamot\u0103, oferind o deschidere vibrant\u0103 \u0219i \u00eenc\u00e2nt\u0103toare, aduc\u00e2nd prospe\u021bime \u0219i vitalitate.<\/li>\n<li><strong>Note de Mijloc:<\/strong>\u00a0Trandafir \u0219i trandafir de Damasc, care formeaz\u0103 inima parfumului, eman\u00e2nd elegan\u021b\u0103 \u0219i feminitate \u00eentr-un buchet floral seduc\u0103tor.<\/li>\n<li><strong>Note de Baz\u0103:<\/strong>\u00a0Mosc alb \u0219i vanilie de Madagascar, ad\u0103ug\u00e2nd profunzime \u0219i c\u0103ldur\u0103, l\u0103s\u00e2nd o urm\u0103 delicat\u0103 \u0219i catifelat\u0103 pe piele.<\/li>\n<\/ul>","protected":false},"featured_media":1879,"comment_status":"open","ping_status":"closed","template":"","meta":{"om_disable_all_campaigns":false,"_monsterinsights_skip_tracking":false,"_monsterinsights_sitenote_active":false,"_monsterinsights_sitenote_note":"","_monsterinsights_sitenote_category":0},"product_brand":[73],"product_cat":[56],"product_tag":[],"class_list":{"0":"post-1876","1":"product","2":"type-product","3":"status-publish","4":"has-post-thumbnail","6":"product_brand-riiffs","7":"product_cat-pentru-ea","9":"first","10":"instock","11":"shipping-taxable","12":"purchasable","13":"product-type-simple"},"aioseo_notices":[],"ct_brands":[{"id":73,"name":"Riiffs","slug":"riiffs"}],"_links":{"self":[{"href":"https:\/\/habibimb.com\/en\/wp-json\/wp\/v2\/product\/1876","targetHints":{"allow":["GET"]}}],"collection":[{"href":"https:\/\/habibimb.com\/en\/wp-json\/wp\/v2\/product"}],"about":[{"href":"https:\/\/habibimb.com\/en\/wp-json\/wp\/v2\/types\/product"}],"replies":[{"embeddable":true,"href":"https:\/\/habibimb.com\/en\/wp-json\/wp\/v2\/comments?post=1876"}],"wp:featuredmedia":[{"embeddable":true,"href":"https:\/\/habibimb.com\/en\/wp-json\/wp\/v2\/media\/1879"}],"wp:attachment":[{"href":"https:\/\/habibimb.com\/en\/wp-json\/wp\/v2\/media?parent=1876"}],"wp:term":[{"taxonomy":"product_brand","embeddable":true,"href":"https:\/\/habibimb.com\/en\/wp-json\/wp\/v2\/product_brand?post=1876"},{"taxonomy":"product_cat","embeddable":true,"href":"https:\/\/habibimb.com\/en\/wp-json\/wp\/v2\/product_cat?post=1876"},{"taxonomy":"product_tag","embeddable":true,"href":"https:\/\/habibimb.com\/en\/wp-json\/wp\/v2\/product_tag?post=1876"}],"curies":[{"name":"wp","href":"https:\/\/api.w.org\/{rel}","templated":true}]}}