{"id":1864,"date":"2025-04-27T06:50:34","date_gmt":"2025-04-27T06:50:34","guid":{"rendered":"https:\/\/habibimb.com\/?post_type=product&#038;p=1864"},"modified":"2026-03-25T15:25:40","modified_gmt":"2026-03-25T15:25:40","slug":"apa-de-parfum-prive-noir-riffs-unisex-100ml","status":"publish","type":"product","link":"https:\/\/habibimb.com\/en\/product\/apa-de-parfum-prive-noir-riffs-unisex-100ml\/","title":{"rendered":"Prive Noir, Riffs"},"content":{"rendered":"<h2>Descoper\u0103 esen\u021ba elegan\u021bei<\/h2>\n<p>V\u0103 prezent\u0103m Apa De Parfum Prive Noir, Riffs, un parfum unisex captivant care transcende grani\u021bele. Creat pentru individul modern, acest parfum de 100 ml te \u00eenv\u0103luie \u00eentr-un amestec rafinat de note, surprinz\u00e2nd esen\u021ba elegan\u021bei \u0219i rafinamentului. Fie c\u0103 te \u00eembraci pentru o noapte \u00een ora\u0219 sau pur \u0219i simplu \u00ee\u021bi \u00eembr\u0103\u021bi\u0219ezi rutina de zi cu zi, acest parfum promite s\u0103 lase o impresie de durat\u0103 care rezoneaz\u0103 cu \u00eencredere \u0219i alur\u0103.<\/p>\n<h2>O simfonie de note<\/h2>\n<p>Experimenteaz\u0103 un amestec armonios de elemente bogate \u0219i aromate care se desf\u0103\u0219oar\u0103 ca o simfonie pe pielea ta. Notele de v\u00e2rf introduc o explozie de prospe\u021bime, revigor\u00e2ndu-\u021bi sim\u021burile \u0219i preg\u0103tind terenul pentru notele de inim\u0103 mai profunde \u0219i mai complexe. Pe m\u0103sur\u0103 ce parfumul se dezvolt\u0103, apar nuan\u021be atr\u0103g\u0103toare, cre\u00e2nd o aur\u0103 cald\u0103 \u0219i primitoare care persist\u0103 pe tot parcursul zilei. The Apa De Parfum Prive Noir, Riffs nu este doar un parfum; Este o manifestare a expresiei personale \u0219i o semn\u0103tur\u0103 unic\u0103 care poate fi unic\u0103 a ta.<\/p>\n<h2>Atractivitate \u0219i versatilitate unisex<\/h2>\n<p>Acest parfum versatil este conceput pentru toat\u0103 lumea, f\u0103c\u00e2ndu-l completarea perfect\u0103 pentru orice colec\u021bie de parfumuri. Atrac\u021bia sa unisex \u00eenseamn\u0103 c\u0103 poate fi \u00eemp\u0103rt\u0103\u0219it \u0219i savurat de to\u021bi, indiferent dac\u0103 sunte\u021bi \u00een c\u0103utarea a ceva special pentru dumneavoastr\u0103 sau c\u0103uta\u021bi un cadou atent pentru o persoan\u0103 drag\u0103. Ambalajul elegant \u00eei spore\u0219te \u0219i mai mult farmecul, f\u0103c\u00e2ndu-l o alegere sublim\u0103 pentru orice ocazie. Cu Apa De Parfum Prive Noir, Riffs, \u00eembr\u0103\u021bi\u0219eaz\u0103 o experien\u021b\u0103 olfactiv\u0103 care celebreaz\u0103 individualitatea, unind \u00een acela\u0219i timp o gam\u0103 divers\u0103 de arome \u00eentr-un amestec armonios.<\/p>","protected":false},"excerpt":{"rendered":"<p>Inspirat din Creed Aventus<\/p>\n<p>&nbsp;<\/p>\n<ul>\n<li><strong>Note de V\u00e2rf:<\/strong>\u00a0Ananas, bergamot\u0103, coac\u0103ze negre \u0219i m\u0103r, oferind o deschidere vibrant\u0103 \u0219i r\u0103coritoare, plin\u0103 de vitalitate \u0219i prospe\u021bime.<\/li>\n<li><strong>Note de Mijloc:<\/strong>\u00a0Mesteac\u0103n, patchouli, iasomie \u0219i trandafir, care formeaz\u0103 inima parfumului, aduc\u00e2nd ad\u00e2ncime \u0219i complexitate, eman\u00e2nd o aur\u0103 nobil\u0103 \u0219i sofisticat\u0103.<\/li>\n<li><strong>Note de Baz\u0103:<\/strong>\u00a0Ambr\u0103 cenu\u0219ie \u0219i vanilie, ad\u0103ug\u00e2nd o not\u0103 cald\u0103 \u0219i senzual\u0103, ce completeaz\u0103 perfect experien\u021ba olfactiv\u0103 \u0219i las\u0103 o urm\u0103 persistent\u0103.<\/li>\n<\/ul>","protected":false},"featured_media":1866,"comment_status":"open","ping_status":"closed","template":"","meta":{"om_disable_all_campaigns":false,"_monsterinsights_skip_tracking":false,"_monsterinsights_sitenote_active":false,"_monsterinsights_sitenote_note":"","_monsterinsights_sitenote_category":0},"product_brand":[73],"product_cat":[57],"product_tag":[],"class_list":{"0":"post-1864","1":"product","2":"type-product","3":"status-publish","4":"has-post-thumbnail","6":"product_brand-riiffs","7":"product_cat-unisex","9":"first","10":"instock","11":"sale","12":"shipping-taxable","13":"purchasable","14":"product-type-simple"},"aioseo_notices":[],"ct_brands":[{"id":73,"name":"Riiffs","slug":"riiffs"}],"_links":{"self":[{"href":"https:\/\/habibimb.com\/en\/wp-json\/wp\/v2\/product\/1864","targetHints":{"allow":["GET"]}}],"collection":[{"href":"https:\/\/habibimb.com\/en\/wp-json\/wp\/v2\/product"}],"about":[{"href":"https:\/\/habibimb.com\/en\/wp-json\/wp\/v2\/types\/product"}],"replies":[{"embeddable":true,"href":"https:\/\/habibimb.com\/en\/wp-json\/wp\/v2\/comments?post=1864"}],"wp:featuredmedia":[{"embeddable":true,"href":"https:\/\/habibimb.com\/en\/wp-json\/wp\/v2\/media\/1866"}],"wp:attachment":[{"href":"https:\/\/habibimb.com\/en\/wp-json\/wp\/v2\/media?parent=1864"}],"wp:term":[{"taxonomy":"product_brand","embeddable":true,"href":"https:\/\/habibimb.com\/en\/wp-json\/wp\/v2\/product_brand?post=1864"},{"taxonomy":"product_cat","embeddable":true,"href":"https:\/\/habibimb.com\/en\/wp-json\/wp\/v2\/product_cat?post=1864"},{"taxonomy":"product_tag","embeddable":true,"href":"https:\/\/habibimb.com\/en\/wp-json\/wp\/v2\/product_tag?post=1864"}],"curies":[{"name":"wp","href":"https:\/\/api.w.org\/{rel}","templated":true}]}}