{"id":1857,"date":"2025-04-27T06:46:26","date_gmt":"2025-04-27T06:46:26","guid":{"rendered":"https:\/\/habibimb.com\/?post_type=product&#038;p=1857"},"modified":"2025-11-10T07:21:49","modified_gmt":"2025-11-10T07:21:49","slug":"set-cadou-rose-de-soleil-apa-de-parfum-100mlgel-dus-100mllotiune-de-corp-100mlriffs","status":"publish","type":"product","link":"https:\/\/habibimb.com\/en\/product\/set-cadou-rose-de-soleil-apa-de-parfum-100mlgel-dus-100mllotiune-de-corp-100mlriffs\/","title":{"rendered":"Set Cadou Rose De Soleil +Gel Dus +Lotiune de corp ,Riffs"},"content":{"rendered":"<h2>R\u0103sf\u0103\u021ba\u021bi-v\u0103 cu esen\u021ba Rose De Soleil<\/h2>\n<p>Descoperi\u021bi lumea \u00eenc\u00e2nt\u0103toare a Rose De Soleil cu setul nostru cadou de lux. Aceast\u0103 colec\u021bie rafinat\u0103 con\u021bine o ap\u0103 de parfum de 100 ml, un gel de du\u0219 de 100 ml \u0219i o lo\u021biune de corp de 100 ml, toate concepute pentru a-\u021bi \u00eembun\u0103t\u0103\u021bi rutina zilnic\u0103 de \u00eengrijire personal\u0103. Perfect potrivit pentru cadouri sau ca r\u0103sf\u0103\u021b personal, acest set \u00eencapsuleaz\u0103 esen\u021ba unei gr\u0103dini de trandafiri s\u0103rutate de soare, oferindu-v\u0103 o experien\u021b\u0103 senzorial\u0103 \u00eenc\u00e2nt\u0103toare.<\/p>\n<h2>\u00cengrijire complet\u0103 cu o not\u0103 de elegan\u021b\u0103<\/h2>\n<p>Apa de parfum Rose De Soleil ofer\u0103 un parfum captivant care persist\u0103 delicat pe tot parcursul zilei. Infuzat cu note florale \u0219i fructate, surprinde c\u0103ldura zilelor \u00eensorite \u0219i briza bl\u00e2nd\u0103. Complet\u00e2nd parfumul, gelul de du\u0219 ofer\u0103 o cur\u0103\u021bare r\u0103coritoare, l\u0103s\u00e2ndu-\u021bi pielea revitalizat\u0103 \u0219i parfumat\u0103. Dup\u0103 du\u0219, r\u0103sf\u0103\u021ba\u021bi-v\u0103 cu lo\u021biunea de corp netezitoare, care v\u0103 hr\u0103ne\u0219te pielea \u00een timp ce v\u0103 \u00eenv\u0103luie \u00een aroma \u00eenc\u00e2nt\u0103toare a Rose De Soleil.<\/p>\n<h2>Cadoul perfect pentru orice ocazie<\/h2>\n<p>Acest set frumos ambalat este un cadou ideal pentru zile de na\u0219tere, anivers\u0103ri sau pur \u0219i simplu pentru a ar\u0103ta cuiva c\u0103 \u00ee\u021bi pas\u0103. Fie c\u0103 este vorba de un prieten special sau de un membru drag al familiei, Setul Cadou Rose De Soleil transmite grij\u0103 \u0219i elegan\u021b\u0103. Nu este doar un cadou; Este o experien\u021b\u0103 complet\u0103 care \u00eembun\u0103t\u0103\u021be\u0219te ritualurile zilnice \u0219i ridic\u0103 spiritele.<\/p>\n<p>\u00cembun\u0103t\u0103\u021be\u0219te-\u021bi colec\u021bia de parfumuri sau surprinde pe cineva special cu acest set cadou \u00eenc\u00e2nt\u0103tor ast\u0103zi!<\/p>","protected":false},"excerpt":{"rendered":"<p>Inspirat din Scandal Jean Paul Gaultier<\/p>","protected":false},"featured_media":1860,"comment_status":"open","ping_status":"closed","template":"","meta":{"om_disable_all_campaigns":false,"_monsterinsights_skip_tracking":false,"_monsterinsights_sitenote_active":false,"_monsterinsights_sitenote_note":"","_monsterinsights_sitenote_category":0},"product_brand":[73],"product_cat":[82],"product_tag":[],"class_list":{"0":"post-1857","1":"product","2":"type-product","3":"status-publish","4":"has-post-thumbnail","6":"product_brand-riiffs","7":"product_cat-set-cadou","9":"first","10":"instock","11":"sale","12":"shipping-taxable","13":"purchasable","14":"product-type-simple"},"aioseo_notices":[],"ct_brands":[{"id":73,"name":"Riiffs","slug":"riiffs"}],"_links":{"self":[{"href":"https:\/\/habibimb.com\/en\/wp-json\/wp\/v2\/product\/1857","targetHints":{"allow":["GET"]}}],"collection":[{"href":"https:\/\/habibimb.com\/en\/wp-json\/wp\/v2\/product"}],"about":[{"href":"https:\/\/habibimb.com\/en\/wp-json\/wp\/v2\/types\/product"}],"replies":[{"embeddable":true,"href":"https:\/\/habibimb.com\/en\/wp-json\/wp\/v2\/comments?post=1857"}],"wp:featuredmedia":[{"embeddable":true,"href":"https:\/\/habibimb.com\/en\/wp-json\/wp\/v2\/media\/1860"}],"wp:attachment":[{"href":"https:\/\/habibimb.com\/en\/wp-json\/wp\/v2\/media?parent=1857"}],"wp:term":[{"taxonomy":"product_brand","embeddable":true,"href":"https:\/\/habibimb.com\/en\/wp-json\/wp\/v2\/product_brand?post=1857"},{"taxonomy":"product_cat","embeddable":true,"href":"https:\/\/habibimb.com\/en\/wp-json\/wp\/v2\/product_cat?post=1857"},{"taxonomy":"product_tag","embeddable":true,"href":"https:\/\/habibimb.com\/en\/wp-json\/wp\/v2\/product_tag?post=1857"}],"curies":[{"name":"wp","href":"https:\/\/api.w.org\/{rel}","templated":true}]}}