{"id":1853,"date":"2025-04-27T06:44:59","date_gmt":"2025-04-27T06:44:59","guid":{"rendered":"https:\/\/habibimb.com\/?post_type=product&#038;p=1853"},"modified":"2025-11-07T08:17:25","modified_gmt":"2025-11-07T08:17:25","slug":"set-cadou-majestic-rose-apa-de-parfum-100mlgel-dus-100mllotiune-de-corp-100mlriffs","status":"publish","type":"product","link":"https:\/\/habibimb.com\/en\/product\/set-cadou-majestic-rose-apa-de-parfum-100mlgel-dus-100mllotiune-de-corp-100mlriffs\/","title":{"rendered":"Set Cadou Majestic Rose +Gel Dus +Lotiune de corp ,Riffs"},"content":{"rendered":"<h2>R\u0103sf\u0103\u021ba\u021bi-v\u0103 cu elegan\u021b\u0103 cu setul nostru cadou Majestic Rose<\/h2>\n<p>Experimenta\u021bi r\u0103sf\u0103\u021bul suprem cu Set Cadou Majestic Rose, un set cadou de lux care cuprinde trei produse magnifice concepute pentru a v\u0103 r\u0103sf\u0103\u021ba pielea \u0219i a v\u0103 ridica sim\u021burile. Aceast\u0103 colec\u021bie elegant\u0103 include o sticl\u0103 de 100 ml de ap\u0103 de parfum Majestic Rose, un gel de du\u0219 de 100 ml \u0219i o lo\u021biune de corp de 100 ml, toate infuzate cu frumuse\u021bea atemporal\u0103 a trandafirului. Perfect pentru a v\u0103 face cadou sau a v\u0103 r\u0103sf\u0103\u021ba, acest set promite o c\u0103l\u0103torie parfumat\u0103 care vorbe\u0219te despre esen\u021ba rafinamentului.<\/p>\n<h2>Transform\u0103-\u021bi ritualul de zi cu zi<\/h2>\n<p>Apa de parfum Majestic Rose ofer\u0103 un parfum floral \u00eenc\u00e2nt\u0103tor care surprinde esen\u021ba trandafirilor \u00eenflori\u021bi. Cu fiecare pulverizare, e\u0219ti transportat \u00eentr-o gr\u0103din\u0103 \u00een plin\u0103 floare, \u00eenv\u0103luindu-te \u00eentr-un parfum delicat, dar de lung\u0103 durat\u0103. \u00cempreun\u0103 cu gelul de du\u0219 catifelant \u0219i lo\u021biunea de corp hr\u0103nitoare, rutina ta zilnic\u0103 devine un ritual luxos, asigur\u00e2ndu-te c\u0103 pielea ta se simte frumos hidratat\u0103 \u0219i u\u0219or parfumat\u0103. Acest set este perfect pentru oricine se bucur\u0103 de lucrurile bune din via\u021b\u0103.<\/p>\n<h2>Cadoul perfect pentru orice ocazie<\/h2>\n<p>D\u0103ruie\u0219te setul Cadou Majestic Rose celor dragi la zile de na\u0219tere, anivers\u0103ri sau orice ocazie care necesit\u0103 o not\u0103 de elegan\u021b\u0103. Setul frumos ambalat nu numai c\u0103 prezint\u0103 o experien\u021b\u0103 de parfum rafinat\u0103, dar adaug\u0103 \u0219i o not\u0103 de lux rutinei lor zilnice de \u00eengrijire personal\u0103. Arat\u0103-i cuiva c\u0103ruia \u00ee\u021bi pas\u0103 un cadou care \u00eentruchipeaz\u0103 dragostea \u0219i frumuse\u021bea, f\u0103c\u00e2nd fiecare moment special \u0219i memorabil.<\/p>","protected":false},"excerpt":{"rendered":"<p>Inspirat din La Vie est Belle Lancome<\/p>","protected":false},"featured_media":1856,"comment_status":"open","ping_status":"closed","template":"","meta":{"om_disable_all_campaigns":false,"_monsterinsights_skip_tracking":false,"_monsterinsights_sitenote_active":false,"_monsterinsights_sitenote_note":"","_monsterinsights_sitenote_category":0},"product_brand":[73],"product_cat":[82],"product_tag":[],"class_list":{"0":"post-1853","1":"product","2":"type-product","3":"status-publish","4":"has-post-thumbnail","6":"product_brand-riiffs","7":"product_cat-set-cadou","9":"first","10":"instock","11":"sale","12":"shipping-taxable","13":"purchasable","14":"product-type-simple"},"aioseo_notices":[],"ct_brands":[{"id":73,"name":"Riiffs","slug":"riiffs"}],"_links":{"self":[{"href":"https:\/\/habibimb.com\/en\/wp-json\/wp\/v2\/product\/1853","targetHints":{"allow":["GET"]}}],"collection":[{"href":"https:\/\/habibimb.com\/en\/wp-json\/wp\/v2\/product"}],"about":[{"href":"https:\/\/habibimb.com\/en\/wp-json\/wp\/v2\/types\/product"}],"replies":[{"embeddable":true,"href":"https:\/\/habibimb.com\/en\/wp-json\/wp\/v2\/comments?post=1853"}],"wp:featuredmedia":[{"embeddable":true,"href":"https:\/\/habibimb.com\/en\/wp-json\/wp\/v2\/media\/1856"}],"wp:attachment":[{"href":"https:\/\/habibimb.com\/en\/wp-json\/wp\/v2\/media?parent=1853"}],"wp:term":[{"taxonomy":"product_brand","embeddable":true,"href":"https:\/\/habibimb.com\/en\/wp-json\/wp\/v2\/product_brand?post=1853"},{"taxonomy":"product_cat","embeddable":true,"href":"https:\/\/habibimb.com\/en\/wp-json\/wp\/v2\/product_cat?post=1853"},{"taxonomy":"product_tag","embeddable":true,"href":"https:\/\/habibimb.com\/en\/wp-json\/wp\/v2\/product_tag?post=1853"}],"curies":[{"name":"wp","href":"https:\/\/api.w.org\/{rel}","templated":true}]}}