{"id":1849,"date":"2025-04-27T06:43:23","date_gmt":"2025-04-27T06:43:23","guid":{"rendered":"https:\/\/habibimb.com\/?post_type=product&#038;p=1849"},"modified":"2025-11-07T08:18:11","modified_gmt":"2025-11-07T08:18:11","slug":"set-cadou-masculin-leather-apa-de-parfum-100mlgel-dus-100mllotiune-de-corp-100mlriffs","status":"publish","type":"product","link":"https:\/\/habibimb.com\/en\/product\/set-cadou-masculin-leather-apa-de-parfum-100mlgel-dus-100mllotiune-de-corp-100mlriffs\/","title":{"rendered":"Set Cadou Masculin Leather +Gel Dus +Lotiune de corp ,Riffs"},"content":{"rendered":"<h2>Experimenta\u021bi parfumul luxos din piele<\/h2>\n<p>V\u0103 prezent\u0103m Setul Cadou Masculin Leather, o combina\u021bie perfect\u0103 de elegan\u021b\u0103 \u0219i rafinament. Acest set cadou rafinat con\u021bine o sticl\u0103 de 100 ml de luxoas\u0103 ap\u0103 de parfum din piele, conceput\u0103 pentru a v\u0103 \u00eenv\u0103lui \u00eentr-un parfum bogat \u0219i puternic, ideal pentru b\u0103rbatul modern. Cu notele sale \u00eendr\u0103zne\u021be, acest parfum nu numai c\u0103 \u00ee\u021bi completeaz\u0103 stilul, ci \u00eel \u00eembun\u0103t\u0103\u021be\u0219te, f\u0103c\u00e2nd o declara\u021bie oriunde te-ai duce.<\/p>\n<h2>Elemente esen\u021biale complete de \u00eengrijire<\/h2>\n<p>Pe l\u00e2ng\u0103 parfumul captivant, acest set cadou include un Gel Dus de 100 ml \u0219i un Lotiune de corp de 100 ml, oferind o experien\u021b\u0103 complet\u0103 de \u00eengrijire. Gelul Dus cur\u0103\u021b\u0103 \u0219i revitalizeaz\u0103 delicat pielea, l\u0103s\u00e2nd-o proasp\u0103t\u0103 \u0219i revigorat\u0103, \u00een timp ce Lotiune de corp hidrateaz\u0103 \u0219i hr\u0103ne\u0219te, asigur\u00e2ndu-se c\u0103 pielea ta r\u0103m\u00e2ne moale \u0219i supl\u0103. \u00cempreun\u0103, aceste produse creeaz\u0103 un ritual armonios de \u00eengrijire care v\u0103 \u00eembun\u0103t\u0103\u021be\u0219te rutina zilnic\u0103.<\/p>\n<h2>Cadoul perfect pentru orice ocazie<\/h2>\n<p>Fie c\u0103 v\u0103 r\u0103sf\u0103\u021ba\u021bi sau c\u0103uta\u021bi cadoul ideal pentru o persoan\u0103 drag\u0103, Set Cadou Masculin Leather este o alegere excep\u021bional\u0103. Ambalajul s\u0103u elegant \u0219i produsele de \u00eenalt\u0103 calitate \u00eel fac potrivit pentru zile de na\u0219tere, anivers\u0103ri sau pur \u0219i simplu pentru c\u0103. Ar\u0103ta\u021bi apreciere pentru cei care conteaz\u0103 cu un cadou care \u00eentruchipeaz\u0103 elegan\u021ba \u0219i rafinamentul.<\/p>\n<p>\u00cembr\u0103\u021bi\u0219eaz\u0103 esen\u021ba masculinit\u0103\u021bii cu pielea masculin\u0103 Set Cadou. Nu este doar un parfum; Este o alegere de stil de via\u021b\u0103 care \u00ee\u021bi define\u0219te persona. \u00cembun\u0103t\u0103\u021be\u0219te-\u021bi jocul de \u00eengrijire \u0219i \u00eenv\u0103lui-te \u00een mirosurile luxoase ale pielii. F\u0103 o declara\u021bie ast\u0103zi!<\/p>","protected":false},"excerpt":{"rendered":"<p>Inspirat din Creed Aventus<\/p>","protected":false},"featured_media":1852,"comment_status":"open","ping_status":"closed","template":"","meta":{"om_disable_all_campaigns":false,"_monsterinsights_skip_tracking":false,"_monsterinsights_sitenote_active":false,"_monsterinsights_sitenote_note":"","_monsterinsights_sitenote_category":0},"product_brand":[73],"product_cat":[82],"product_tag":[],"class_list":{"0":"post-1849","1":"product","2":"type-product","3":"status-publish","4":"has-post-thumbnail","6":"product_brand-riiffs","7":"product_cat-set-cadou","9":"first","10":"instock","11":"sale","12":"shipping-taxable","13":"purchasable","14":"product-type-simple"},"aioseo_notices":[],"ct_brands":[{"id":73,"name":"Riiffs","slug":"riiffs"}],"_links":{"self":[{"href":"https:\/\/habibimb.com\/en\/wp-json\/wp\/v2\/product\/1849","targetHints":{"allow":["GET"]}}],"collection":[{"href":"https:\/\/habibimb.com\/en\/wp-json\/wp\/v2\/product"}],"about":[{"href":"https:\/\/habibimb.com\/en\/wp-json\/wp\/v2\/types\/product"}],"replies":[{"embeddable":true,"href":"https:\/\/habibimb.com\/en\/wp-json\/wp\/v2\/comments?post=1849"}],"wp:featuredmedia":[{"embeddable":true,"href":"https:\/\/habibimb.com\/en\/wp-json\/wp\/v2\/media\/1852"}],"wp:attachment":[{"href":"https:\/\/habibimb.com\/en\/wp-json\/wp\/v2\/media?parent=1849"}],"wp:term":[{"taxonomy":"product_brand","embeddable":true,"href":"https:\/\/habibimb.com\/en\/wp-json\/wp\/v2\/product_brand?post=1849"},{"taxonomy":"product_cat","embeddable":true,"href":"https:\/\/habibimb.com\/en\/wp-json\/wp\/v2\/product_cat?post=1849"},{"taxonomy":"product_tag","embeddable":true,"href":"https:\/\/habibimb.com\/en\/wp-json\/wp\/v2\/product_tag?post=1849"}],"curies":[{"name":"wp","href":"https:\/\/api.w.org\/{rel}","templated":true}]}}