{"id":1844,"date":"2025-04-27T06:39:54","date_gmt":"2025-04-27T06:39:54","guid":{"rendered":"https:\/\/habibimb.com\/?post_type=product&#038;p=1844"},"modified":"2025-11-07T08:18:39","modified_gmt":"2025-11-07T08:18:39","slug":"set-cadou-la-femme-bloom-apa-de-parfum-100mlgel-dus-100mllotiune-de-corp-100mlriffs","status":"publish","type":"product","link":"https:\/\/habibimb.com\/en\/product\/set-cadou-la-femme-bloom-apa-de-parfum-100mlgel-dus-100mllotiune-de-corp-100mlriffs\/","title":{"rendered":"Set Cadou La Femme Bloom +Gel Dus +Lotiune de corp ,Riffs"},"content":{"rendered":"<h2>R\u0103sf\u0103\u021ba\u021bi-v\u0103 cu esen\u021ba elegan\u021bei<\/h2>\n<p>Descoper\u0103 lumea \u00eenc\u00e2nt\u0103toare a La Femme Bloom cu setul nostru cadou frumos organizat, care include apa de parfum rafinat\u0103, gelul de du\u0219 luxos \u0219i lo\u021biunea de corp ultra-hidratant\u0103. Acest set este conceput pentru a v\u0103 ridica rutina zilnic\u0103, oferind un amestec armonios de note florale \u0219i fructate care aduc bucurie \u0219i prospe\u021bime fiec\u0103rui moment. Perfect pentru a v\u0103 face cadou sau a v\u0103 r\u0103sf\u0103\u021ba, acesta \u00eencapsuleaz\u0103 spiritul feminit\u0103\u021bii \u0219i al gra\u021biei.<\/p>\n<h2>Un parfum care captiveaz\u0103<\/h2>\n<p>\u00cen centrul acestui set se afl\u0103 apa de parfum La Femme Bloom (100 ml), un parfum captivant care se deschide cu note de v\u00e2rf de citrice vibrante \u0219i flori delicate. Pe m\u0103sur\u0103 ce evolueaz\u0103, un buchet bogat de iasomie \u0219i bujor este \u00een centrul aten\u021biei, l\u0103s\u00e2nd o impresie de durat\u0103 care vorbe\u0219te despre elegan\u021b\u0103 \u0219i rafinament. Acest parfum nu este doar un parfum, ci o declara\u021bie de farmec, f\u0103c\u00e2ndu-l un plus esen\u021bial pentru colec\u021bia ta de parfumuri.<\/p>\n<h2>Completeaz\u0103-\u021bi experien\u021ba senzorial\u0103<\/h2>\n<p>Setul cadou La Femme Bloom este mai mult dec\u00e2t un simplu parfum. Include un gel de du\u0219 r\u0103coritor (100 ml) care cur\u0103\u021b\u0103 delicat pielea, conferind \u00een acela\u0219i timp o not\u0103 subtil\u0103 de parfum, permi\u021b\u00e2ndu-v\u0103 s\u0103 experimenta\u021bi esen\u021ba La Femme Bloom din momentul \u00een care intra\u021bi la du\u0219. \u00cen completarea acestui lucru este lo\u021biunea de corp de lux (100 ml), care hidrateaz\u0103 \u0219i hr\u0103ne\u0219te pielea, l\u0103s\u00e2nd-o moale \u0219i delicat parfumat\u0103. Fiecare articol \u00eembun\u0103t\u0103\u021be\u0219te sinergic experien\u021ba general\u0103, asigur\u00e2ndu-se c\u0103 starea de spirit a La Femme Bloom persist\u0103 pe tot parcursul zilei.<\/p>\n<p>\u00cembr\u0103\u021bi\u0219eaz\u0103 frumuse\u021bea La Femme Bloom cu acest set cadou atent care celebreaz\u0103 feminitatea la cel mai \u00eenalt nivel. Fie c\u0103 v\u0103 r\u0103sf\u0103\u021ba\u021bi sau surprinde\u021bi pe cineva drag, acest set va fi cu siguran\u021b\u0103 pre\u021buit \u0219i apreciat, f\u0103c\u00e2nd fiecare zi special\u0103.<\/p>","protected":false},"excerpt":{"rendered":"<p>Inspirat din Mon Paris Yves Saint\u00a0Laurent<\/p>","protected":false},"featured_media":1847,"comment_status":"open","ping_status":"closed","template":"","meta":{"om_disable_all_campaigns":false,"_monsterinsights_skip_tracking":false,"_monsterinsights_sitenote_active":false,"_monsterinsights_sitenote_note":"","_monsterinsights_sitenote_category":0},"product_brand":[73],"product_cat":[82],"product_tag":[],"class_list":{"0":"post-1844","1":"product","2":"type-product","3":"status-publish","4":"has-post-thumbnail","6":"product_brand-riiffs","7":"product_cat-set-cadou","9":"first","10":"instock","11":"sale","12":"shipping-taxable","13":"purchasable","14":"product-type-simple"},"aioseo_notices":[],"ct_brands":[{"id":73,"name":"Riiffs","slug":"riiffs"}],"_links":{"self":[{"href":"https:\/\/habibimb.com\/en\/wp-json\/wp\/v2\/product\/1844","targetHints":{"allow":["GET"]}}],"collection":[{"href":"https:\/\/habibimb.com\/en\/wp-json\/wp\/v2\/product"}],"about":[{"href":"https:\/\/habibimb.com\/en\/wp-json\/wp\/v2\/types\/product"}],"replies":[{"embeddable":true,"href":"https:\/\/habibimb.com\/en\/wp-json\/wp\/v2\/comments?post=1844"}],"wp:featuredmedia":[{"embeddable":true,"href":"https:\/\/habibimb.com\/en\/wp-json\/wp\/v2\/media\/1847"}],"wp:attachment":[{"href":"https:\/\/habibimb.com\/en\/wp-json\/wp\/v2\/media?parent=1844"}],"wp:term":[{"taxonomy":"product_brand","embeddable":true,"href":"https:\/\/habibimb.com\/en\/wp-json\/wp\/v2\/product_brand?post=1844"},{"taxonomy":"product_cat","embeddable":true,"href":"https:\/\/habibimb.com\/en\/wp-json\/wp\/v2\/product_cat?post=1844"},{"taxonomy":"product_tag","embeddable":true,"href":"https:\/\/habibimb.com\/en\/wp-json\/wp\/v2\/product_tag?post=1844"}],"curies":[{"name":"wp","href":"https:\/\/api.w.org\/{rel}","templated":true}]}}