{"id":1843,"date":"2025-04-27T06:40:24","date_gmt":"2025-04-27T06:40:24","guid":{"rendered":"https:\/\/habibimb.com\/?post_type=product&#038;p=1843"},"modified":"2025-10-04T05:45:40","modified_gmt":"2025-10-04T05:45:40","slug":"apa-de-parfum-ameer-al-quloob-ard-al-zaafaran-unisex-50ml","status":"publish","type":"product","link":"https:\/\/habibimb.com\/en\/product\/apa-de-parfum-ameer-al-quloob-ard-al-zaafaran-unisex-50ml\/","title":{"rendered":"Ameer Al Quloob, Ard Al Zaafaran, &#8211;"},"content":{"rendered":"<h2>Descoper\u0103 Ameer Al Quloob<\/h2>\n<p>Apa de Parfum Ameer Al Quloob celebreaz\u0103 echilibrul dintre prospe\u021bimea fructelor \u0219i c\u0103ldura notelor lemnoase, oferind o compozi\u021bie modern\u0103 \u0219i versatil\u0103, potrivit\u0103 at\u00e2t pentru b\u0103rba\u021bi, c\u00e2t \u0219i pentru femei.<\/p>\n<h2>Notele de v\u00e2rf \u2013 Fructe luminoase<\/h2>\n<p>Parfumul debuteaz\u0103 cu un trio energizant de mandarin\u0103, portocal\u0103 amar\u0103 \u0219i mere verzi, care confer\u0103 o senza\u021bie clar\u0103 \u0219i revigorant\u0103, preg\u0103tind sim\u021burile pentru evolu\u021bia ulterioar\u0103 :contentReference[oaicite:1]{index=1}.<\/p>\n<h2>Inima condimentat\u0103 \u2013 Complexitate aromatic\u0103<\/h2>\n<p>\u00cen miezul compozi\u021biei, geraniumul floral se \u00eemplete\u0219te cu nuc\u0219oara \u0219i cardamomul u\u0219or condimentat, completate de note acvatice subtile, care adaug\u0103 profunzime \u0219i un caracter rafinat :contentReference[oaicite:2]{index=2}.<\/p>\n<h2>Baza lemnoas\u0103 \u2013 Persisten\u021b\u0103 \u0219i profunzime<\/h2>\n<p>Notele de baz\u0103 \u00eembin\u0103 cedrul uscat, boabele de tonka dulci, vetiverul p\u0103m\u00e2ntiu, lemnul de santal cremos, mu\u0219chiul de stejar \u0219i mosc alb, pentru un finisaj cald, bogat \u0219i de lung\u0103 durat\u0103 :contentReference[oaicite:3]{index=3}.<\/p>\n<h2>Pentru orice moment<\/h2>\n<p>Ameer Al Quloob este ideal at\u00e2t pentru ziua la birou, c\u00e2t \u0219i pentru seri elegante. Versatilitatea sa olfactiv\u0103 \u0219i persisten\u021ba remarcabil\u0103 \u00eel transform\u0103 \u00eentr-o alegere de \u00eencredere pentru fiecare zi.<\/p>","protected":false},"excerpt":{"rendered":"<p>Ameer Al Quloob de la Ard Al Zaafaran este un parfum unisex fresh \u0219i aromatic, care se deschide cu note v\u00e2rf revigorante de mandarin\u0103, portocal\u0103 amar\u0103 \u0219i mere verzi, urmate de o inim\u0103 condimentat\u0103 \u0219i se a\u0219az\u0103 pe o baz\u0103 cald\u0103 lemnoas\u0103 pentru o persisten\u021b\u0103 \u00eendelungat\u0103<\/p>","protected":false},"featured_media":1966,"comment_status":"open","ping_status":"closed","template":"","meta":{"om_disable_all_campaigns":false,"_monsterinsights_skip_tracking":false,"_monsterinsights_sitenote_active":false,"_monsterinsights_sitenote_note":"","_monsterinsights_sitenote_category":0},"product_brand":[64],"product_cat":[62],"product_tag":[],"class_list":{"0":"post-1843","1":"product","2":"type-product","3":"status-publish","4":"has-post-thumbnail","6":"product_brand-ard-al-zaafaran","7":"product_cat-parfumuri-sub-45ron","9":"first","10":"outofstock","11":"shipping-taxable","12":"purchasable","13":"product-type-simple"},"aioseo_notices":[],"ct_brands":[{"id":64,"name":"Ard Al Zaafaran","slug":"ard-al-zaafaran"}],"_links":{"self":[{"href":"https:\/\/habibimb.com\/en\/wp-json\/wp\/v2\/product\/1843","targetHints":{"allow":["GET"]}}],"collection":[{"href":"https:\/\/habibimb.com\/en\/wp-json\/wp\/v2\/product"}],"about":[{"href":"https:\/\/habibimb.com\/en\/wp-json\/wp\/v2\/types\/product"}],"replies":[{"embeddable":true,"href":"https:\/\/habibimb.com\/en\/wp-json\/wp\/v2\/comments?post=1843"}],"wp:featuredmedia":[{"embeddable":true,"href":"https:\/\/habibimb.com\/en\/wp-json\/wp\/v2\/media\/1966"}],"wp:attachment":[{"href":"https:\/\/habibimb.com\/en\/wp-json\/wp\/v2\/media?parent=1843"}],"wp:term":[{"taxonomy":"product_brand","embeddable":true,"href":"https:\/\/habibimb.com\/en\/wp-json\/wp\/v2\/product_brand?post=1843"},{"taxonomy":"product_cat","embeddable":true,"href":"https:\/\/habibimb.com\/en\/wp-json\/wp\/v2\/product_cat?post=1843"},{"taxonomy":"product_tag","embeddable":true,"href":"https:\/\/habibimb.com\/en\/wp-json\/wp\/v2\/product_tag?post=1843"}],"curies":[{"name":"wp","href":"https:\/\/api.w.org\/{rel}","templated":true}]}}