{"id":1838,"date":"2025-04-27T06:38:32","date_gmt":"2025-04-27T06:38:32","guid":{"rendered":"https:\/\/habibimb.com\/?post_type=product&#038;p=1838"},"modified":"2025-05-15T07:31:45","modified_gmt":"2025-05-15T07:31:45","slug":"set-cadou-goodness-oud-apa-de-parfum-100mlgel-dus-100mllotiune-de-corp-100mlriffs","status":"publish","type":"product","link":"https:\/\/habibimb.com\/en\/product\/set-cadou-goodness-oud-apa-de-parfum-100mlgel-dus-100mllotiune-de-corp-100mlriffs\/","title":{"rendered":"Set Cadou Goodness Oud +Gel Dus +Lotiune de corp ,Riffs"},"content":{"rendered":"<h2>Descoper\u0103 esen\u021ba bun\u0103t\u0103\u021bii<\/h2>\n<p>Transform\u0103-\u021bi rutina zilnic\u0103 \u00eentr-un ritual de r\u0103sf\u0103\u021b cu setul cadou Goodness Oud. Acest pachet rafinat include o sticl\u0103 de 100 ml de ap\u0103 de parfum Oud, un gel de du\u0219 de 100 ml \u0219i o lo\u021biune de corp de 100 ml, toate concepute pentru a v\u0103 \u00eenv\u0103lui sim\u021burile \u00eentr-o arom\u0103 cald\u0103 \u0219i primitoare. Perfect pentru a v\u0103 face cadou sau pentru a v\u0103 r\u0103sf\u0103\u021ba, acest set prezint\u0103 echilibrul perfect \u00eentre parfum \u0219i \u00eengrijirea pielii.<\/p>\n<h2>\u00cembun\u0103t\u0103\u021be\u0219te-\u021bi experien\u021ba olfactiv\u0103<\/h2>\n<p>Inima setului cadou Goodness Oud este \u00eenc\u00e2nt\u0103toarea ap\u0103 de parfum Oud. Cu notele sale bogate \u0219i lemnoase, acest parfum ofer\u0103 un parfum luxos care persist\u0103 pe tot parcursul zilei. Amestecul sofisticat ofer\u0103 o armonie perfect\u0103 de nuan\u021be p\u0103m\u00e2ntii \u0219i note de v\u00e2rf r\u0103coritoare, f\u0103c\u00e2ndu-l un parfum ideal pentru orice ocazie. Indiferent dac\u0103 merge\u021bi la serviciu sau v\u0103 bucura\u021bi de o noapte \u00een ora\u0219, acest parfum v\u0103 va spori prezen\u021ba cu aroma sa captivant\u0103.<\/p>\n<h2>Completeaz\u0103-\u021bi regimul de \u00eengrijire a pielii<\/h2>\n<p>\u00cen completarea parfumului uimitor sunt gelul de du\u0219 hr\u0103nitor \u0219i lo\u021biunea de corp. Gelul de du\u0219 de 100 ml cur\u0103\u021b\u0103 delicat pielea \u00een timp ce te \u00eenv\u0103luie \u00een mirosul subtil de Oud, f\u0103c\u00e2nd din fiecare du\u0219 o experien\u021b\u0103 de lux. Dup\u0103 cur\u0103\u021bare, lo\u021biunea de corp de 100 ml hidrateaz\u0103 \u0219i catifeleaz\u0103 pielea, l\u0103s\u00e2nd-o neted\u0103 \u0219i delicat parfumat\u0103. Acest set cadou v\u0103 asigur\u0103 nu numai c\u0103 mirosi\u021bi uimitor, ci \u0219i c\u0103 v\u0103 sim\u021bi\u021bi revigorat \u0219i \u00eentinerit din cap p\u00e2n\u0103 \u00een picioare.<\/p>\n<p>R\u0103sf\u0103\u021ba\u021bi-v\u0103 cu setul cadou Goodness Oud \u0219i experimenta\u021bi amestecul armonios de parfum \u0219i \u00eengrijire a pielii. Cu acest trio de r\u0103sf\u0103\u021b, r\u0103sf\u0103\u021ba\u021bi-v\u0103 sau surprinde\u021bi o persoan\u0103 drag\u0103 cu un cadou care semnific\u0103 lux \u0219i grij\u0103. Face\u021bi din fiecare zi o ocazie special\u0103 cu bog\u0103\u021bia Oudului, surprins\u0103 \u00een acest set frumos.<\/p>","protected":false},"excerpt":{"rendered":"<p>Descoper\u0103 esen\u021ba bun\u0103t\u0103\u021bii Transform\u0103-\u021bi rutina zilnic\u0103 \u00eentr-un ritual de r\u0103sf\u0103\u021b cu setul cadou Goodness Oud. Acest pachet rafinat include o sticl\u0103 de 100 ml de ap\u0103 de parfum Oud, un gel de du\u0219 de 100 ml \u0219i o lo\u021biune de corp de 100 ml, toate concepute pentru a v\u0103 \u00eenv\u0103lui sim\u021burile \u00eentr-o arom\u0103 cald\u0103 \u0219i [&hellip;]<\/p>","protected":false},"featured_media":1842,"comment_status":"open","ping_status":"closed","template":"","meta":{"om_disable_all_campaigns":false,"_monsterinsights_skip_tracking":false,"_monsterinsights_sitenote_active":false,"_monsterinsights_sitenote_note":"","_monsterinsights_sitenote_category":0},"product_brand":[],"product_cat":[82],"product_tag":[],"class_list":{"0":"post-1838","1":"product","2":"type-product","3":"status-publish","4":"has-post-thumbnail","6":"product_cat-set-cadou","8":"first","9":"instock","10":"shipping-taxable","11":"purchasable","12":"product-type-simple"},"aioseo_notices":[],"ct_brands":[],"_links":{"self":[{"href":"https:\/\/habibimb.com\/en\/wp-json\/wp\/v2\/product\/1838","targetHints":{"allow":["GET"]}}],"collection":[{"href":"https:\/\/habibimb.com\/en\/wp-json\/wp\/v2\/product"}],"about":[{"href":"https:\/\/habibimb.com\/en\/wp-json\/wp\/v2\/types\/product"}],"replies":[{"embeddable":true,"href":"https:\/\/habibimb.com\/en\/wp-json\/wp\/v2\/comments?post=1838"}],"wp:featuredmedia":[{"embeddable":true,"href":"https:\/\/habibimb.com\/en\/wp-json\/wp\/v2\/media\/1842"}],"wp:attachment":[{"href":"https:\/\/habibimb.com\/en\/wp-json\/wp\/v2\/media?parent=1838"}],"wp:term":[{"taxonomy":"product_brand","embeddable":true,"href":"https:\/\/habibimb.com\/en\/wp-json\/wp\/v2\/product_brand?post=1838"},{"taxonomy":"product_cat","embeddable":true,"href":"https:\/\/habibimb.com\/en\/wp-json\/wp\/v2\/product_cat?post=1838"},{"taxonomy":"product_tag","embeddable":true,"href":"https:\/\/habibimb.com\/en\/wp-json\/wp\/v2\/product_tag?post=1838"}],"curies":[{"name":"wp","href":"https:\/\/api.w.org\/{rel}","templated":true}]}}